{"id":97,"date":"2023-04-11T18:24:01","date_gmt":"2023-04-11T16:24:01","guid":{"rendered":"https:\/\/ambasciatapraga.esteri.it\/?page_id=97"},"modified":"2024-10-17T16:23:38","modified_gmt":"2024-10-17T14:23:38","slug":"fare-affari-in-italia","status":"publish","type":"page","link":"https:\/\/ambsarajevo.esteri.it\/it\/italia-e-bosnia-erzegovina\/diplomazia-economica\/fare-affari-in-italia\/","title":{"rendered":"Fare affari in Italia"},"content":{"rendered":"<p style=\"text-align: justify;\">L\u2019economia italiana ha dimostrato una straordinaria resilienza alla crisi economica, ritornando a livelli pre-pandemici di produzione gi\u00e0 alla fine del 2021, e, sulla base di un\u2019ambiziosa agenda di riforme strutturali avviata dal Governo, punta a divenire un Paese sempre pi\u00f9 attraente per gli investimenti esteri. L\u2019Italia \u00e8 l\u2019ottava economia al mondo e il secondo Paese manifatturiero in Europa, con un PIL nel 2022 pari a 1.909.154 milioni di euro. L\u2019Italia dispone di un know-how unico in moltissimi settori di punta, quali l\u2019<em>automotive<\/em>, la moda, il design e l\u2019agroalimentare, ed \u00e8 all\u2019avanguardia in molte branche della scienza, quali le neuroscienze, la robotica, l\u2019archeologia high-tech.<\/p>\n<p style=\"text-align: justify;\">Il volume delle esportazioni della Bosnia Erzegovina verso l\u2019Italia ha raggiunto un valore pari a 1,02 miliardi di euro nel 2022, in crescita rispetto agli 822 milioni registrati alla fine del 2021. Tale aumento \u00e8 in linea con la tendenza di pi\u00f9 lungo periodo che vede una crescita delle esportazioni della Bosnia Erzegovina verso l\u2019estero che continua dal 2010 &#8211; con l\u2019eccezione della flessione osservata nel 2020 in corrispondenza dello scoppio della crisi pandemica.<\/p>\n<p style=\"text-align: justify;\">Il flusso di investimenti diretti esteri netti della Bosnia Erzegovina in Italia nel 2021, anno a cui si riferiscono gli ultimi dati definitivi disponibili, ammonta secondo i dati della Banca d\u2019Italia a 1 milione di euro. Considerando lo stock di IDE degli ultimi dieci anni, dopo la flessione che ha seguito il picco del 2015, a partire dal 2018 si osserva un nuovo aumento, che ha raggiunto nel 2021 gli 8 milioni di euro. L\u2019attivit\u00e0 normativa dell\u2019Italia in questi ultimi anni si \u00e8 concentrata molto sul miglioramento del rapporto fisco-contribuente e sulla semplificazione degli adempimenti fiscali. Per accrescere l\u2019attrattivit\u00e0 del nostro Paese nei confronti degli investitori sono stati, inoltre, introdotti nuovi strumenti di <em>tax compliance<\/em> e <a href=\"https:\/\/www.ice.it\/en\/invest\/investment-incentives\">incentivi fiscali<\/a>, grazie in particolare all\u2019adozione del <a href=\"https:\/\/www.ice.it\/en\/invest\/italia-domani-nrrp-0\">Piano Nazionale di Ripresa e Resilienza (PNRR)<\/a>.<\/p>\n<p style=\"text-align: justify;\">Situata nel cuore del Mediterraneo, l\u2019Italia \u00e8 uno snodo cruciale per i collegamenti stradali, marittimi ed aerei tra l\u2019Europa e la regione del Medio Oriente e Nord Africa (MENA). Grazie alla sua ubicazione strategica, l&#8217;Italia rappresenta una porta d&#8217;accesso privilegiata al mercato europeo e ai suoi 500 milioni di abitanti, nonch\u00e9 un&#8217;importante via di collegamento tra l&#8217;Europa meridionale e l\u2019Europa Centro-Orientale.<\/p>\n<p style=\"text-align: justify;\">Da circa un trentennio l&#8217;Italia \u00e8 la seconda economia manifatturiera in Europa e tra le prime dieci a livello internazionale. Le imprese che investono in Italia possono contare su una fitta rete di PMI e distretti industriali presenti su tutto il territorio nazionale e ben collocati nelle filiere internazionali. Ricerca e innovazione sono ampiamente integrate nei processi industriali, con punte di riconosciuta eccellenza in differenti settori delle scienze della vita (<em>in primis<\/em> le neuroscienze), fisica e ingegneria (ad esempio la robotica), scienze sociali e discipline umanistiche.\u00a0Il sistema universitario in Italia ha radici antiche, \u00e8 dinamico e di ottima qualit\u00e0 e a fronte di una preparazione accademica elevata, il costo del lavoro \u00e8 relativamente conveniente rispetto ad altri paesi dell&#8217;Eurozona.<\/p>\n<p style=\"text-align: justify;\">Il portale <a href=\"https:\/\/www.ice.it\/en\/invest\/invest-italy\">Invest in Italy<\/a> dell\u2019Agenzia ICE fornisce informazioni pratiche su come aprire un\u2019impresa, assumere personale e richiedere incentivi. Vi \u00e8, inoltre, un portale specifico dedicato alle politiche di sostegno agli investimenti nel settore immobiliare (<a href=\"https:\/\/www.investinitalyrealestate.com\/en\/\">Invest in Italy Real Estate<\/a>).<\/p>\n<p style=\"text-align: justify;\">Alle imprese estere che vogliono avviare o espandere un\u2019attivit\u00e0 nel nostro Paese, l\u2019agenzia <a href=\"https:\/\/www.invitalia.it\/\"><strong>Invitalia<\/strong><\/a> mette a disposizione un\u2019articolata offerta di servizi di informazione e di accompagnamento, dalla fase preliminare al post-insediamento.<\/p>\n<p style=\"text-align: justify;\">Infine, \u00e8 stato istituito con d.l. 133\/2014 (c.d. Decreto Sblocca Italia &#8211; art. 30) il <a href=\"https:\/\/www.mimit.gov.it\/it\/caie\"><strong>Comitato Attrazione Investimenti Esteri<\/strong><\/a> (CAIE) presieduto dal Ministero delle Imprese e del Made in Italy e composto da rappresentanti del Ministero degli Affari Esteri e della Cooperazione Internazionale, del Ministero dell&#8217;Economia e Finanze e della Conferenza delle Regioni e delle Province autonome. Il CAIE svolge la duplice funzione di formulare proposte per migliorare l\u2019attrattivit\u00e0 del Paese e il clima per gli investimenti e di seguire specifici progetti di investimento esteri con un impatto particolarmente elevato.<\/p>\n","protected":false},"excerpt":{"rendered":"L\u2019economia italiana ha dimostrato una straordinaria resilienza alla crisi economica, ritornando a livelli pre-pandemici di produzione gi\u00e0 alla fine del 2021, e, sulla base di un\u2019ambiziosa agenda di riforme strutturali avviata dal Governo, punta a divenire un Paese sempre pi\u00f9 attraente per gli investimenti esteri. L\u2019Italia \u00e8 l\u2019ottava economia al mondo e il secondo Paese [&hellip;]","protected":false},"author":1,"featured_media":0,"parent":43,"menu_order":1,"comment_status":"closed","ping_status":"closed","template":"","meta":{"footnotes":""},"class_list":["post-97","page","type-page","status-publish","hentry"],"_links":{"self":[{"href":"https:\/\/ambsarajevo.esteri.it\/it\/wp-json\/wp\/v2\/pages\/97","targetHints":{"allow":["GET"]}}],"collection":[{"href":"https:\/\/ambsarajevo.esteri.it\/it\/wp-json\/wp\/v2\/pages"}],"about":[{"href":"https:\/\/ambsarajevo.esteri.it\/it\/wp-json\/wp\/v2\/types\/page"}],"author":[{"embeddable":true,"href":"https:\/\/ambsarajevo.esteri.it\/it\/wp-json\/wp\/v2\/users\/1"}],"replies":[{"embeddable":true,"href":"https:\/\/ambsarajevo.esteri.it\/it\/wp-json\/wp\/v2\/comments?post=97"}],"version-history":[{"count":1,"href":"https:\/\/ambsarajevo.esteri.it\/it\/wp-json\/wp\/v2\/pages\/97\/revisions"}],"predecessor-version":[{"id":4697,"href":"https:\/\/ambsarajevo.esteri.it\/it\/wp-json\/wp\/v2\/pages\/97\/revisions\/4697"}],"up":[{"embeddable":true,"href":"https:\/\/ambsarajevo.esteri.it\/it\/wp-json\/wp\/v2\/pages\/43"}],"wp:attachment":[{"href":"https:\/\/ambsarajevo.esteri.it\/it\/wp-json\/wp\/v2\/media?parent=97"}],"curies":[{"name":"wp","href":"https:\/\/api.w.org\/{rel}","templated":true}]}}