{"id":95,"date":"2023-04-11T18:23:52","date_gmt":"2023-04-11T16:23:52","guid":{"rendered":"https:\/\/ambasciatapraga.esteri.it\/?page_id=95"},"modified":"2024-10-18T10:27:38","modified_gmt":"2024-10-18T08:27:38","slug":"fare-affari-in-bosnia-erzegovina","status":"publish","type":"page","link":"https:\/\/ambsarajevo.esteri.it\/it\/italia-e-bosnia-erzegovina\/diplomazia-economica\/fare-affari-in-bosnia-erzegovina\/","title":{"rendered":"Fare affari in Bosnia Erzegovina"},"content":{"rendered":"<div>\n<p style=\"text-align: justify;\">Le imprese italiane presenti sul territorio scelgono la Bosnia Erzegovina per diversi vantaggi che essa offre. Prima tra tutti la stabilit\u00e0 finanziaria e monetaria del Paese, assicurata dal <em>currency board<\/em>. Il sistema bancario, basato su standard e principi internazionali, \u00e8 uno dei settori pi\u00f9 organizzati e sviluppati del Paese; su 23 banche commerciali, 15 sono di propriet\u00e0 straniera.<\/p>\n<p style=\"text-align: justify;\">Altre caratteristiche che rendono la Bosnia Erzegovina particolarmente attrattiva per le imprese italiane sono la favorevole posizione geografica, vicina ai mercati centro-europei, l\u2019accesso ad una platea di consumatori molto ampia grazie alla partecipazione a diversi accordi di libero scambio (CEFTA, EFTA e accordo di libero scambio con la Turchia) e scambi preferenziali e allo stesso tempo accesso a manodopera qualificata, ma a basso costo. Altri vantaggi che il mercato bosniaco-erzegovese offre riguardano il regime fiscale favorevole con bassa tassazione \u2013 l\u2019aliquota dell\u2019Imposta sul valore aggiunto (IVA) \u00e8 unica ed \u00e8 pari al 17% \u2013 e la possibilit\u00e0 di istituire \u201czone franche\u201d, dove \u00e8 prevista la totale esenzione da dazi e dall\u2019IVA per merci e attrezzature utilizzate nella produzione, la non applicazione di restrizioni e misure temporanee introdotte con la legge statale e l\u2019esenzione fiscale, ad eccezione della tassazione sul lavoro e contribuzione sociale. La Legge sulla politica degli Investimenti diretti esteri in Bosnia Erzegovina garantisce agli investitori stranieri lo stesso trattamento degli investitori locali. Infine, il territorio bosniaco-erzegovese offre energia a basso costo \u2013 grazie all\u2019abbondanza di carbone e di energia idroelettrica \u2013 e disponibilit\u00e0 di risorse naturali.<\/p>\n<p style=\"text-align: justify;\">Tra i settori che tradizionalmente trainano l\u2019economica locale figurano legno (il paese \u00e8 caratterizzata da un territorio prevalentemente montuoso e collinare, coperto per il 53% da foreste), metalmeccanico e <em>automotive<\/em>, tessile, calzaturiero e agroalimentare. Trasversalmente a questi settori la Bosnia Erzegovina ha intrapreso un processo di modernizzazione degli impianti produttivi che apre un\u2019ampia gamma di possibilit\u00e0 per le imprese esportatrici di macchinari e alta tecnologia. Queste opportunit\u00e0 trovano spazio in un contesto caratterizzato da un\u2019esperienza pluridecennale in tali ambiti, da una solida reputazione come affidabili fornitori di mercati europei, come quello tedesco o lo stesso mercato italiano, e dalla disponibilit\u00e0 di risorse sottoutilizzate (secondo la FIPA, una buona parte dei terreni agricoli rimane incolta). Questi settori corrispondono, inoltre, a tradizionali ambiti di punta della produzione del <em>Made in Italy<\/em>.<\/p>\n<p style=\"text-align: justify;\">Promettenti prospettive si stanno invece sviluppando nei settori dell\u2019energia, in particolare in relazione ai processi di decarbonizzazione e di transizione energetica, ambiente, sviluppo delle nuove tecnologie digitali e sanit\u00e0 e settore biomedicale. Queste opportunit\u00e0 si collocano, in particolare, nell\u2019ambito dei piani di potenziamento delle infrastrutture energetiche e viarie, dei sostegni al settore energetico e alla transizione verde offerti dall\u2019UE e dei processi di privatizzazione di vari comparti del settore terziario e dell\u2019agroalimentare.<\/p>\n<p style=\"text-align: justify;\">Le specifiche caratteristiche del territorio bosniaco-erzegovese offrono opportunit\u00e0 anche in due settori di nicchia, quali quello della lavorazione della flora officinale autoctona e quello della produzione e lavorazione di piccoli frutti, come i lamponi.<\/p>\n<p style=\"text-align: justify;\">Nel 2021 si \u00e8 costituita l\u2019<strong>Associazione delle imprese italiane in Bosnia Erzegovina <\/strong>(AIIBH), sodalizio basato su un modello camerale, tra i cui obiettivi figurano quello di promuovere scambi e contatti tra le imprese italiane presenti sul territorio bosniaco-erzegovese e quello di favorirne la cooperazione con le autorit\u00e0 locali.<\/p>\n<p style=\"text-align: justify;\">\n<p style=\"text-align: justify;\">A partire dal 2023, Cassa Depositi e Prestiti (CDP) e SIMEST hanno aperto propri uffici a Belgrado, con competenza anche per la Bosnia Erzegovina, mettendo a disposizione numerosi strumenti a sostegno delle imprese italiane.<\/p>\n<p style=\"text-align: justify;\">LINK UTILI<\/p>\n<p style=\"text-align: justify;\">Piano di crescita dell\u2019UE per i Balcani occidentali: <a href=\"https:\/\/neighbourhood-enlargement.ec.europa.eu\/enlargement-policy\/new-growth-plan-western-balkans_en\">https:\/\/neighbourhood-enlargement.ec.europa.eu\/enlargement-policy\/new-growth-plan-western-balkans_en<\/a><\/p>\n<p style=\"text-align: justify;\">Processo di Berlino: <a href=\"https:\/\/www.berlinprocess.de\/\">https:\/\/www.berlinprocess.de\/<\/a><\/p>\n<p style=\"text-align: left;\">Mercato Regionale Comune: <a href=\"https:\/\/neighbourhood-enlargement.ec.europa.eu\/enlargement-policy\/policy-highlights\/common-regional-market_en\">https:\/\/neighbourhood-enlargement.ec.europa.eu\/enlargement-policy\/policy-highlights\/common-regional-market_en<\/a><\/p>\n<p style=\"text-align: justify;\">\n<\/div>\n","protected":false},"excerpt":{"rendered":"Le imprese italiane presenti sul territorio scelgono la Bosnia Erzegovina per diversi vantaggi che essa offre. Prima tra tutti la stabilit\u00e0 finanziaria e monetaria del Paese, assicurata dal currency board. Il sistema bancario, basato su standard e principi internazionali, \u00e8 uno dei settori pi\u00f9 organizzati e sviluppati del Paese; su 23 banche commerciali, 15 sono [&hellip;]","protected":false},"author":1,"featured_media":0,"parent":43,"menu_order":0,"comment_status":"closed","ping_status":"closed","template":"","meta":{"footnotes":""},"class_list":["post-95","page","type-page","status-publish","hentry"],"_links":{"self":[{"href":"https:\/\/ambsarajevo.esteri.it\/it\/wp-json\/wp\/v2\/pages\/95","targetHints":{"allow":["GET"]}}],"collection":[{"href":"https:\/\/ambsarajevo.esteri.it\/it\/wp-json\/wp\/v2\/pages"}],"about":[{"href":"https:\/\/ambsarajevo.esteri.it\/it\/wp-json\/wp\/v2\/types\/page"}],"author":[{"embeddable":true,"href":"https:\/\/ambsarajevo.esteri.it\/it\/wp-json\/wp\/v2\/users\/1"}],"replies":[{"embeddable":true,"href":"https:\/\/ambsarajevo.esteri.it\/it\/wp-json\/wp\/v2\/comments?post=95"}],"version-history":[{"count":1,"href":"https:\/\/ambsarajevo.esteri.it\/it\/wp-json\/wp\/v2\/pages\/95\/revisions"}],"predecessor-version":[{"id":4743,"href":"https:\/\/ambsarajevo.esteri.it\/it\/wp-json\/wp\/v2\/pages\/95\/revisions\/4743"}],"up":[{"embeddable":true,"href":"https:\/\/ambsarajevo.esteri.it\/it\/wp-json\/wp\/v2\/pages\/43"}],"wp:attachment":[{"href":"https:\/\/ambsarajevo.esteri.it\/it\/wp-json\/wp\/v2\/media?parent=95"}],"curies":[{"name":"wp","href":"https:\/\/api.w.org\/{rel}","templated":true}]}}