{"id":89,"date":"2023-04-11T18:22:07","date_gmt":"2023-04-11T16:22:07","guid":{"rendered":"https:\/\/ambasciatapraga.esteri.it\/?page_id=89"},"modified":"2024-11-05T16:13:48","modified_gmt":"2024-11-05T14:13:48","slug":"visti","status":"publish","type":"page","link":"https:\/\/ambsarajevo.esteri.it\/it\/servizi-consolari-e-visti\/servizi-per-il-cittadino-straniero\/visti\/","title":{"rendered":"Visti"},"content":{"rendered":"<p><strong>Per chi si reca in Italia<\/strong><\/p>\n<p>Per prendere visione dell\u2019elenco dei Paesi destinatari degli accordi comunitari sulla liberalizzazione dei visti Schengen e le FAQs relative, si consiglia di consultare l\u2019apposita\u00a0<a href=\"https:\/\/home-affairs.ec.europa.eu\/policies\/schengen-borders-and-visa\/visa-policy_en\" target=\"_blank\" rel=\"noopener\">pagina della\u00a0<strong>Commissione europea<\/strong><\/a>.<\/p>\n<p>Collegandosi alla pagina\u00a0<a href=\"https:\/\/vistoperitalia.esteri.it\/home.aspx\" target=\"_blank\" rel=\"noopener\"><strong>vistoperitalia<\/strong><\/a>\u00a0del Ministero degli Affari esteri e della Cooperazione Internazionale\u00a0\u00e8 possibile conoscere i requisiti e le condizioni previste per il rilascio di ciascuna tipologia di visto.<\/p>\n<p>I candidati devono sempre presentarsi di persona. Tutti i documenti devono essere stampati e presentati in originale pi\u00f9 una fotocopia, ove richiesto. Questo ufficio non effettua fotocopie.<\/p>\n<p>Questa amministrazione consolare ha piena facolt\u00e0 di valutare e richiedere ulteriore documentazione, se ritenuta necessaria, oltre a quanto presentato.<\/p>\n<p>Si informa inoltre il richiedente che la presentazione di tutta la documentazione\u00a0obbligatoria non garantisce il rilascio del visto.<\/p>\n<p><strong><br \/>\nOrario di apertura al pubblico<\/strong> dell\u2019Ambasciata d\u2019Italia a Sarajevo<br \/>\n(accesso dal retro dell\u2019Ambasciata &#8211; Rizaha \u0160teti\u0107a 4-6)<\/p>\n<p>luned\u00ec, mercoled\u00ec e venerd\u00ec: dalle 9.00 alle 12.00<br \/>\n<strong><u><br \/>\nInformazioni telefoniche:<br \/>\n<\/u><\/strong>dal luned\u00ec al venerd\u00ec: dalle 12.00 alle 13.00<br \/>\nTel. (Centralino) +387 33 565 450<br \/>\nE-mail (Sezione Visti):\u00a0<a href=\"mailto:visti.ambsarajevo@esteri.it\">visti.ambsarajevo@esteri.it<\/a><\/p>\n<p><strong><u>Prenota on-line<br \/>\n<\/u><\/strong>registrandosi al portale\u00a0Prenot@Mi, disponibile all\u2019indirizzo\u00a0<a href=\"https:\/\/prenotami.esteri.it\/\">https:\/\/prenotami.esteri.it<\/a>, sar\u00e0 possibile prenotare un appuntamento per usufruire dei servizi Visti dell\u2019Ambasciata d\u2019Italia a Sarajevo.<\/p>\n<p>Per le istruzioni sull\u2019utilizzo del portale, \u00e8 possibile consultare il manuale utente disponibile su\u00a0<a href=\"https:\/\/prenotami.esteri.it\/\">https:\/\/prenotami.esteri.it<\/a>\u00a0o contattare via mail l\u2019Ufficio Consolare scrivendo a: <a href=\"mailto:visti.ambsarajevo@esteri.it\">visti.ambsarajevo@esteri.it<\/a><\/p>\n<p>&nbsp;<\/p>\n<p><strong>Moduli per la Domanda di Visto:<br \/>\n<\/strong><\/p>\n<ul>\n<li><a href=\"https:\/\/ambsarajevo.esteri.it\/wp-content\/uploads\/2024\/11\/Formulario-richiesta-visto-Schengen-IT-BIH.pdf\"><strong>Formulario richiesta visto Schengen<\/strong>\u00a0<strong>(ITA\/BHS)<\/strong><\/a>\u00a0(durata fino a 90 giorni)<\/li>\n<li><a href=\"https:\/\/ambsarajevo.esteri.it\/wp-content\/uploads\/2023\/07\/modulo_visto_nazionale_d.pdf\"><strong>Formulario richiesta visto nazionale (ITA\/BHS)<\/strong><\/a>\u00a0(durata oltre i 90 giorni)<\/li>\n<li><a href=\"https:\/\/ambsarajevo.esteri.it\/wp-content\/uploads\/2024\/11\/Dichiarazione-di-ospitalita.pdf\" target=\"_blank\" rel=\"noopener\"><strong>Dichiarazione di ospitalit\u00e0 (ITA)<\/strong><\/a><\/li>\n<li><a href=\"https:\/\/ambsarajevo.esteri.it\/wp-content\/uploads\/2024\/11\/Lettera-di-invito-per-affari.pdf\" target=\"_blank\" rel=\"noopener\"><strong>Lettera di invito per affari (ITA)<\/strong><\/a><\/li>\n<li><strong><a href=\"https:\/\/ambsarajevo.esteri.it\/wp-content\/uploads\/2024\/11\/Requisiti-visti-nomadi-digitali-e-lavoratori-da-remoto-ITA.pdf\">Requisiti visti nomadi digitali e lavoratori da remoto (ITA)<\/a><\/strong><\/li>\n<li><strong><a href=\"https:\/\/ambsarajevo.esteri.it\/wp-content\/uploads\/2024\/11\/Requisiti-visti-affari.pdf\">Affari<\/a><\/strong><\/li>\n<li><strong><a href=\"https:\/\/ambsarajevo.esteri.it\/wp-content\/uploads\/2024\/11\/Requisiti-visti-lavoro-subordinato.pdf\">Lavoro subordinato<\/a><\/strong><\/li>\n<li><strong><a href=\"https:\/\/ambsarajevo.esteri.it\/wp-content\/uploads\/2024\/11\/Requisiti-visti-studio.pdf\">Studio<\/a><\/strong><\/li>\n<li><strong><a href=\"https:\/\/ambsarajevo.esteri.it\/wp-content\/uploads\/2024\/11\/Requisiti-visti-per-turismo.pdf\">Turismo<\/a><\/strong><\/li>\n<\/ul>\n<p>&nbsp;<\/p>\n<p><strong><a href=\"https:\/\/ambsarajevo.esteri.it\/wp-content\/uploads\/2024\/11\/Tariffe-Visti.pdf\">TARIFFE VISTI<\/a><\/strong><\/p>\n<p><strong>Informativa sulla protezione delle persone fisiche con riguardo al trattamento dei dati personali ai fini del rilascio di un visto d&#8217;ingresso in Italia e nell&#8217;area Schengen (<a href=\"https:\/\/ambsarajevo.esteri.it\/wp-content\/uploads\/2024\/11\/Informativa-protezione-persone-fisiche-trattamento-dati-personali.pdf\">ITA<\/a>)<\/strong><\/p>\n","protected":false},"excerpt":{"rendered":"Per chi si reca in Italia Per prendere visione dell\u2019elenco dei Paesi destinatari degli accordi comunitari sulla liberalizzazione dei visti Schengen e le FAQs relative, si consiglia di consultare l\u2019apposita\u00a0pagina della\u00a0Commissione europea. Collegandosi alla pagina\u00a0vistoperitalia\u00a0del Ministero degli Affari esteri e della Cooperazione Internazionale\u00a0\u00e8 possibile conoscere i requisiti e le condizioni previste per il rilascio di [&hellip;]","protected":false},"author":1,"featured_media":0,"parent":48,"menu_order":0,"comment_status":"closed","ping_status":"closed","template":"","meta":{"footnotes":""},"class_list":["post-89","page","type-page","status-publish","hentry"],"_links":{"self":[{"href":"https:\/\/ambsarajevo.esteri.it\/it\/wp-json\/wp\/v2\/pages\/89","targetHints":{"allow":["GET"]}}],"collection":[{"href":"https:\/\/ambsarajevo.esteri.it\/it\/wp-json\/wp\/v2\/pages"}],"about":[{"href":"https:\/\/ambsarajevo.esteri.it\/it\/wp-json\/wp\/v2\/types\/page"}],"author":[{"embeddable":true,"href":"https:\/\/ambsarajevo.esteri.it\/it\/wp-json\/wp\/v2\/users\/1"}],"replies":[{"embeddable":true,"href":"https:\/\/ambsarajevo.esteri.it\/it\/wp-json\/wp\/v2\/comments?post=89"}],"version-history":[{"count":6,"href":"https:\/\/ambsarajevo.esteri.it\/it\/wp-json\/wp\/v2\/pages\/89\/revisions"}],"predecessor-version":[{"id":5077,"href":"https:\/\/ambsarajevo.esteri.it\/it\/wp-json\/wp\/v2\/pages\/89\/revisions\/5077"}],"up":[{"embeddable":true,"href":"https:\/\/ambsarajevo.esteri.it\/it\/wp-json\/wp\/v2\/pages\/48"}],"wp:attachment":[{"href":"https:\/\/ambsarajevo.esteri.it\/it\/wp-json\/wp\/v2\/media?parent=89"}],"curies":[{"name":"wp","href":"https:\/\/api.w.org\/{rel}","templated":true}]}}