{"id":74,"date":"2023-04-11T18:20:09","date_gmt":"2023-04-11T16:20:09","guid":{"rendered":"https:\/\/ambasciatapraga.esteri.it\/?page_id=74"},"modified":"2025-03-10T16:57:29","modified_gmt":"2025-03-10T14:57:29","slug":"autoveicoli-e-patenti-di-guida","status":"publish","type":"page","link":"https:\/\/ambsarajevo.esteri.it\/it\/servizi-consolari-e-visti\/servizi-per-il-cittadino-italiano\/autoveicoli-e-patenti-di-guida\/","title":{"rendered":"Autoveicoli e Patenti di guida"},"content":{"rendered":"<p><strong>AUTOVEICOLI<\/strong><\/p>\n<p><a href=\"https:\/\/ambsarajevo.esteri.it\/wp-content\/uploads\/2023\/08\/SKM_C224e23080315500.pdf\" target=\"_blank\" rel=\"noopener\">AVVISO<\/a><\/p>\n<p>Per esportare definitivamente un veicolo all&#8217;estero dal 1 gennaio 2020 si dovr\u00e0 prima richiedere la radiazione del veicolo dal Pubblico Registro Automobilistico (PRA), in modo da consentire il controllo dell&#8217;avvenuta revisione nei tempi stabiliti dalla legge.<\/p>\n<p>Una volta effettuata la radiazione, il veicolo cancellato potr\u00e0 circolare per raggiungere i transiti di confine per l&#8217;esportazione solo se munito del foglio di via e della targa provvisoria.<\/p>\n<p>Per richiedere la cancellazione dal PRA di veicoli esportati a partire dal 1 gennaio 2020 i cittadini italiani non potranno pi\u00f9 rivolgersi agli Uffici consolari presenti nel Paese in cui esportano definitivamente il veicolo.<\/p>\n<p>Le richieste di radiazione di veicoli esportati entro il 31 dicembre 2019 continuano ad essere accettate dagli Uffici consolari secondo la normativa vigente fino a quella data.<\/p>\n<p>Ulteriori informazioni sono disponibili sul sito <a href=\"http:\/\/www.aci.it\" target=\"_blank\" rel=\"noopener\">www.aci.it<\/a><\/p>\n<p>&nbsp;<\/p>\n<p><strong>PATENTI DI GUIDA<\/strong><\/p>\n<p>Si comunica che a partire dal <strong>17 marzo 2025<\/strong>, data di entrata in vigore dell\u2019<a href=\"https:\/\/atrio.esteri.it\/Search\/Allegati\/54352\">Accordo tra Italia e Bosnia Erzegovina sul reciproco riconoscimento delle patenti di guida ai fini della conversione<\/a>, i cittadini delle due Parti <strong>residenti <\/strong>nell\u2019altro Paese potranno ottenere il rilascio della patente di guida sulla base del riconoscimento del valore del documento emesso dal proprio Stato.<\/p>\n<p>La patente di guida emessa dalle Autorit\u00e0 di uno dei due Paesi<strong> cesser\u00e0 di validit\u00e0<\/strong> ai fini della circolazione nel territorio dell\u2019altro Paese, <u>trascorso un anno dalla data di acquisizione della residenza da parte del titolare sul territorio di uno dei due Stati. <\/u><\/p>\n<p>Il titolare della patente emessa dalle Autorit\u00e0 di una delle Parti, che stabilisce la propria residenza nel territorio dell\u2019altra Parte, converte la sua patente <strong>senza dover sostenere esami teorici e pratici<\/strong>, salvo situazioni particolari in cui sia necessaria una verifica pratica di guida (esigenze speciali che richiedono adattamenti del veicolo rispetto alla configurazione standard o uso di protesi). <u><br \/>\n<\/u><br \/>\nL\u2019Accordo vale <strong>esclusivamente <\/strong>per le patenti di guida rilasciate <strong>prima <\/strong>dell\u2019acquisizione della residenza da parte del titolare nel territorio dell\u2019altra Parte, e nel caso siano state rilasciate con<u> validit\u00e0 provvisoria<\/u>, si applica solo per le patenti divenute valide in via permanente prima dell\u2019acquisizione della predetta residenza.<\/p>\n<p>In Bosnia ed Erzegovina, gli<strong> organi competenti <\/strong>per la conversione delle patenti di guida sono i Ministeri Cantonali della Federazione di Bosnia ed Erzegovina, il Ministero degli Affari Interni della Repubblica Srpska e il DIpartimento per il Registro Pubblico del Distretto di Brcko della Bosnia Erzegovina.<br \/>\nNella Repubblica Italiana, gli organi competenti alla conversione delle patenti di guida estere sono gli Uffici territoriali della Motorizzazione Civile.<\/p>\n<p style=\"text-align: justify;\">I titolari di patente italiana non rientranti nell&#8217;accordo di conversione, possono ottenere presso le competenti Autorit\u00e0 diplomatico-consolari italiane la conferma della validit\u00e0 della loro patente italiana, scaduta da non pi\u00f9 di cinque anni e non rientrante nei casi previsti all&#8217;art. 119, commi 2-bis e 4 del Codice della Strada (patenti di conducenti affetti da diabete o la cui idoneit\u00e0 psicofisica deve essere certificata da apposite commissioni mediche).<\/p>\n<p style=\"text-align: justify;\">Gli interessati dovranno effettuare la prevista visita medica per l&#8217;accertamento dei requisiti psichici e fisici, dopo di che la Rappresentanza diplomatico-consolare rilascer\u00e0 apposita attestazione di rinnovo. Questa attestazione va tenuta da conto insieme alla patente scaduta, e i due documenti dovranno essere esibiti insieme in caso di controlli stradali. Il rinnovo effettuato presso una Rappresentanza diplomatica o consolare \u00e8 valido per circolare sia in Italia che all&#8217;estero.<\/p>\n<p style=\"text-align: justify;\">Entro sei mesi dalla riacquisizione della residenza o la dimora in Italia, la patente di guida dovr\u00e0 essere confermata dal competente ufficio centrale del Dipartimento per i trasporti, la navigazione ed i sistemi informativi e statistici, anche nel caso il rinnovo fatto presso il Consolato italiano sia ancora valido.<\/p>\n<p>&nbsp;<\/p>\n<p>Documentazione necessaria per il rinnovo:<\/p>\n<p>&nbsp;<\/p>\n<ol>\n<li>certificazione medica (<a href=\"https:\/\/ambsarajevo.esteri.it\/wp-content\/uploads\/2023\/08\/MODULO-RICHIESTA-RINNOVO-PATENTE.pdf\">link Modulo<\/a>) debitamente compilata dal medico di fiducia di questa Ambasciata: Dott.ssa SPOMENKA KRISTIC, tel. 061\/199 347. La prenotazione della visita medica e l\u2019onorario sono a carico degli interessati;<\/li>\n<\/ol>\n<p>&nbsp;<\/p>\n<ol start=\"2\">\n<li>patente di guida da rinnovare;<\/li>\n<\/ol>\n<p>&nbsp;<\/p>\n<ol start=\"3\">\n<li>pagamento dei diritti consolari Marchi Convertibili 97,80 (euro 50,00) per il rinnovo. Importo da versare in valuta locale in contanti presso lo sportello. <a href=\"https:\/\/ambsarajevo.esteri.it\/wp-content\/uploads\/2025\/01\/A3-ITA-gennaio-2025.pdf\">Link &#8220;Tariffe Consolari&#8221;<\/a><\/li>\n<\/ol>\n<p><strong>MODALITA\u2019 DI RICHIESTA APPUNTAMENTO<\/strong><\/p>\n<p>Per richiedere il rinnovo della patente \u00e8 necessario prenotare un appuntamento utilizzando la piattaforma <a href=\"https:\/\/prenotami.esteri.it\/\">Prenot@mi<\/a> oppure occorre inviare una e-mail a: <a href=\"mailto:cons.ambsara@esteri.it\">cons.ambsara@esteri.it<\/a> allegando, in entrambi i casi, in formato <strong>PDF<\/strong>, la documentazione necessaria.<\/p>\n","protected":false},"excerpt":{"rendered":"AUTOVEICOLI AVVISO Per esportare definitivamente un veicolo all&#8217;estero dal 1 gennaio 2020 si dovr\u00e0 prima richiedere la radiazione del veicolo dal Pubblico Registro Automobilistico (PRA), in modo da consentire il controllo dell&#8217;avvenuta revisione nei tempi stabiliti dalla legge. Una volta effettuata la radiazione, il veicolo cancellato potr\u00e0 circolare per raggiungere i transiti di confine per [&hellip;]","protected":false},"author":1,"featured_media":0,"parent":47,"menu_order":16,"comment_status":"closed","ping_status":"closed","template":"","meta":{"footnotes":""},"class_list":["post-74","page","type-page","status-publish","hentry"],"_links":{"self":[{"href":"https:\/\/ambsarajevo.esteri.it\/it\/wp-json\/wp\/v2\/pages\/74","targetHints":{"allow":["GET"]}}],"collection":[{"href":"https:\/\/ambsarajevo.esteri.it\/it\/wp-json\/wp\/v2\/pages"}],"about":[{"href":"https:\/\/ambsarajevo.esteri.it\/it\/wp-json\/wp\/v2\/types\/page"}],"author":[{"embeddable":true,"href":"https:\/\/ambsarajevo.esteri.it\/it\/wp-json\/wp\/v2\/users\/1"}],"replies":[{"embeddable":true,"href":"https:\/\/ambsarajevo.esteri.it\/it\/wp-json\/wp\/v2\/comments?post=74"}],"version-history":[{"count":7,"href":"https:\/\/ambsarajevo.esteri.it\/it\/wp-json\/wp\/v2\/pages\/74\/revisions"}],"predecessor-version":[{"id":5773,"href":"https:\/\/ambsarajevo.esteri.it\/it\/wp-json\/wp\/v2\/pages\/74\/revisions\/5773"}],"up":[{"embeddable":true,"href":"https:\/\/ambsarajevo.esteri.it\/it\/wp-json\/wp\/v2\/pages\/47"}],"wp:attachment":[{"href":"https:\/\/ambsarajevo.esteri.it\/it\/wp-json\/wp\/v2\/media?parent=74"}],"curies":[{"name":"wp","href":"https:\/\/api.w.org\/{rel}","templated":true}]}}