{"id":71,"date":"2023-04-11T18:19:16","date_gmt":"2023-04-11T16:19:16","guid":{"rendered":"https:\/\/ambasciatapraga.esteri.it\/?page_id=71"},"modified":"2025-01-09T11:07:16","modified_gmt":"2025-01-09T09:07:16","slug":"servizi-notarili","status":"publish","type":"page","link":"https:\/\/ambsarajevo.esteri.it\/it\/servizi-consolari-e-visti\/servizi-per-il-cittadino-italiano\/servizi-notarili\/","title":{"rendered":"Servizi notarili"},"content":{"rendered":"<p>L\u2019Ufficio consolare esercita &#8211; <strong>esclusivamente nei confronti di cittadini italiani che si trovano all&#8217;estero in via permanente o temporanea<\/strong> \u2013 alcune funzioni notarili previste dal nostro ordinamento. Essenzialmente si tratta del ricevimento di atti pubblici (procure, testamenti), di atti notori, di autenticazioni e di sottoscrizioni apposte a scritture private.<\/p>\n<p>Esistono tuttavia alcune differenze tra le competenze consolari in materia notarile e quelle attribuite ai notai esercenti in Italia, sostanzialmente connesse alla diversa posizione del Capo della Rappresentanza consolare, funzionario dello Stato, e quella del notaio, libero professionista.<\/p>\n<p>In effetti:<\/p>\n<ul>\n<li>il notaio pu\u00f2 anche essere chiamato a fungere da consulente legale del cliente. Egli pertanto pu\u00f2 assumere informazioni circa la solvibilit\u00e0 di una persona o agire da mediatore in una transazione, oppure consigliare il cliente circa rapporti familiari o finanziari. <strong>E\u2019 escluso che l\u2019Autorit\u00e0 consolare possa svolgere attivit\u00e0 analoghe.<\/strong> Il suo consiglio, se richiesto, deve essere limitato al campo giuridico, con particolare riguardo alla validit\u00e0 degli atti che le si domanda di ricevere. La sua assistenza deve limitarsi alla legalit\u00e0 degli atti prospettati e non alla loro utilit\u00e0 economica;<\/li>\n<li>il notaio pu\u00f2 essere a volte il mandatario del cliente rispetto alla pubblicit\u00e0 e alla esecuzione di formalit\u00e0 relative agli atti da lui ricevuti. <strong>Nessuna attivit\u00e0 di tale natura pu\u00f2, invece, essere svolta dal capo della Rappresentanza consolare<\/strong>;<\/li>\n<li>mentre il notaio ha diritto ad un onorario, <strong>tutti gli atti consolari sono soggetti unicamente alla tassa indicata nella <a href=\"https:\/\/ambsarajevo.esteri.it\/wp-content\/uploads\/2025\/01\/A3-ITA-gennaio-2025.pdf\" target=\"_blank\" rel=\"noopener\">Tariffa consolare<\/a><\/strong>.<\/li>\n<\/ul>\n<p>Il cittadino italiano all&#8217;estero pu\u00f2, in alternativa, formalizzare l&#8217;atto presso un pubblico notaio ufficialmente accreditato nel Paese di residenza. Successivamente, se il Paese ha aderito alla Convenzione dell&#8217;Aja del 1961 per l&#8217;abolizione della legalizzazione, deve provvedere a far apporre sul documento l&#8217;\u00abapostille\u00bb da parte dell&#8217;Autorit\u00e0 preposta nel Paese di residenza.<\/p>\n<p>I servizi notarili pi\u00f9 frequentemente richiesti ad un Ufficio consolare sono:<\/p>\n<ul>\n<li><strong>Procure<\/strong><\/li>\n<li><strong>Testamenti<\/strong><\/li>\n<li><strong>Atti Pubblici<\/strong><\/li>\n<li><strong>Attivit\u00e0 di autenticazione<\/strong><\/li>\n<\/ul>\n","protected":false},"excerpt":{"rendered":"L\u2019Ufficio consolare esercita &#8211; esclusivamente nei confronti di cittadini italiani che si trovano all&#8217;estero in via permanente o temporanea \u2013 alcune funzioni notarili previste dal nostro ordinamento. Essenzialmente si tratta del ricevimento di atti pubblici (procure, testamenti), di atti notori, di autenticazioni e di sottoscrizioni apposte a scritture private. Esistono tuttavia alcune differenze tra le [&hellip;]","protected":false},"author":1,"featured_media":0,"parent":47,"menu_order":10,"comment_status":"closed","ping_status":"closed","template":"","meta":{"footnotes":""},"class_list":["post-71","page","type-page","status-publish","hentry"],"_links":{"self":[{"href":"https:\/\/ambsarajevo.esteri.it\/it\/wp-json\/wp\/v2\/pages\/71","targetHints":{"allow":["GET"]}}],"collection":[{"href":"https:\/\/ambsarajevo.esteri.it\/it\/wp-json\/wp\/v2\/pages"}],"about":[{"href":"https:\/\/ambsarajevo.esteri.it\/it\/wp-json\/wp\/v2\/types\/page"}],"author":[{"embeddable":true,"href":"https:\/\/ambsarajevo.esteri.it\/it\/wp-json\/wp\/v2\/users\/1"}],"replies":[{"embeddable":true,"href":"https:\/\/ambsarajevo.esteri.it\/it\/wp-json\/wp\/v2\/comments?post=71"}],"version-history":[{"count":1,"href":"https:\/\/ambsarajevo.esteri.it\/it\/wp-json\/wp\/v2\/pages\/71\/revisions"}],"predecessor-version":[{"id":5518,"href":"https:\/\/ambsarajevo.esteri.it\/it\/wp-json\/wp\/v2\/pages\/71\/revisions\/5518"}],"up":[{"embeddable":true,"href":"https:\/\/ambsarajevo.esteri.it\/it\/wp-json\/wp\/v2\/pages\/47"}],"wp:attachment":[{"href":"https:\/\/ambsarajevo.esteri.it\/it\/wp-json\/wp\/v2\/media?parent=71"}],"curies":[{"name":"wp","href":"https:\/\/api.w.org\/{rel}","templated":true}]}}