{"id":671,"date":"2023-07-27T09:52:52","date_gmt":"2023-07-27T07:52:52","guid":{"rendered":"https:\/\/ambsarajevo.esteri.it\/?page_id=671"},"modified":"2023-07-27T09:52:52","modified_gmt":"2023-07-27T07:52:52","slug":"riconoscimento-di-sentenze-straniere","status":"publish","type":"page","link":"https:\/\/ambsarajevo.esteri.it\/it\/servizi-consolari-e-visti\/servizi-per-il-cittadino-italiano\/riconoscimento-di-sentenze-straniere\/","title":{"rendered":"Riconoscimento di sentenze straniere"},"content":{"rendered":"<p>La legge di diritto internazionale privato n. 218\/1995 prevede, quale regola generale, l\u2019automatica efficacia in Italia di sentenze straniere che rispettino alcuni requisiti basilari di compatibilit\u00e0 con l\u2019ordinamento italiano. Fa eccezione il riconoscimento in Italia di sentenze straniere di adozione di minori.<\/p>\n<p>I provvedimenti stranieri devono essere trascritti presso il Comune italiano competente.<\/p>\n<p>Le sentenze straniere, munite di Apostille e traduzione in italiano, possono essere presentate per la trascrizione in Italia:<\/p>\n<ul>\n<li>al Comune italiano, direttamente dall\u2019interessato;<\/li>\n<li>oppure al Consolato italiano nella cui circoscrizione \u00e8 stata emessa la sentenza.<\/li>\n<\/ul>\n<p>Per richiedere la trascrizione \u00e8 necessario esibire un documento di identit\u00e0 in corso di validit\u00e0 e produrre:<\/p>\n<ul>\n<li>istanza di trasmissione della sentenza sotto forma di dichiarazione sostitutiva di atto notorio resa ai sensi dell\u2019art. 47 del DPR 445\/2000 attestante la sussistenza dei requisiti di cui all\u2019art. 64 della legge 218\/1995 nella quale si dichiara che la sentenza non \u00e8 contraria ad altre sentenze pronunciate da un giudice italiano e che non pende un giudizio davanti a un giudice italiano per il medesimo oggetto e fra le stesse parti;<\/li>\n<li>copia integrale della sentenza completa dei requisiti di cui all\u2019art. 64, debitamente Apostillata e tradotta.<\/li>\n<\/ul>\n","protected":false},"excerpt":{"rendered":"La legge di diritto internazionale privato n. 218\/1995 prevede, quale regola generale, l\u2019automatica efficacia in Italia di sentenze straniere che rispettino alcuni requisiti basilari di compatibilit\u00e0 con l\u2019ordinamento italiano. Fa eccezione il riconoscimento in Italia di sentenze straniere di adozione di minori. I provvedimenti stranieri devono essere trascritti presso il Comune italiano competente. Le sentenze [&hellip;]","protected":false},"author":8,"featured_media":0,"parent":47,"menu_order":24,"comment_status":"closed","ping_status":"closed","template":"","meta":{"footnotes":""},"class_list":["post-671","page","type-page","status-publish","hentry"],"_links":{"self":[{"href":"https:\/\/ambsarajevo.esteri.it\/it\/wp-json\/wp\/v2\/pages\/671","targetHints":{"allow":["GET"]}}],"collection":[{"href":"https:\/\/ambsarajevo.esteri.it\/it\/wp-json\/wp\/v2\/pages"}],"about":[{"href":"https:\/\/ambsarajevo.esteri.it\/it\/wp-json\/wp\/v2\/types\/page"}],"author":[{"embeddable":true,"href":"https:\/\/ambsarajevo.esteri.it\/it\/wp-json\/wp\/v2\/users\/8"}],"replies":[{"embeddable":true,"href":"https:\/\/ambsarajevo.esteri.it\/it\/wp-json\/wp\/v2\/comments?post=671"}],"version-history":[{"count":0,"href":"https:\/\/ambsarajevo.esteri.it\/it\/wp-json\/wp\/v2\/pages\/671\/revisions"}],"up":[{"embeddable":true,"href":"https:\/\/ambsarajevo.esteri.it\/it\/wp-json\/wp\/v2\/pages\/47"}],"wp:attachment":[{"href":"https:\/\/ambsarajevo.esteri.it\/it\/wp-json\/wp\/v2\/media?parent=671"}],"curies":[{"name":"wp","href":"https:\/\/api.w.org\/{rel}","templated":true}]}}