{"id":616,"date":"2023-07-26T15:39:07","date_gmt":"2023-07-26T13:39:07","guid":{"rendered":"https:\/\/ambsarajevo.esteri.it\/?page_id=616"},"modified":"2025-01-09T11:09:56","modified_gmt":"2025-01-09T09:09:56","slug":"attivita-di-autenticazione","status":"publish","type":"page","link":"https:\/\/ambsarajevo.esteri.it\/it\/servizi-consolari-e-visti\/servizi-per-il-cittadino-italiano\/servizi-notarili\/attivita-di-autenticazione\/","title":{"rendered":"Attivit\u00e0 di autenticazione"},"content":{"rendered":"<div>\n<p><strong>AUTENTICAZIONE NOTARILE DI FIRMA<\/strong><\/p>\n<p>L&#8217;autentica notarile di firma (<em>ex<\/em> art. 1 Legge Notarile) pu\u00f2 essere effettuata, ai sensi dell\u2019art. 28 del D. Lgs. n. 71\/2011, solo a favore di cittadini italiani.<\/p>\n<p>La nozione generale di sottoscrizione autenticata \u00e8 data dall\u2019art. 2703, comma 2, del codice civile: \u201cl\u2019autenticazione consiste nell\u2019attestazione da parte del pubblico ufficiale che la sottoscrizione \u00e8 stata apposta in sua presenza. Il pubblico ufficiale deve previamente accertare l\u2019identit\u00e0 della persona che sottoscrive\u201d.<\/p>\n<p>Ai sensi dell\u2019art. 2702 c.c., l\u2019autentica di firma non conferisce alcun carattere di autenticit\u00e0 alla sostanza dell\u2019atto, ma fa prova, fino a querela di falso, della sua provenienza.<\/p>\n<p>Le modalit\u00e0 di autenticazione di firma da parte del notaio &#8211; rette dagli artt. 2703 del codice civile, 72 della Legge Notarile n. 89\/1913, 86 del Regolamento notarile (approvato con R.D. 10 settembre 1914, n. 1326) e 20 della l. n. 15\/1968 &#8211; si applicano anche all&#8217;autentica notarile consolare.<\/p>\n<p>&nbsp;<\/p>\n<p><strong>AUTENTICAZIONE AMMINISTRATIVA DI FIRMA<\/strong><\/p>\n<p>Il D.P.R. 28 dicembre 2000, n. 445 dispone che, per i cittadini italiani o dell\u2019Unione Europea e gli stranieri regolarmente soggiornanti in Italia (art. 3), la sottoscrizione di domande o di dichiarazioni da presentare alla Pubblica Amministrazione o ai gestori di pubblici servizi non deve pi\u00f9 essere autenticata, ma \u00e8 sufficiente allegarvi copia di un valido documento di identit\u00e0 del sottoscrittore.<\/p>\n<p>L\u2019autentica rimane invece necessaria, anche per gli stessi soggetti <em>ex<\/em> art. 3 sopracitato, in caso di istanza presentata a privati ovvero a fini di riscossione di benefici economici da parte di terzi (ad esempio, in caso di deleghe per ritiro di pensioni, passaggi di propriet\u00e0 di veicoli, apertura di un conto in banca, ecc.).<\/p>\n<p>Per gli stranieri non regolarmente soggiornanti in Italia e non cittadini dell\u2019Unione Europea, l\u2019autentica amministrativa \u00e8 sempre necessaria.<\/p>\n<p>&nbsp;<\/p>\n<p><strong>Differenze tra autenticazione notarile e autenticazione amministrativa<\/strong><\/p>\n<ul>\n<li>L\u2019autenticazione amministrativa si caratterizza per la pluralit\u00e0 dei soggetti legittimati all\u2019autenticazione (indicati all\u2019art. 21 D.P.R. 445\/2000: notaio, cancelliere, segretario comunale, dipendente addetto a ricevere la documentazione o altro dipendente incaricato dal Sindaco), che costituisce un\u2019eccezione al principio generale della competenza notarile.<\/li>\n<li>L\u2019autentica amministrativa si limita a documentare una situazione giuridica o fattuale, senza costituirla o modificarla, a riprodurre informazioni desunte da altri atti gi\u00e0 documentati e non ha distinta ed autonoma efficacia giuridica.<\/li>\n<li>Nell&#8217;autentica notarile, inoltre, il funzionario non si limita ad attestare che la firma sul documento \u00e8 stata apposta in sua presenza, ma controlla che il contenuto dell&#8217;atto sia conforme alla legge, all&#8217;ordine pubblico e al buon costume.<\/li>\n<\/ul>\n<p>&nbsp;<\/p>\n<p><strong>AUTENTICAZIONE DI FOTOGRAFIA<\/strong><\/p>\n<p>L&#8217;autenticazione di fotografia consiste nell&#8217;attestazione che un&#8217;immagine fotografica corrisponde alla persona dell&#8217;interessato.<\/p>\n<p>Il richiedente dovr\u00e0 presentarsi &#8211; previo appuntamento &#8211; presso l\u2019Ufficio consolare munito di un valido documento di riconoscimento e del documento o della fotografia da autenticare.<\/p>\n<p>&nbsp;<\/p>\n<p>L\u2019attivit\u00e0 di autenticazione \u00e8 soggetta al <strong>pagamento dei diritti<\/strong> di cui alla <a href=\"https:\/\/ambsarajevo.esteri.it\/wp-content\/uploads\/2025\/01\/A3-ITA-gennaio-2025.pdf\" target=\"_blank\" rel=\"noopener\"><strong>Tariffa consolare<\/strong><\/a> vigente al momento del rilascio dell\u2019atto.<\/p>\n<\/div>\n","protected":false},"excerpt":{"rendered":"AUTENTICAZIONE NOTARILE DI FIRMA L&#8217;autentica notarile di firma (ex art. 1 Legge Notarile) pu\u00f2 essere effettuata, ai sensi dell\u2019art. 28 del D. Lgs. n. 71\/2011, solo a favore di cittadini italiani. La nozione generale di sottoscrizione autenticata \u00e8 data dall\u2019art. 2703, comma 2, del codice civile: \u201cl\u2019autenticazione consiste nell\u2019attestazione da parte del pubblico ufficiale che [&hellip;]","protected":false},"author":8,"featured_media":0,"parent":71,"menu_order":3,"comment_status":"closed","ping_status":"closed","template":"","meta":{"footnotes":""},"class_list":["post-616","page","type-page","status-publish","hentry"],"_links":{"self":[{"href":"https:\/\/ambsarajevo.esteri.it\/it\/wp-json\/wp\/v2\/pages\/616","targetHints":{"allow":["GET"]}}],"collection":[{"href":"https:\/\/ambsarajevo.esteri.it\/it\/wp-json\/wp\/v2\/pages"}],"about":[{"href":"https:\/\/ambsarajevo.esteri.it\/it\/wp-json\/wp\/v2\/types\/page"}],"author":[{"embeddable":true,"href":"https:\/\/ambsarajevo.esteri.it\/it\/wp-json\/wp\/v2\/users\/8"}],"replies":[{"embeddable":true,"href":"https:\/\/ambsarajevo.esteri.it\/it\/wp-json\/wp\/v2\/comments?post=616"}],"version-history":[{"count":1,"href":"https:\/\/ambsarajevo.esteri.it\/it\/wp-json\/wp\/v2\/pages\/616\/revisions"}],"predecessor-version":[{"id":5525,"href":"https:\/\/ambsarajevo.esteri.it\/it\/wp-json\/wp\/v2\/pages\/616\/revisions\/5525"}],"up":[{"embeddable":true,"href":"https:\/\/ambsarajevo.esteri.it\/it\/wp-json\/wp\/v2\/pages\/71"}],"wp:attachment":[{"href":"https:\/\/ambsarajevo.esteri.it\/it\/wp-json\/wp\/v2\/media?parent=616"}],"curies":[{"name":"wp","href":"https:\/\/api.w.org\/{rel}","templated":true}]}}