{"id":608,"date":"2023-07-26T15:22:07","date_gmt":"2023-07-26T13:22:07","guid":{"rendered":"https:\/\/ambsarajevo.esteri.it\/?page_id=608"},"modified":"2023-07-26T15:33:33","modified_gmt":"2023-07-26T13:33:33","slug":"rimpatrio-sanitario","status":"publish","type":"page","link":"https:\/\/ambsarajevo.esteri.it\/it\/servizi-consolari-e-visti\/servizi-per-il-cittadino-italiano\/assistenza-ai-cittadini-allestero\/rimpatrio-sanitario\/","title":{"rendered":"Rimpatrio sanitario"},"content":{"rendered":"<div>\n<p>Nel caso di ammalati che necessitino di ricovero ospedaliero in Italia, la Rappresentanza diplomatico-consolare invita i familiari a individuare una struttura medica nella quale il connazionale verr\u00e0 ricoverato una volta giunto in Italia. In caso di difficolt\u00e0, la Sede pu\u00f2 chiedere alla Prefettura di individuare la struttura sanitaria.<\/p>\n<p>La Rappresentanza diplomatico-consolare deve inoltre acquisire un certificato medico, in cui si confermi che il cittadino italiano \u00e8 in condizioni di affrontare il viaggio (la c.d. \u201ctrasportabilit\u00e0 aerea del paziente\u201d).<\/p>\n<p>Per i rimpatri sanitari pu\u00f2 essere concesso un sussidio a favore di connazionali indigenti stabilmente residenti nel Paese straniero, o un prestito con promessa di restituzione a favore di connazionali di passaggio in stato di temporanea indigenza, per il ritorno in Italia su aerei di linea (utilizzando, se necessario, il servizio di barella e una scorta medica a bordo).<\/p>\n<p>Per i connazionali colpiti da malattie che non consentono di firmare la promessa di restituzione, qualora i congiunti non possano provvedere al rimpatrio va acquisita la documentazione medica di temporanea incapacit\u00e0 di intendere e di volere.<\/p>\n<\/div>\n","protected":false},"excerpt":{"rendered":"Nel caso di ammalati che necessitino di ricovero ospedaliero in Italia, la Rappresentanza diplomatico-consolare invita i familiari a individuare una struttura medica nella quale il connazionale verr\u00e0 ricoverato una volta giunto in Italia. In caso di difficolt\u00e0, la Sede pu\u00f2 chiedere alla Prefettura di individuare la struttura sanitaria. La Rappresentanza diplomatico-consolare deve inoltre acquisire un [&hellip;]","protected":false},"author":8,"featured_media":0,"parent":69,"menu_order":8,"comment_status":"closed","ping_status":"closed","template":"","meta":{"footnotes":""},"class_list":["post-608","page","type-page","status-publish","hentry"],"_links":{"self":[{"href":"https:\/\/ambsarajevo.esteri.it\/it\/wp-json\/wp\/v2\/pages\/608","targetHints":{"allow":["GET"]}}],"collection":[{"href":"https:\/\/ambsarajevo.esteri.it\/it\/wp-json\/wp\/v2\/pages"}],"about":[{"href":"https:\/\/ambsarajevo.esteri.it\/it\/wp-json\/wp\/v2\/types\/page"}],"author":[{"embeddable":true,"href":"https:\/\/ambsarajevo.esteri.it\/it\/wp-json\/wp\/v2\/users\/8"}],"replies":[{"embeddable":true,"href":"https:\/\/ambsarajevo.esteri.it\/it\/wp-json\/wp\/v2\/comments?post=608"}],"version-history":[{"count":0,"href":"https:\/\/ambsarajevo.esteri.it\/it\/wp-json\/wp\/v2\/pages\/608\/revisions"}],"up":[{"embeddable":true,"href":"https:\/\/ambsarajevo.esteri.it\/it\/wp-json\/wp\/v2\/pages\/69"}],"wp:attachment":[{"href":"https:\/\/ambsarajevo.esteri.it\/it\/wp-json\/wp\/v2\/media?parent=608"}],"curies":[{"name":"wp","href":"https:\/\/api.w.org\/{rel}","templated":true}]}}