{"id":591,"date":"2023-07-26T12:54:36","date_gmt":"2023-07-26T10:54:36","guid":{"rendered":"https:\/\/ambsarajevo.esteri.it\/?page_id=591"},"modified":"2023-07-26T12:57:08","modified_gmt":"2023-07-26T10:57:08","slug":"rimpatrio","status":"publish","type":"page","link":"https:\/\/ambsarajevo.esteri.it\/it\/servizi-consolari-e-visti\/servizi-per-il-cittadino-italiano\/assistenza-ai-cittadini-allestero\/rimpatrio\/","title":{"rendered":"Rimpatrio"},"content":{"rendered":"<div>\n<p>La Rappresentanza consolare provvede, in collaborazione con gli enti italiani territorialmente competenti (Prefetture, Questure, Comuni, Aziende Sanitarie Locali, Servizi Sociali), al rimpatrio definitivo dei cittadini italiani residenti all\u2019estero che versino in gravi condizioni di indigenza e dei minori italiani in stato di abbandono.<\/p>\n<p>Il rimpatrio \u00e8 subordinato alla verifica della disponibilit\u00e0 dei congiunti ad assumersi in Italia le responsabilit\u00e0 connesse con il mantenimento e l\u2019assistenza del rimpatriando. In assenza di tale disponibilit\u00e0, il rimpatrio \u00e8 coordinato con i Servizi Sociali del Comune di ultima residenza o di origine in Italia, ovvero attraverso il ricorso a fondi regionali.<\/p>\n<p>Il rimpatrio di minori in stato di abbandono \u00e8 effettuato a carico dell\u2019Erario, di concerto con il Tribunale dei Minori competente e i Servizi Sociali del Comune di residenza.<\/p>\n<p>&nbsp;<\/p>\n<p><strong>Rientro definitivo in Italia \u2013 Agevolazioni doganali<\/strong><\/p>\n<p>Il cittadino italiano residente all\u2019estero da almeno 12 mesi e che trasferisce la propria residenza in Italia ha diritto ad agevolazioni doganali e &#8211; a seconda dalle normative regionali, provinciali o comunali &#8211; a eventuali contributi finanziari.<\/p>\n<p>Le esenzioni doganali si applicano alle masserizie possedute e usate dal richiedente e destinate ad uso personale oltre che all\u2019autovettura posseduta da almeno 6 mesi.<\/p>\n<p>Il rientro delle masserizie deve avvenire entro 12 mesi dalla data dichiarata come ultimo giorno di residenza all\u2019estero.<\/p>\n<p>Per i dettagli si rimanda al <a href=\"https:\/\/www.adm.gov.it\/portale\/\" target=\"_blank\" rel=\"noopener\">sito web dell\u2019<strong>Agenzia delle Dogane e dei Monopoli<\/strong><\/a>.<\/p>\n<\/div>\n","protected":false},"excerpt":{"rendered":"La Rappresentanza consolare provvede, in collaborazione con gli enti italiani territorialmente competenti (Prefetture, Questure, Comuni, Aziende Sanitarie Locali, Servizi Sociali), al rimpatrio definitivo dei cittadini italiani residenti all\u2019estero che versino in gravi condizioni di indigenza e dei minori italiani in stato di abbandono. Il rimpatrio \u00e8 subordinato alla verifica della disponibilit\u00e0 dei congiunti ad assumersi [&hellip;]","protected":false},"author":8,"featured_media":0,"parent":69,"menu_order":6,"comment_status":"closed","ping_status":"closed","template":"","meta":{"footnotes":""},"class_list":["post-591","page","type-page","status-publish","hentry"],"_links":{"self":[{"href":"https:\/\/ambsarajevo.esteri.it\/it\/wp-json\/wp\/v2\/pages\/591","targetHints":{"allow":["GET"]}}],"collection":[{"href":"https:\/\/ambsarajevo.esteri.it\/it\/wp-json\/wp\/v2\/pages"}],"about":[{"href":"https:\/\/ambsarajevo.esteri.it\/it\/wp-json\/wp\/v2\/types\/page"}],"author":[{"embeddable":true,"href":"https:\/\/ambsarajevo.esteri.it\/it\/wp-json\/wp\/v2\/users\/8"}],"replies":[{"embeddable":true,"href":"https:\/\/ambsarajevo.esteri.it\/it\/wp-json\/wp\/v2\/comments?post=591"}],"version-history":[{"count":0,"href":"https:\/\/ambsarajevo.esteri.it\/it\/wp-json\/wp\/v2\/pages\/591\/revisions"}],"up":[{"embeddable":true,"href":"https:\/\/ambsarajevo.esteri.it\/it\/wp-json\/wp\/v2\/pages\/69"}],"wp:attachment":[{"href":"https:\/\/ambsarajevo.esteri.it\/it\/wp-json\/wp\/v2\/media?parent=591"}],"curies":[{"name":"wp","href":"https:\/\/api.w.org\/{rel}","templated":true}]}}