{"id":49,"date":"2023-04-11T18:13:11","date_gmt":"2023-04-11T16:13:11","guid":{"rendered":"https:\/\/ambasciatapraga.esteri.it\/?page_id=49"},"modified":"2025-01-09T11:00:47","modified_gmt":"2025-01-09T09:00:47","slug":"passaporti-e-carte-didentita","status":"publish","type":"page","link":"https:\/\/ambsarajevo.esteri.it\/it\/servizi-consolari-e-visti\/servizi-per-il-cittadino-italiano\/passaporti-e-carte-didentita\/","title":{"rendered":"Passaporti e Carte d\u2019identit\u00e0"},"content":{"rendered":"<p style=\"text-align: justify;\"><strong>Informazioni generali<\/strong><\/p>\n<p style=\"text-align: justify;\">Il passaporto \u00e8 un documento di viaggio e di riconoscimento disciplinato essenzialmente dalla Legge n. 1185\/1967.<\/p>\n<p style=\"text-align: justify;\">Possono richiedere il rilascio del passaporto presso l\u2019Ambasciata d\u2019Italia a Sarajevo tutti i cittadini italiani iscritti all&#8217;anagrafe consolare residenti presso la circoscrizione di questa Ambasciata.<\/p>\n<p style=\"text-align: justify;\">I cittadini italiani <strong>non residenti<\/strong> in questa circoscrizione consolare possono chiedere il rilascio ma <strong>eccezionalmente<\/strong>, solo per giustificati e documentati motivi. In tali casi i tempi di rilascio possono risultare pi\u00f9 lunghi in quanto sar\u00e0 necessario acquisire preventivamente la <strong>delega<\/strong> da parte dell&#8217;Ufficio (Questura o Consolato) competente per residenza.<\/p>\n<p style=\"text-align: justify;\">Il costo del passaporto \u00e8 di <strong>227 Marchi Convertibili <\/strong>(da versare allo sportello in contanti). <a href=\"https:\/\/ambsarajevo.esteri.it\/wp-content\/uploads\/2025\/01\/A3-ITA-gennaio-2025.pdf\">Link Tariffe Consolari<\/a><\/p>\n<p style=\"text-align: justify;\"><span style=\"color: #000000;\"><strong>MODALITA&#8217; DI RICHIESTA PASSAPORTO<\/strong><\/span><\/p>\n<p style=\"text-align: justify;\">Per richiedere il rilascio del passaporto \u00e8 necessario prenotare un appuntamento utilizzando la piattaforma <a href=\"https:\/\/prenotami.esteri.it\/\">Prenot@mi<\/a> oppure occorre inviare una e-mail a: <a href=\"mailto:cons.ambsara@esteri.it\">cons.ambsara@esteri.it<\/a> allegando, in entrambi i casi, in formato <strong>PDF<\/strong>, il modulo compilato e gli eventuali assensi nel caso di minori. I richiedenti saranno successivamente convocati per l\u2019acquisizione dei dati biometrici.<\/p>\n<p style=\"text-align: justify;\">L&#8217;utente che riceve conferma dell&#8217;appuntamento deve presentarsi nell&#8217;ora e nel giorno che gli saranno comunicati (si raccomanda di rispettare l&#8217;orario dell&#8217;appuntamento) con<strong> tutta la documentazione necessaria in originale<\/strong>. Nel caso di impossibilit\u00e0 a recarsi all\u2019appuntamento si prega di darne comunicazione tempestiva all&#8217;Ufficio consolare con un&#8217;email.<\/p>\n<p>Il rilascio del passaporto pu\u00f2 essere richiesto in qualunque momento purch\u00e9 non vi \u00e8 una norma che limiti la possibilit\u00e0 di presentare istanza di rilascio.<\/p>\n<p style=\"text-align: justify;\"><strong>Passaporto per maggiorenni senza figli minori<\/strong><\/p>\n<p style=\"text-align: justify;\">Documentazione richiesta:<\/p>\n<ul style=\"text-align: justify;\">\n<li>un <strong><a href=\"https:\/\/ambsarajevo.esteri.it\/wp-content\/uploads\/2024\/11\/Modulo-di-richiesta-passaporto.pdf\" target=\"_blank\" rel=\"noopener\">modulo di richiesta<\/a><\/strong>;<\/li>\n<li>il passaporto precedente o, se si tratta di primo passaporto, un documento d&#8217;identit\u00e0 italiano (carta di identit\u00e0) o straniero (passaporto), munito di foto e firma. Se il passaporto \u00e8 stato smarrito\/rubato \u00e8 necessario presentare denuncia presso le competenti Autorit\u00e0 bosniache e compilare il formulario di denuncia presso questo Ufficio consolare;<\/li>\n<\/ul>\n<p style=\"text-align: justify;\"><strong>Passaporto per maggiorenni con figli minori<\/strong><\/p>\n<p style=\"text-align: justify;\">Documentazione richiesta:<\/p>\n<ul style=\"text-align: justify;\">\n<li>un <strong><a href=\"https:\/\/ambsarajevo.esteri.it\/wp-content\/uploads\/2024\/11\/Modulo-di-richiesta-passaporto.pdf\" target=\"_blank\" rel=\"noopener\">modulo di richiesta<\/a><\/strong>;<\/li>\n<li>il passaporto precedente o, se si tratta di primo passaporto, un documento d&#8217;identit\u00e0 italiano (carta di identit\u00e0) o straniero (passaporto), munito di foto e firma. Se il passaporto \u00e8 stato smarrito\/rubato \u00e8 necessario presentare denuncia presso le competenti Autorit\u00e0 bosniache e compilare il formulario di denuncia presso questo Ufficio consolare;<\/li>\n<li>Si informano i connazionali, genitori di figli minori, che a partire dal 14 giugno 2023 non sar\u00e0 pi\u00f9 necessario presentare l\u2019atto di assenso dell\u2019altro genitore ai fini del rilascio del proprio documento d\u2019identit\u00e0 (passaporto e CIE), ai sensi del D.L. 69\/2023. Nello specifico il novellato articolo 3-bis della L. 1185\/1967 indica che, quando vi \u00e8 concreto e attuale pericolo che a causa del trasferimento all&#8217;estero questo possa sottrarsi all&#8217;adempimento dei suoi obblighi verso i figli, sar\u00e0 possibile per l\u2019altro genitore richiedere una inibitoria al rilascio del documento. L\u2019istanza potr\u00e0 essere presentata presso il giudice competente presso il Tribunale ordinario in cui il minore ha la residenza abituale ovvero, se il minore \u00e8 residente all\u2019estero, il Tribunale nel cui circondario si trova il suo Comune di iscrizione AIRE.Ai fini del rilascio dei documenti per i minori, invece, resta l\u2019obbligo dell\u2019assenso firmato da entrambi i genitori o da chi esercita la responsabilit\u00e0 genitoriale.<\/li>\n<li><a href=\"https:\/\/ambsarajevo.esteri.it\/wp-content\/uploads\/2023\/07\/dichiarazione_assenza_ostative_passaporto1.pdf\" target=\"_blank\" rel=\"noopener\">Dichiarazione Assenza Ostative Passaporto<\/a><\/li>\n<\/ul>\n<p style=\"text-align: justify;\"><strong>Passaporto per minori di 18 anni<\/strong><\/p>\n<p style=\"text-align: justify;\">Il 25 novembre 2009 sono entrate in vigore, con applicazione immediata, le modifiche alla legge sui passaporti: &#8220;Obbligo del passaporto individuale per i minori e validit\u00e0 temporale differenziata&#8221;.<\/p>\n<ul style=\"text-align: justify;\">\n<li>Per i minori da 0 a 3 anni vengono rilasciati passaporti con una validit\u00e0 di 3 anni.<\/li>\n<li>Per i minori dai 3 ai 18 anni vengono rilasciati passaporti con una validit\u00e0 di 5 anni.<\/li>\n<\/ul>\n<p style=\"text-align: justify;\">Il costo dei passaporti rimane il medesimo, nonostante la validit\u00e0 temporale differenziata.<\/p>\n<p style=\"text-align: justify;\"><strong>Per i minori di anni 12 non \u00e8 necessaria la rilevazione delle impronte digitali.<\/strong><\/p>\n<p style=\"text-align: justify;\">Dal 26\/06\/2012 i minori possono viaggiare solo se muniti di documento di viaggio individuale.<\/p>\n<p style=\"text-align: justify;\"><strong>I minori non possono pi\u00f9, in nessun caso, viaggiare con iscrizione sul passaporto dei genitori.<\/strong><\/p>\n<p style=\"text-align: justify;\">Dal 25\/11\/2009 le generalit\u00e0 dei genitori vengono indicate a pag. 5 del passaporto del minore al momento del rilascio del passaporto.<\/p>\n<p style=\"text-align: justify;\">Il minore di anni 14 deve viaggiare accompagnato da almeno uno dei due genitori.<\/p>\n<p style=\"text-align: justify;\">Il minore di anni 14 che viaggia accompagnato da persone diverse dai propri genitori deve essere autorizzato dai genitori stessi attraverso una <strong><a href=\"https:\/\/ambsarajevo.esteri.it\/wp-content\/uploads\/2023\/08\/Dichiarazione-di-accompagnamento.pdf\" target=\"_blank\" rel=\"noopener\">dichiarazione di accompagnamento (o affidamento)<\/a><\/strong> che deve essere vistata dalla Rappresentanza consolare (all&#8217;estero) o dalla Questura (in Italia).<\/p>\n<p style=\"text-align: justify;\">I genitori devono sottoscrivere la dichiarazione di accompagnamento (o affidamento) recandosi personalmente, muniti di un documento di identit\u00e0, presso l&#8217;Ufficio passaporti dell\u2019Ambasciata d\u2019Italia a Sarajevo. La presenza di entrambi \u00e8 necessaria solo se uno dei due \u00e8 cittadino extracomunitario.<\/p>\n<p style=\"text-align: justify;\">Documentazione richiesta:<\/p>\n<ul style=\"text-align: justify;\">\n<li>un <strong><a href=\"https:\/\/ambsarajevo.esteri.it\/wp-content\/uploads\/2024\/11\/Modulo-di-richiesta-passaporto.pdf\" target=\"_blank\" rel=\"noopener\">modulo di richiesta<\/a><\/strong> firmato da entrambi i genitori o da uno di essi con l&#8217;<strong>atto d&#8217;asenso<\/strong> dell&#8217;altro rilasciato separatamente. Se uno dei genitori \u00e8 di cittadinanza non UE, il modulo di richiesta va firmato alla presenza del funzionario dell\u2019Ufficio consolare, previa esibizione di un documento d&#8217;identit\u00e0;<\/li>\n<li>i passaporti dei genitori o altro documento di identit\u00e0 con foto e firma;<\/li>\n<li>passaporto precedente del minore, sempre in originale o qualora sprovvisti di passaporto e solo se ne \u00e8 in possesso, altro documento d&#8217;identit\u00e0 con foto e firma.<\/li>\n<\/ul>\n<p><a href=\"https:\/\/ambsarajevo.esteri.it\/wp-content\/uploads\/2024\/11\/ATTO-DI-ASSENSO-RILASCIO-PASSAPORTO-PER-MINORE-autentica-firma-1.pdf\">(Clicca qui per scaricare i moduli per l&#8217;assenso genitori extra-UE NON regolamente soggiornanti in Italia)<\/a><\/p>\n<p><a href=\"https:\/\/ambsarajevo.esteri.it\/wp-content\/uploads\/2024\/11\/Atto-di-assenso-rilascio-passaporto-per-minore.pdf\">(Clicca qui per scaricare i moduli per l\u2019assenso genitori italiani europei o extra EU regolarmente soggiornati in Italia)<\/a><\/p>\n<p style=\"text-align: justify;\">Nel caso in cui non sia possibile ottenere l&#8217;assenso da parte dell&#8217;altro genitore sar\u00e0 necessario il decreto del Giudice tutelare.<\/p>\n<p style=\"text-align: justify;\">L\u2019Ambasciatore esercita le funzioni di Giudice tutelare per i minori residenti in questa circoscrizione consolare.<\/p>\n<p style=\"text-align: justify;\">Se il minore \u00e8 residente in Italia, competente \u00e8 il Tribunale dei Minori.<\/p>\n<p style=\"text-align: justify;\"><strong>Assenso<\/strong><\/p>\n<p style=\"text-align: justify;\">L&#8217;atto di assenso dei genitori \u00e8 indispensabile, indipendentemente dalla nazionalit\u00e0 degli stessi e anche nel caso di genitori naturali, separati o divorziati.<\/p>\n<p style=\"text-align: justify;\">Ai sensi della Legge n. 1185\/1967, art. 3 (aggiornata con le modifiche dell&#8217;art. 24 della Legge n. 3\/2003), nel modulo di domanda di passaporto o carta d&#8217;identit\u00e0 il cittadino italiano deve indicare obbligatoriamente l&#8217;esistenza di figli minori, siano essi conviventi o meno con il richiedente stesso. Per questi casi la Legge prevede un esplicito consenso dell&#8217;altro genitore (denominato &#8220;Atto di Assenso&#8221;). In caso di figli avuti da genitori diversi per ciascun figlio dovr\u00e0 essere presentato un&#8217;atto di assenso del proprio genitore. L&#8217;atto di assenso \u00e8 valido per sei mesi dalla firma dello stesso.<\/p>\n<p style=\"text-align: justify;\">In caso di decesso di uno dei genitori basta presentare una copia del certificato di morte.<\/p>\n<p style=\"text-align: justify;\">La legge non consente deroghe all&#8217;atto di assenso, tranne in caso di emissione di autorizzazione del Giudice Tutelare (vedi sotto).<\/p>\n<p style=\"text-align: justify;\">Modalit\u00e0 di apposizione della firma per la concessione dell&#8217;assenso:<\/p>\n<ul style=\"text-align: justify;\">\n<li>Per i cittadini UE oppure stranieri, con regolare permesso di soggiorno, la dichiarazione di assenso non neccessita dell&#8217;autentica di firma, purche accompagnata dalla fotocopia di un documento di riconoscimento limitatamente alle pagine che mostrano la foto e dati personali e la firma;<\/li>\n<li>I restanti cittadini devono firmare l&#8217;assenso alla presenza di un funzionario Consolare.<\/li>\n<\/ul>\n<p>In quest&#8217;ultimo caso l&#8217;autentica della firma pu\u00f2 essere effettuata:<\/p>\n<ul style=\"text-align: justify;\">\n<li>dal funzionario consolare addetto, nel caso di domanda presentata personalmente presso l\u2019Ufficio consolare a Sarajevo;<\/li>\n<li>da un funzionario consolare in qualsiasi altro Paese del mondo dove vi \u00e8 una Rappresentanza diplomatica Italiana;<\/li>\n<li>da un&#8217;altra pubblica Autorit\u00e0 preposta a tale compito (ad esempio: Notaio, Questura, ecc.).<\/li>\n<\/ul>\n<p style=\"text-align: justify;\"><strong>Autorizzazione del Giudice Tutelare in mancanza dell&#8217;assenso<br \/>\n<\/strong><\/p>\n<p style=\"text-align: justify;\">In assenza dell&#8217;assenso dell&#8217;altro genitore, il Capo della Rappresentanza consolare, nella sua veste di Giudice Tutelare dei minori residenti nella circoscrizione puo&#8217;, dopo aver effettuato gli accertamenti di rito, autorizzare il rilascio del passaporto al richiedente con apposito Decreto Consolare con il quale l\u2019Ambasciatore, in veste di Giudice Tutelare, pu\u00f2 eccezionalmente autorizzare il rilascio del passaporto. Se un genitore si rifiuta di firmare l&#8217;atto di assenso, il richiedente pu\u00f2 avviare la procedura di richiesta di emissione di un Decreto Consolare con il quale l\u2019Ambasciatore o il Capo della Canceleria consolare, in veste di Giudice Tutelare, pu\u00f2 eccezionalmente autorizzare il rilascio del passaporto. Questo procedimento deve essere richiesto tramite una domanda scritta dell&#8217;interessato, indicando i motivi del mancato assenso e le ragioni per cui il rifiuto viene eventualmente ritenuto pretestuoso o ingiustificato. L&#8217;Atto di Assenso e&#8217; una dichiarazione personale che il genitore puo&#8217; sottoscrivere utilizzando l&#8217;apposito modulo disponibile presso l&#8217;Ufficio Passaporti o redigendo una dichiarazione sostitutiva di certificazione; All&#8217;Atto di Assenso va allegata una fotocopia del proprio documento d&#8217;identita&#8217;. La firma del genitore non cittadino dell&#8217;Unione Europea va autenticata dall&#8217;Ufficio consolare.<\/p>\n<p>In caso di decesso di uno dei genitori, e&#8217; necessario presentare l&#8217;atto di morte dello stesso.<\/p>\n<p style=\"text-align: justify;\">La domanda deve contenere informazioni dettagliate circa gli obblighi imposti alla patria potest\u00e0 e all&#8217;affidamento del minore. La richiesta deve indicare inoltre l&#8217;ultimo indirizzo ed il numero di telefono del genitore non consenziente, in modo che l&#8217;Ufficio consolare provi a contattarlo direttamente. Si fa presente che, in fase istruttoria, l&#8217;Ufficio potr\u00e0 richiedere documentazione supplementare a comprova delle dichiarazioni ricevute.<\/p>\n<p style=\"text-align: justify;\">Se si verifica che le ragioni del dissenso dell&#8217;altro genitore sono effettivamente ingiustificate, l\u2019Ambasciatore, in qualit\u00e0 di Giudice Tutelare e con apposito Decreto, pu\u00f2 autorizzare il rilascio del passaporto.<\/p>\n<p style=\"text-align: justify;\">Questa procedura di volontaria giurisdizione \u00e8 da considerarsi di natura eccezionale e pu\u00f2 essere di conseguenza utilizzata solo in caso di assoluta impossibilit\u00e0 da parte del richiedente ad ottenere l&#8217;atto di assenso previsto dalla legge.<\/p>\n<p style=\"text-align: justify;\"><strong>CARTA IDENTIT\u00c0 ELETTRONICA (C.I.E)<\/strong><\/p>\n<p style=\"text-align: justify;\">La nuova Carta di identit\u00e0 Elettronica (CIE) \u00e8 un documento multifunzionale: attesta l\u2019identit\u00e0 del cittadino, \u00e8 un documento di viaggio, riporta il codice fiscale e si pu\u00f2 utilizzare per richiedere un\u2019identit\u00e0 sul sistema SPID (Sistema Pubblico di Identit\u00e0 Digitale) con cui accedere ai Servizi erogati dalle Pubbliche Amministrazioni Italiane.<\/p>\n<p style=\"text-align: justify;\">La carta d\u2019identit\u00e0 elettronica equivale al passaporto ai fini dell\u2019espatrio negli Stati membri dell\u2019Unione europea, negli Stati dello Spazio Schengen (UE + Islanda, Norvegia, Svizzera, Liechtenstein) e in quelli in cui vigono particolari accordi internazionali. Al riguardo, per ulteriori e pi\u00f9 dettagliate informazioni, \u00e8 possibile consultare il sito: <a href=\"https:\/\/www.viaggiaresicuri.it\/approfondimenti-insights\/documentidiviaggio\">https:\/\/www.viaggiaresicuri.it\/approfondimenti-insights\/documentidiviaggio<\/a><\/p>\n<p style=\"text-align: justify;\">La CIE potr\u00e0 essere rilasciata esclusivamente ai cittadini Italiani regolarmente residenti nella circoscrizione consolare, che siano gi\u00e0 registrati nello schedario consolare e i cui dati anagrafici siano gi\u00e0 presenti nella banca dati A.I.R.E (Anagrafe degli Italiani Residenti all\u2019Estero).<\/p>\n<p style=\"text-align: justify;\">Per i cittadini <strong>NON ISCRITTI all\u2019A.I.R.E.<\/strong>, la competenza al rilascio della carta d\u2019identit\u00e0 rimane al Comune di residenza.<\/p>\n<p style=\"text-align: justify;\">Sulla Carta d\u2019identit\u00e0 elettronica NON \u00e8 indicato lo stato civile del titolare e, per le donne coniugate, NON pu\u00f2 essere indicato il nome del coniuge.<\/p>\n<p style=\"text-align: justify;\"><strong>REQUISITI OBBLIGATORI PER RICHIEDERE LA CIE<\/strong><\/p>\n<p style=\"text-align: justify;\">Ai fini dell\u2019emissione della CIE \u00e8 indispensabile che il richiedente:<\/p>\n<ul style=\"text-align: justify;\">\n<li>sia cittadino italiano;<\/li>\n<li>sia iscritto all\u2019AIRE e il suo nominativo inserito nell\u2019apposito applicativo da parte del comune italiano di riferimento;<br \/>\n\u2022 abbia l\u2019atto di nascita trascritto in Italia, in quanto gli estremi della trascrizione devono essere riportati sulla CIE;<br \/>\n\u2022 abbia il Codice Fiscale validato da parte dell\u2019Agenzia delle Entrate e del comune italiano di riferimento. Per chi non \u00e8 in possesso del Codice fiscale sar\u00e0 cura di questo consolato richiederlo d\u2019ufficio;<br \/>\n\u2022 abbia aggiornato la sua posizione negli schedari consolari nel caso di cambio d\u2019indirizzo, variazione dello stato civile o nascita di figli. Nei casi in cui tale aggiornamento manchi, si dovr\u00e0 prendere contatto con questa Ambasciata, prima di richiedere un appuntamento per la carta d\u2019identit\u00e0.<\/li>\n<\/ul>\n<p style=\"text-align: justify;\"><strong>VALIDIT\u00c0 DELLA CARTA D\u2019IDENTIT\u00c0 ELETTRONICA<\/strong><\/p>\n<p style=\"text-align: justify;\">La validit\u00e0 della CIE varia a seconda all\u2019et\u00e0 del titolare:<\/p>\n<ul style=\"text-align: justify;\">\n<li>3 anni per minori di et\u00e0 inferiore a 3 anni;<\/li>\n<li>5 anni per i minori di et\u00e0 compresa tra i 3 e i 18 anni;<\/li>\n<li>10 anni per i maggiorenni.<\/li>\n<\/ul>\n<p style=\"text-align: justify;\"><strong>\u00a0<\/strong><strong>MODALIT\u00c0 DI RICHIESTA<\/strong><\/p>\n<p style=\"text-align: justify;\">Per richiedere il rilascio della carta d\u2019identit\u00e0 elettronica \u00e8 necessario prenotare un appuntamento utilizzando la piattaforma <a href=\"https:\/\/prenotami.esteri.it\/\">Prenot@mi<\/a> oppure occorre inviare una e-mail a: <a href=\"mailto:cons.ambsara@esteri.it\">cons.ambsara@esteri.it<\/a> allegando, in entrambi i casi, in formato <strong>PDF<\/strong>, il modulo compilato e gli eventuali assensi nel caso di minori. I richiedenti saranno successivamente convocati per l\u2019acquisizione dei dati biometrici.<\/p>\n<p style=\"text-align: justify;\"><strong>Dal momento della richiesta alla data dell\u2019appuntamento, trascorrono almeno 20 giorni<\/strong>, necessari per consentire all\u2019ufficio consolare di effettuare il controllo dei dati anagrafici, risolvere eventuali disallineamenti e verificare che non sussistano cause ostative al rilascio del documento.<\/p>\n<p style=\"text-align: justify;\">N.B. Nel caso in cui, a seguito delle verifiche, emergessero elementi che impedissero (temporaneamente o meno) il rilascio della CIE, il connazionale sar\u00e0 contattato dalla Sede consolare per la cancellazione dell\u2019appuntamento.<\/p>\n<p style=\"text-align: justify;\"><strong>La presenza del richiedente e\/o del titolare della carta richiesta \u00e8 obbligatoria.<\/strong><\/p>\n<p style=\"text-align: justify;\"><strong>DOCUMENTAZIONE RICHIESTA PER LA C.I.E<\/strong><\/p>\n<ol style=\"text-align: justify;\">\n<li>Il modulo compilato per la richiesta del rilascio della carta di identit\u00e0. (<a href=\"https:\/\/ambsarajevo.esteri.it\/wp-content\/uploads\/2024\/11\/Modulo-di-richiesta-CIE.pdf\">Clicca qui per scaricare il modulo<\/a>)<\/li>\n<li>Precedente carta di identit\u00e0 (anche se scaduta) + copia semplice;<br \/>\no Passaporto (anche se scaduto) + copia semplice;<\/li>\n<li>Atto di assenso di entrambi genitori nel caso in cui il richiedente sia un minore di 18 anni.<\/li>\n<li>Codice fiscale, \u00e8 necessario inserirlo nel modulo di richiesta.<\/li>\n<\/ol>\n<p><a href=\"https:\/\/ambsarajevo.esteri.it\/wp-content\/uploads\/2024\/11\/ATTO-DI-ASSENSO-RILASCIO-CARTA-DIDENTITA-ELETTRONICA-PER-MINORE-autentica-firma.pdf\">(Clicca qui per scaricare i moduli per l\u2019assenso genitori extra-UE NON regolarmente soggiornati in Italia)<\/a><\/p>\n<p><a href=\"https:\/\/ambsarajevo.esteri.it\/wp-content\/uploads\/2024\/11\/Atto-di-assenso-rilascio-passaporto-per-minore.pdf\">(Clicca qui per scaricare i moduli per l\u2019assenso genitori genitori italiani europei o extra EU regolarmente soggiornati in Italia)<\/a><\/p>\n<p><strong>SPEDIZIONE DELLA CARTA D\u2019IDENTITA\u2019 ELETTRONICA:<\/strong><\/p>\n<p style=\"text-align: justify;\">La CIE non \u00e8 rilasciata il giorno dell\u2019appuntamento: sar\u00e0 inviata dall\u2019Italia tramite raccomandata, a cura dell\u2019Istituto Poligrafico e Zecca dello Stato, direttamente all\u2019indirizzo prescelto dal richiedente, circa 15 giorni dopo la data dell\u2019appuntamento in Ambasciata e\/o dal perfezionamento della richiesta. Il richiedente potr\u00e0 verificare il tracciamento della spedizione sul sito di Poste italiane\u00a0<a href=\"https:\/\/www.poste.it\/prodotti\/raccomandata.html\">https:\/\/www.poste.it\/prodotti\/raccomandata.html<\/a>: cliccare su \u201cCerca spedizioni\u201d e inserire il numero di raccomandata fornito il giorno dell\u2019appuntamento.<\/p>\n<p>Si invitano i connazionali che hanno richiesto la CIE ad accertarsi che il proprio cognome di nascita appaia sulla buca delle lettere (cognome da nubile per le donne sposate).<\/p>\n<p>In caso di mancata consegna per indirizzo errato, \u00e8 prevista una giacenza di 30 giorni presso l\u2019ufficio postale locale. Al termine di questo periodo il plico viene restituito all\u2019Ambasciata per ulteriori tentativi di consegna.<\/p>\n<p style=\"text-align: justify;\"><strong>IL COSTO <\/strong><\/p>\n<p style=\"text-align: justify;\">La CIE si paga in contanti in Marchi bosniaci al momento dell\u2019acquisizione dei dati biometrici:<\/p>\n<ul style=\"text-align: justify;\">\n<li style=\"text-align: justify;\"><strong>43 Marchi Convertibili <\/strong>in caso di primo rilascio CIE o rinnovo; <strong><br \/>\n<\/strong>\u2022 <strong>53,10<\/strong> <strong>Marchi Convertibili<\/strong> in caso di duplicato per furto, smarrimento o deterioramento di carta d\u2019identit\u00e0 ancora in corso di validit\u00e0. <a href=\"https:\/\/ambsarajevo.esteri.it\/wp-content\/uploads\/2025\/01\/A3-ITA-gennaio-2025.pdf\">Link Tariffe Consolari<\/a><\/li>\n<\/ul>\n<p style=\"text-align: justify;\">\n","protected":false},"excerpt":{"rendered":"Informazioni generali Il passaporto \u00e8 un documento di viaggio e di riconoscimento disciplinato essenzialmente dalla Legge n. 1185\/1967. Possono richiedere il rilascio del passaporto presso l\u2019Ambasciata d\u2019Italia a Sarajevo tutti i cittadini italiani iscritti all&#8217;anagrafe consolare residenti presso la circoscrizione di questa Ambasciata. I cittadini italiani non residenti in questa circoscrizione consolare possono chiedere il [&hellip;]","protected":false},"author":1,"featured_media":0,"parent":47,"menu_order":0,"comment_status":"closed","ping_status":"closed","template":"","meta":{"footnotes":""},"class_list":["post-49","page","type-page","status-publish","hentry"],"_links":{"self":[{"href":"https:\/\/ambsarajevo.esteri.it\/it\/wp-json\/wp\/v2\/pages\/49","targetHints":{"allow":["GET"]}}],"collection":[{"href":"https:\/\/ambsarajevo.esteri.it\/it\/wp-json\/wp\/v2\/pages"}],"about":[{"href":"https:\/\/ambsarajevo.esteri.it\/it\/wp-json\/wp\/v2\/types\/page"}],"author":[{"embeddable":true,"href":"https:\/\/ambsarajevo.esteri.it\/it\/wp-json\/wp\/v2\/users\/1"}],"replies":[{"embeddable":true,"href":"https:\/\/ambsarajevo.esteri.it\/it\/wp-json\/wp\/v2\/comments?post=49"}],"version-history":[{"count":6,"href":"https:\/\/ambsarajevo.esteri.it\/it\/wp-json\/wp\/v2\/pages\/49\/revisions"}],"predecessor-version":[{"id":5509,"href":"https:\/\/ambsarajevo.esteri.it\/it\/wp-json\/wp\/v2\/pages\/49\/revisions\/5509"}],"up":[{"embeddable":true,"href":"https:\/\/ambsarajevo.esteri.it\/it\/wp-json\/wp\/v2\/pages\/47"}],"wp:attachment":[{"href":"https:\/\/ambsarajevo.esteri.it\/it\/wp-json\/wp\/v2\/media?parent=49"}],"curies":[{"name":"wp","href":"https:\/\/api.w.org\/{rel}","templated":true}]}}