{"id":47,"date":"2023-04-11T18:12:24","date_gmt":"2023-04-11T16:12:24","guid":{"rendered":"https:\/\/ambasciatapraga.esteri.it\/?page_id=47"},"modified":"2026-01-02T10:20:22","modified_gmt":"2026-01-02T08:20:22","slug":"servizi-per-il-cittadino-italiano","status":"publish","type":"page","link":"https:\/\/ambsarajevo.esteri.it\/it\/servizi-consolari-e-visti\/servizi-per-il-cittadino-italiano\/","title":{"rendered":"Servizi per il cittadino italiano"},"content":{"rendered":"<p>Nelle sotto-sezioni a margine sono disponibili informazioni dettagliate su ogni servizio erogato dalla sezione consolare dell\u2019Ambasciata d\u2019Italia a Sarajevo.<\/p>\n<p><strong>DOCUMENTI DI VIAGGIO ITALIANI RICONOSCIUTI VALIDI PER ENTRARE IN BOSNIA ERZEGOVINA<\/strong><\/p>\n<p>Si riassumono qui di seguito le informazioni relative ai documenti di viaggio emessi dalle Autorit\u00e0 italiane ai fini dell\u2019espatrio e riconosciuti validi presso le Autorit\u00e0 di frontiera della Bosnia Erzegovina per l&#8217;ingresso nel Paese.<br \/>\nSi possono ottenere chiarimenti scrivendo all\u2019indirizzo e-mail: <a href=\"mailto:consolare.ambsarajevo@esteri.it\">consolare.ambsarajevo@esteri.it<\/a><\/p>\n<p><strong>I documenti validi sono i seguenti:<\/strong><br \/>\n&#8211; <strong>passaporto ordinario<\/strong>, rilasciato dalle Questure dai 0 anni in su;<br \/>\n&#8211; <strong>carta di identit\u00e0 elettronica o cartacea valida per l&#8217;espatrio<\/strong>, rilasciata dai Comuni e dalle rappresentanze italiane all&#8217;estero da 0 anni in su;<br \/>\n&#8211; <strong>(unicamente per i cittadini stranieri) visto Schengen multiplo<\/strong> <strong>o permesso di soggiono<\/strong> in corso di validit\u00e0, per un soggiorno massimo di 7 giorni.<\/p>\n<p>Il <strong>minore di anni 14<\/strong>, deve essere in possesso di documento individuale e non pu\u00f2 pi\u00f9 essere iscritto sul passaporto dei genitori. Al contempo i passaporti dei genitori con l\u2019iscrizione dei figli minori rimangono validi per il solo titolare fino alla naturale scadenza;<br \/>\n<strong>Qualora sui documenti individuali del minore di anni 14<\/strong>, non siano indicati i nomi dei genitori, si consiglia di portare al seguito anche <strong>il certificato di nascita o lo stato di famiglia<\/strong>. Tale obbligo non \u00e8 previsto espressamente dalla legge; tuttavia nel caso emergano dubbi circa l\u2019esistenza del rapporto genitoriale tra minore ed accompagnatore al momento della partenza, il certificato di nascita o stato di famiglia pu\u00f2 dimostrare concretamente la sussistenza del legame di paternit\u00e0 o maternit\u00e0.<br \/>\n<strong>Se il minore di anni 14 \u00e8 affidato ad una terza persona con delega per l\u2019accompagnamento<\/strong>, oltre al documento di viaggio individuale valido per l\u2019espatrio, deve essere in possesso di una <span style=\"text-decoration: underline;\"><strong>Attestazione di dichiarazione di accompagnament<\/strong><strong>o<\/strong><strong> (in vigore dal 4 giugno 2014)<\/strong><\/span> che riporti il nome della persona, dell&#8217;ente o della compagnia di trasporto cui il minore \u00e8 affidato, rilasciata da chi pu\u00f2 dare l&#8217;assenso, convalidata dalla Questura o dall\u2019autorit\u00e0 consolare.<br \/>\nLink per scaricare i moduli: <a href=\"https:\/\/ambsarajevo.esteri.it\/wp-content\/uploads\/2023\/07\/Modello-Attestazione-di-accompagnamento-dal-4-giugno-2014-con-bosniaco.pdf\" target=\"_blank\" rel=\"noopener\">Attestazione di accompagnamento<\/a> e <a href=\"https:\/\/ambsarajevo.esteri.it\/wp-content\/uploads\/2023\/07\/Modello-Attestazione-di-accompagnamento-dal-4-giugno-2014-con-bosniaco.pdf\" target=\"_blank\" rel=\"noopener\">Dichiarazione di accompagnamento<\/a><\/p>\n<p><strong>Non sono validi i seguenti documenti:<\/strong><br \/>\n&#8211; tessera AT\/BT; tessere ATE<br \/>\n&#8211; certificato di nascita con fotografia (rilasciato dalle Questure per i minori di anni 15);<\/p>\n<p>Alcuni servizi sono a pagamento secondo le vigenti <a href=\"https:\/\/ambsarajevo.esteri.it\/wp-content\/uploads\/2026\/01\/Tabella-IT_rev.pdf\" target=\"_blank\" rel=\"noopener\">tariffe consolari<\/a>.<\/p>\n","protected":false},"excerpt":{"rendered":"Nelle sotto-sezioni a margine sono disponibili informazioni dettagliate su ogni servizio erogato dalla sezione consolare dell\u2019Ambasciata d\u2019Italia a Sarajevo. DOCUMENTI DI VIAGGIO ITALIANI RICONOSCIUTI VALIDI PER ENTRARE IN BOSNIA ERZEGOVINA Si riassumono qui di seguito le informazioni relative ai documenti di viaggio emessi dalle Autorit\u00e0 italiane ai fini dell\u2019espatrio e riconosciuti validi presso le Autorit\u00e0 [&hellip;]","protected":false},"author":1,"featured_media":0,"parent":15,"menu_order":0,"comment_status":"closed","ping_status":"closed","template":"","meta":{"footnotes":""},"class_list":["post-47","page","type-page","status-publish","hentry"],"_links":{"self":[{"href":"https:\/\/ambsarajevo.esteri.it\/it\/wp-json\/wp\/v2\/pages\/47","targetHints":{"allow":["GET"]}}],"collection":[{"href":"https:\/\/ambsarajevo.esteri.it\/it\/wp-json\/wp\/v2\/pages"}],"about":[{"href":"https:\/\/ambsarajevo.esteri.it\/it\/wp-json\/wp\/v2\/types\/page"}],"author":[{"embeddable":true,"href":"https:\/\/ambsarajevo.esteri.it\/it\/wp-json\/wp\/v2\/users\/1"}],"replies":[{"embeddable":true,"href":"https:\/\/ambsarajevo.esteri.it\/it\/wp-json\/wp\/v2\/comments?post=47"}],"version-history":[{"count":5,"href":"https:\/\/ambsarajevo.esteri.it\/it\/wp-json\/wp\/v2\/pages\/47\/revisions"}],"predecessor-version":[{"id":7144,"href":"https:\/\/ambsarajevo.esteri.it\/it\/wp-json\/wp\/v2\/pages\/47\/revisions\/7144"}],"up":[{"embeddable":true,"href":"https:\/\/ambsarajevo.esteri.it\/it\/wp-json\/wp\/v2\/pages\/15"}],"wp:attachment":[{"href":"https:\/\/ambsarajevo.esteri.it\/it\/wp-json\/wp\/v2\/media?parent=47"}],"curies":[{"name":"wp","href":"https:\/\/api.w.org\/{rel}","templated":true}]}}