{"id":46,"date":"2023-04-11T18:11:52","date_gmt":"2023-04-11T16:11:52","guid":{"rendered":"https:\/\/ambasciatapraga.esteri.it\/?page_id=46"},"modified":"2024-10-17T15:28:40","modified_gmt":"2024-10-17T13:28:40","slug":"cooperazione-allo-sviluppo","status":"publish","type":"page","link":"https:\/\/ambsarajevo.esteri.it\/it\/italia-e-bosnia-erzegovina\/cooperazione-allo-sviluppo\/","title":{"rendered":"Cooperazione allo sviluppo"},"content":{"rendered":"<p style=\"text-align: justify;\">L\u2019Agenzia italiana per la cooperazione allo sviluppo (AICS) contribuisce allo sviluppo sostenibile della Bosnia Erzegovina, rafforzandone le capacit\u00e0 di <em>governance<\/em> e favorendo la riconciliazione interna attraverso interventi strategici nei settori di ambiente, turismo sostenibile, agricoltura, sviluppo rurale e cultura. La sede AICS per i Balcani occidentali, situata a Tirana, \u00e8 responsabile anche per Albania, Macedonia del Nord, Serbia e Kosovo, a conferma del crescente impegno italiano per lo sviluppo della regione e a sostegno del processo di adesione all\u2019Unione Europea.<\/p>\n<p style=\"text-align: justify;\">In Bosnia Erzegovina, AICS \u00e8 impegnata nella salvaguardia delle aree naturali, promuovendo la gestione delle risorse e il turismo sostenibili. Con progetti come <strong>NaturBosnia e Via delle Cascate<\/strong> AICS si impegna a valorizzare il patrimonio naturale e a generare opportunit\u00e0 di lavoro, contribuendo cos\u00ec a migliorare le condizioni di vita delle popolazioni locali. AICS, in partenariato con UNDP, sostiene inoltre il progetto <strong>Via Dinarica<\/strong>, una rete di sentieri che attraversa i Balcani occidentali e connette risorse culturali e naturali, rilanciando il turismo sostenibile come motore di sviluppo economico per le comunit\u00e0 rurali.<\/p>\n<p style=\"text-align: justify;\">Nel settore culturale, AICS sostiene il progetto <strong>Ars Aevi<\/strong>, che prevede la creazione di un nuovo Museo di arte contemporanea a Sarajevo. Questo museo rappresenta un simbolo di rinascita culturale e di dialogo internazionale, uno spazio espositivo per opere d&#8217;arte che riflettono la resilienza della capitale bosniaco-erzegovese. L\u2019iniziativa \u00e8 supportata da un fondo fiduciario che intende raccogliere risorse per la costruzione e l\u2019allestimento. Inoltre, in collaborazione con UNESCO e British Council, AICS partecipa al progetto <strong>Culture and Creativity for the Western Balkans<\/strong>, iniziativa finanziata dall\u2019UE e volta a sostenere le industrie culturali e creative della regione, promuovendo il dialogo interculturale e valorizzando il patrimonio culturale.<\/p>\n<p style=\"text-align: justify;\">Nel settore agricolo, AICS sostiene la transizione verso una produzione agroalimentare sostenibile ed allineata agli standard europei, attraverso progetti che supportano la <strong>transizione verso una produzione agroalimentare sana e verde<\/strong> e che puntano a migliorare le capacit\u00e0 degli agricoltori e dei produttori bosniaci nell\u2019adottare pratiche ecologiche e sostenibili, favorendo lo sviluppo rurale e la sicurezza alimentare. Un focus particolare \u00e8 riservato alla tutela della biodiversit\u00e0 agricola, con l\u2019introduzione di innovazioni che coinvolgono giovani e donne, supportando l\u2019imprenditorialit\u00e0 e la crescita socio-economica delle aree rurali. AICS promuove anche politiche locali in linea con le direttive europee, in particolare per la gestione delle <strong>aree agricole soggette a vincoli naturali<\/strong>, contribuendo cos\u00ec al miglioramento delle condizioni di vita delle comunit\u00e0 pi\u00f9 svantaggiate.<\/p>\n<p style=\"text-align: justify;\">AICS sostiene infine le <strong>agenzie specializzate delle Nazioni Unite<\/strong>, in particolare l\u2019Organizzazione internazionale per le migrazioni (OIM) nel settore della preparazione e risposta alle catastrofi, contribuendo a garantire la resilienza delle comunit\u00e0 e a mitigare gli impatti negativi dei disastri. Inoltre, attraverso l\u2019Ufficio delle Nazioni Unite per la droga e il crimine (UNODC), AICS supporta il rafforzamento delle capacit\u00e0 e il coordinamento tra le autorit\u00e0 giudiziarie e le forze dell&#8217;ordine in Bosnia Erzegovina, mirando a contrastare la corruzione e la criminalit\u00e0 organizzata.<\/p>\n<p style=\"text-align: justify;\">Oltre alle attivit\u00e0 dell\u2019AICS, il Governo italiano ha mobilitato ulteriori risorse attraverso altri canali, gestiti dal Ministero degli Affari Esteri e della Cooperazione Internazionale (MAECI):<\/p>\n<p style=\"text-align: justify;\">\u2013 il Fondo Migrazioni \u00e8 uno strumento del MAECI (Direzione Generale per le Politiche Migratorie e gli Italiani all\u2019Estero) volto a sostenere i Paesi partner nella gestione dei flussi migratori; in tale ambito, assume particolare rilevanza la collaborazione con OIM;<\/p>\n<p style=\"text-align: justify;\">\u2013 il fondo dell\u2019Iniziativa centro europea (InCE) presso la Banca europea per la ricostruzione e lo sviluppo (BERS) \u00e8 interamente finanziato dal Governo italiano e viene utilizzato per sostenere attivit\u00e0 di cooperazione tecnica nell\u2019ambito dei progetti della BERS e progetti di scambio di conoscenze tra Paesi UE ed extra-UE membri dell\u2019InCE, attraverso il Programma di scambio di <em>know-how<\/em> (KEP);<\/p>\n<p style=\"text-align: justify;\">\u2013 il Bando Balcani, promosso e gestito dalla Direzione Generale per l\u2019Europa e la Politica commerciale internazionale del MAECI, sostiene progetti \u2013 che possono essere presentati sia da organizzazioni private (come le ONG) che pubbliche (come le organizzazioni internazionali e le agenzie delle Nazioni Unite) \u2013 finalizzati a sostenere il processo di integrazione nell\u2019UE dei paesi dei Balcani occidentali, i loro processi di stabilizzazione e riconciliazione e la promozione dei diritti umani.<\/p>\n<p style=\"text-align: justify;\">Infine, diverse Amministrazioni italiane sono coinvolte in progetti di cooperazione finanziati dall\u2019UE a valere sullo Strumento di assistenza pre-adesione (IPA). Si ricordano, in particolare, il progetto EU4FAST (<em>EU Support to Strengthen the Fight against Migrant Smuggling and Trafficking in Human Beings in the Western Balkans<\/em>) per la cooperazione delle forze di polizia, che vede il coinvolgimento del Ministero dell\u2019Interno italiano; e diversi gemellaggi amministrativi (c.d. Twinnings), che vedono attualmente impegnate diverse amministrazioni italiane in progetti di assistenza ai partner bosniaco-erzegovesi in diversi settori (statistica, tassazione indiretta, digitalizzazione dei servizi pubblici, contrasto e prevenzione della corruzione).<\/p>\n","protected":false},"excerpt":{"rendered":"L\u2019Agenzia italiana per la cooperazione allo sviluppo (AICS) contribuisce allo sviluppo sostenibile della Bosnia Erzegovina, rafforzandone le capacit\u00e0 di governance e favorendo la riconciliazione interna attraverso interventi strategici nei settori di ambiente, turismo sostenibile, agricoltura, sviluppo rurale e cultura. La sede AICS per i Balcani occidentali, situata a Tirana, \u00e8 responsabile anche per Albania, Macedonia [&hellip;]","protected":false},"author":1,"featured_media":0,"parent":14,"menu_order":6,"comment_status":"closed","ping_status":"closed","template":"","meta":{"footnotes":""},"class_list":["post-46","page","type-page","status-publish","hentry"],"_links":{"self":[{"href":"https:\/\/ambsarajevo.esteri.it\/it\/wp-json\/wp\/v2\/pages\/46","targetHints":{"allow":["GET"]}}],"collection":[{"href":"https:\/\/ambsarajevo.esteri.it\/it\/wp-json\/wp\/v2\/pages"}],"about":[{"href":"https:\/\/ambsarajevo.esteri.it\/it\/wp-json\/wp\/v2\/types\/page"}],"author":[{"embeddable":true,"href":"https:\/\/ambsarajevo.esteri.it\/it\/wp-json\/wp\/v2\/users\/1"}],"replies":[{"embeddable":true,"href":"https:\/\/ambsarajevo.esteri.it\/it\/wp-json\/wp\/v2\/comments?post=46"}],"version-history":[{"count":2,"href":"https:\/\/ambsarajevo.esteri.it\/it\/wp-json\/wp\/v2\/pages\/46\/revisions"}],"predecessor-version":[{"id":4675,"href":"https:\/\/ambsarajevo.esteri.it\/it\/wp-json\/wp\/v2\/pages\/46\/revisions\/4675"}],"up":[{"embeddable":true,"href":"https:\/\/ambsarajevo.esteri.it\/it\/wp-json\/wp\/v2\/pages\/14"}],"wp:attachment":[{"href":"https:\/\/ambsarajevo.esteri.it\/it\/wp-json\/wp\/v2\/media?parent=46"}],"curies":[{"name":"wp","href":"https:\/\/api.w.org\/{rel}","templated":true}]}}