{"id":166,"date":"2023-07-14T10:07:08","date_gmt":"2023-07-14T08:07:08","guid":{"rendered":"https:\/\/ambsarajevo.esteri.it\/?page_id=166"},"modified":"2024-10-14T12:31:06","modified_gmt":"2024-10-14T10:31:06","slug":"contatti","status":"publish","type":"page","link":"https:\/\/ambsarajevo.esteri.it\/it\/chi-siamo\/contatti\/","title":{"rendered":"Contatti"},"content":{"rendered":"<p><strong>Indirizzo cancelleria diplomatica:<\/strong><br \/>\n<strong>\u010cekalu\u0161a 39<\/strong><br \/>\n<strong>Sarajevo 71000<\/strong><br \/>\n<strong>Bosnia ed Erzegovina<\/strong><\/p>\n<p>&nbsp;<\/p>\n<p><iframe loading=\"lazy\" src=\"https:\/\/www.google.com\/maps\/embed?pb=!1m18!1m12!1m3!1d2876.674387142217!2d18.414195815114052!3d43.86257717911466!2m3!1f0!2f0!3f0!3m2!1i1024!2i768!4f13.1!3m3!1m2!1s0x4758c8d136ca553f%3A0xee7c70734c79d544!2sAmbasciata%20italiana!5e0!3m2!1sit!2sit!4v1641911425797!5m2!1sit!2sit\" width=\"400\" height=\"300\" allowfullscreen=\"allowfullscreen\" data-mce-fragment=\"1\"><\/iframe><\/p>\n<p><strong>Centralino<\/strong><br \/>\nOrario di servizio: dal luned\u00ec al venerd\u00ec, 9.00 &#8211; 17.00<br \/>\nTel. +387 33 565 450<br \/>\nFax. +387 33 659 368<br \/>\nE-mail:\u00a0<a href=\"mailto:amb.sarajevo@esteri.it\">amb.sarajevo@esteri.it<\/a><br \/>\nPEC:\u00a0<a href=\"mailto:amb.sarajevo@cert.esteri.it\">amb.sarajevo@cert.esteri.it<\/a><br \/>\nCellulare d\u2019emergenza: <strong>+387 61130246<\/strong><\/p>\n<p><strong>Segreteria del Capo Missione e<\/strong><br \/>\n<strong>Ufficio Politico<\/strong><br \/>\nTel. (<strong>Centralino<\/strong>)<br \/>\nFax. +387 33 659368<br \/>\nE-mail:\u00a0<a href=\"mailto:segreteria.ambsarajevo@esteri.it\">segreteria.ambsarajevo@esteri.it<\/a><\/p>\n<p><strong>Ufficio Amministrazione<\/strong><br \/>\nTel.(Centralino)<br \/>\nFax: +387 33 659368<br \/>\nE-mail: <a href=\"mailto:Sarajevo.contabilita@esteri.it\">sarajevo.contabilita@esteri.it<\/a><\/p>\n<p><strong>Ufficio Stampa<\/strong><br \/>\nTel. (<strong>Centralino<\/strong>)<br \/>\nFax. +387 33 659368<br \/>\nE-mail:\u00a0<a href=\"mailto:stampa.ambsarajevo@esteri.it\">stampa.ambsarajevo@esteri.it<\/a><\/p>\n<p><strong>Ufficio Consolare e Visti<\/strong><br \/>\nRizaha \u0160teti\u0107a 4-6 (accesso dal retro dell\u2019Ambasciata)<br \/>\nAperto al pubblico: lunedi\u2019, mercoledi\u2019 e venerdi\u2019: dalle 9.00 alle 12.00<br \/>\nInformazioni telefoniche: dal lunedi\u2019 al venerdi\u2019: dalle 12.00 alle 13.00<br \/>\nTel. (<strong>Centralino<\/strong>); Fax +387 33 214879<br \/>\nE-mail (Sezione Consolare):\u00a0<a href=\"mailto:consolare.ambsarajevo@esteri.it\">consolare.ambsarajevo@esteri.it<\/a><br \/>\nE-mail (Sezione Visti):\u00a0<a href=\"mailto:visti.ambsarajevo@esteri.it\">visti.ambsarajevo@esteri.it<\/a><\/p>\n<p><strong>Ufficio Culturale<\/strong><br \/>\nAperto al pubblico dal luned\u00ec al venerd\u00ec, 9.00 &#8211; 12.00<br \/>\nPer informazioni telefoniche e per fissare un appuntamento in altre fasce orarie:<br \/>\nTel. (<strong>Centralino<\/strong>)<br \/>\nFax. +387 33 659368<br \/>\nE-mail:\u00a0<a href=\"mailto:culturale.ambsarajevo@esteri.it\">culturale.ambsarajevo@esteri.it<\/a><\/p>\n<p><strong>Ufficio Commerciale<\/strong><br \/>\nOrario di servizio: dal luned\u00ec al venerd\u00ec 9.00-17.00<br \/>\nTel: (<strong>Centralino<\/strong>)<br \/>\nEmail:\u00a0<a href=\"mailto:commerciale.ambsarajevo@esteri.it\">commerciale.ambsarajevo@esteri.it<\/a><\/p>\n<p><strong>Sportello Unico Ambasciata \u2013 ICE<\/strong><br \/>\n<strong>Istituto nazionale per il Commercio Estero<\/strong><br \/>\nTel. +387 33 276 560<br \/>\nFax. +387 33 276565<br \/>\nE-mail:\u00a0<a href=\"mailto:sarajevo@ice.it\">sarajevo@ice.it<\/a><br \/>\nWeb:\u00a0<a href=\"https:\/\/www.ice.it\/it\/mercati\/bosnia-erzegovina\">https:\/\/www.ice.it\/it\/mercati\/bosnia-erzegovina<\/a><br \/>\nOrario di apertura al pubblico:<br \/>\ndal luned\u00ec al gioved\u00ec, 8.30 &#8211; 17.00<br \/>\nvenerd\u00ec 8.30 &#8211; 14.00<\/p>\n<p><strong>Agenzia Italiana per la Cooperazione allo Sviluppo (AICS)<\/strong><br \/>\n<strong>Sede Regionale di Tirana -Sezione Distaccata di Sarajevo<\/strong><br \/>\nCekalusa 51<br \/>\n71000 Sarajevo<br \/>\nTel. +387 33 560170<br \/>\nE-mail:\u00a0<a href=\"mailto:segreteria.sarajevo@aics.gov.it\">segreteria.sarajevo@aics.gov.it<\/a><br \/>\n<a href=\"http:\/\/www.aicstirana.org\/\">www.aicstirana.org<\/a><br \/>\nOrario di apertura al pubblico:<br \/>\ndal luned\u00ec al venerd\u00ec, 9.00 &#8211; 17.00<\/p>\n<p><strong>Piattaforma Nexus (gestione dei contatti e delle richieste<\/strong><strong> di assistenza delle imprese italiane all&#8217;estero)<\/strong><\/p>\n<p>Attraverso la piattaforma Nexus, le imprese potranno inviare all\u2019Ambasciata le proprie richieste di informazioni e\/o assistenza attraverso la compilazione di un formulario, in cui indicare, assieme alla tipologia di sostegno richiesto, anche i principali dati societari.<\/p>\n<p>Link al formulario di richiesta online: <a href=\"https:\/\/nexus.esteri.it\/?sede=112\">https:\/\/nexus.esteri.it\/?sede=112<\/a><\/p>\n","protected":false},"excerpt":{"rendered":"Indirizzo cancelleria diplomatica: \u010cekalu\u0161a 39 Sarajevo 71000 Bosnia ed Erzegovina &nbsp; Centralino Orario di servizio: dal luned\u00ec al venerd\u00ec, 9.00 &#8211; 17.00 Tel. +387 33 565 450 Fax. +387 33 659 368 E-mail:\u00a0amb.sarajevo@esteri.it PEC:\u00a0amb.sarajevo@cert.esteri.it Cellulare d\u2019emergenza: +387 61130246 Segreteria del Capo Missione e Ufficio Politico Tel. (Centralino) Fax. +387 33 659368 E-mail:\u00a0segreteria.ambsarajevo@esteri.it Ufficio Amministrazione Tel.(Centralino) [&hellip;]","protected":false},"author":1,"featured_media":0,"parent":13,"menu_order":4,"comment_status":"closed","ping_status":"closed","template":"","meta":{"footnotes":""},"class_list":["post-166","page","type-page","status-publish","hentry"],"_links":{"self":[{"href":"https:\/\/ambsarajevo.esteri.it\/it\/wp-json\/wp\/v2\/pages\/166","targetHints":{"allow":["GET"]}}],"collection":[{"href":"https:\/\/ambsarajevo.esteri.it\/it\/wp-json\/wp\/v2\/pages"}],"about":[{"href":"https:\/\/ambsarajevo.esteri.it\/it\/wp-json\/wp\/v2\/types\/page"}],"author":[{"embeddable":true,"href":"https:\/\/ambsarajevo.esteri.it\/it\/wp-json\/wp\/v2\/users\/1"}],"replies":[{"embeddable":true,"href":"https:\/\/ambsarajevo.esteri.it\/it\/wp-json\/wp\/v2\/comments?post=166"}],"version-history":[{"count":6,"href":"https:\/\/ambsarajevo.esteri.it\/it\/wp-json\/wp\/v2\/pages\/166\/revisions"}],"predecessor-version":[{"id":4661,"href":"https:\/\/ambsarajevo.esteri.it\/it\/wp-json\/wp\/v2\/pages\/166\/revisions\/4661"}],"up":[{"embeddable":true,"href":"https:\/\/ambsarajevo.esteri.it\/it\/wp-json\/wp\/v2\/pages\/13"}],"wp:attachment":[{"href":"https:\/\/ambsarajevo.esteri.it\/it\/wp-json\/wp\/v2\/media?parent=166"}],"curies":[{"name":"wp","href":"https:\/\/api.w.org\/{rel}","templated":true}]}}