{"id":15,"date":"2023-04-11T17:08:57","date_gmt":"2023-04-11T15:08:57","guid":{"rendered":"https:\/\/ambasciatapraga.esteri.it\/?page_id=15"},"modified":"2025-07-02T10:39:33","modified_gmt":"2025-07-02T08:39:33","slug":"servizi-consolari-e-visti","status":"publish","type":"page","link":"https:\/\/ambsarajevo.esteri.it\/it\/servizi-consolari-e-visti\/","title":{"rendered":"Servizi Consolari e Visti"},"content":{"rendered":"<p style=\"text-align: justify;\">I servizi consolari sono erogati secondo principi di eguaglianza, imparzialit\u00e0, efficienza e trasparenza. Si raccomanda di diffidare e di segnalare all\u2019Ambasciata eventuali intermediari che offrano servizi a pagamento per presentare o facilitare pratiche consolari e pratiche di visto.<\/p>\n<p style=\"text-align: justify;\">I Consolati assicurano a tutti i connazionali tutela in caso di violazione dei loro diritti fondamentali e di limitazione o privazione della loro libert\u00e0 personale. Inoltre assicurano assistenza per i casi di emergenza.<\/p>\n<p style=\"text-align: justify;\">Maggiori informazioni sui servizi erogati dalla sezione consolare dell\u2019Ambasciata d\u2019Italia a Sarajevo sono disponibili nelle due sotto-sezioni: \u201c<a href=\"https:\/\/ambsarajevo.esteri.it\/it\/servizi-consolari-e-visti\/servizi-per-il-cittadino-italiano\/\" target=\"_blank\" rel=\"noopener\">Servizi per il cittadino italiano<\/a>\u201d e \u201c<a href=\"https:\/\/ambsarajevo.esteri.it\/it\/servizi-consolari-e-visti\/servizi-per-il-cittadino-straniero\/\" target=\"_blank\" rel=\"noopener\">Servizi per il cittadino straniero<\/a>\u201d.<\/p>\n<p style=\"text-align: justify;\">La sezione consolare dell\u2019Ambasciata d\u2019Italia a Sarajevo \u00e8 aperta al pubblico ogni luned\u00ec, mercoled\u00ec e venerd\u00ec dalle ore 09.00 alle ore 12.00.<\/p>\n<p style=\"text-align: justify;\">Il personale della sezione consolare risponde ad eventuali richieste di informazioni al telefono tutti i giorni nella fascia oraria 12.00 &#8211; 13.00.<\/p>\n<p style=\"text-align: justify;\">Si sar\u00e0 grati all\u2019utenza se per richiedere un appuntamento vorr\u00e0 cortesemente utilizzare in via preferenziale la piattaforma <a href=\"https:\/\/prenotami.esteri.it\/\">Prenot@mi<\/a> oppure inviare una e-mail a: <a href=\"mailto:cons.ambsara@esteri.it\">cons.ambsara@esteri.it<\/a> per richieste consolari e <a href=\"mailto:visti.ambsarajevo@esteri.it\">visti.ambsarajevo@esteri.it<\/a> per informazioni sui visti, ed utilizzare il portale <a href=\"https:\/\/serviziconsolari.esteri.it\/ScoFE\/index.sco\">FAST-IT<\/a> per i servizi ivi disponibili.<\/p>\n<p class=\"null\" style=\"margin: 0cm 0cm 0.0001pt; text-align: justify;\"><span class=\"null1\"><span style=\"background: silver;\">\u00a0<\/span><\/span><\/p>\n","protected":false},"excerpt":{"rendered":"I servizi consolari sono erogati secondo principi di eguaglianza, imparzialit\u00e0, efficienza e trasparenza. Si raccomanda di diffidare e di segnalare all\u2019Ambasciata eventuali intermediari che offrano servizi a pagamento per presentare o facilitare pratiche consolari e pratiche di visto. I Consolati assicurano a tutti i connazionali tutela in caso di violazione dei loro diritti fondamentali e [&hellip;]","protected":false},"author":1,"featured_media":0,"parent":0,"menu_order":6,"comment_status":"closed","ping_status":"closed","template":"","meta":{"footnotes":""},"class_list":["post-15","page","type-page","status-publish","hentry"],"_links":{"self":[{"href":"https:\/\/ambsarajevo.esteri.it\/it\/wp-json\/wp\/v2\/pages\/15","targetHints":{"allow":["GET"]}}],"collection":[{"href":"https:\/\/ambsarajevo.esteri.it\/it\/wp-json\/wp\/v2\/pages"}],"about":[{"href":"https:\/\/ambsarajevo.esteri.it\/it\/wp-json\/wp\/v2\/types\/page"}],"author":[{"embeddable":true,"href":"https:\/\/ambsarajevo.esteri.it\/it\/wp-json\/wp\/v2\/users\/1"}],"replies":[{"embeddable":true,"href":"https:\/\/ambsarajevo.esteri.it\/it\/wp-json\/wp\/v2\/comments?post=15"}],"version-history":[{"count":5,"href":"https:\/\/ambsarajevo.esteri.it\/it\/wp-json\/wp\/v2\/pages\/15\/revisions"}],"predecessor-version":[{"id":4996,"href":"https:\/\/ambsarajevo.esteri.it\/it\/wp-json\/wp\/v2\/pages\/15\/revisions\/4996"}],"wp:attachment":[{"href":"https:\/\/ambsarajevo.esteri.it\/it\/wp-json\/wp\/v2\/media?parent=15"}],"curies":[{"name":"wp","href":"https:\/\/api.w.org\/{rel}","templated":true}]}}