{"id":14,"date":"2023-04-11T17:08:52","date_gmt":"2023-04-11T15:08:52","guid":{"rendered":"https:\/\/ambasciatapraga.esteri.it\/?page_id=14"},"modified":"2023-08-17T16:31:37","modified_gmt":"2023-08-17T14:31:37","slug":"italia-e-bosnia-erzegovina","status":"publish","type":"page","link":"https:\/\/ambsarajevo.esteri.it\/it\/italia-e-bosnia-erzegovina\/","title":{"rendered":"Italia e Bosnia Erzegovina"},"content":{"rendered":"<p>Le relazioni tra l\u2019Italia e la Bosnia Erzegovina sono antiche e forti. Qualche dato e curiosit\u00e0 sulla storia dei nostri rapporti ne testimonia la vivacit\u00e0 e la ricchezza.<\/p>\n<p>La regina di Bosnia Katarina Vuk\u010di\u0107 Kosa\u010da (1424-1478), moglie di Sjepan Toma\u0161, dopo l\u2019invasione del regno da parte degli ottomani e l\u2019assassinio dell\u2019allora Re Stjepan Toma\u0161evi\u0107, si rifugi\u00f2 dapprima a Ragusa (Dubrovnik) e poi a Roma, dove ottenne l\u2019aiuto e l\u2019ospitalit\u00e0 del Pontefice ed il rispetto dei locali e sostenne incessantemente la causa della liberazione della madrepatria.<\/p>\n<p>Dopo la sua morte, nel 1478, venne sepolta nella Chiesa di Santa Maria in AraCoeli, dove sono tuttora custodite le sue spoglie.<\/p>\n<p>&nbsp;<\/p>\n<p style=\"text-align: center;\"><a href=\"https:\/\/ambsarajevo.esteri.it\/wp-content\/uploads\/2023\/07\/Regina-Vukcic-Kosaca.jpg\"><img loading=\"lazy\" decoding=\"async\" class=\"wp-image-345 img-fluid aligncenter\" src=\"https:\/\/ambsarajevo.esteri.it\/wp-content\/uploads\/2023\/07\/Regina-Vukcic-Kosaca-194x300.jpg\" alt=\"Regina Vuk\u010di\u0107 Kosa\u010da_Santa Maria in AraCoeli\" width=\"271\" height=\"419\" srcset=\"https:\/\/ambsarajevo.esteri.it\/wp-content\/uploads\/2023\/07\/Regina-Vukcic-Kosaca-194x300.jpg 194w, https:\/\/ambsarajevo.esteri.it\/wp-content\/uploads\/2023\/07\/Regina-Vukcic-Kosaca.jpg 490w\" sizes=\"auto, (max-width: 271px) 100vw, 271px\" \/><\/a><\/p>\n<p>&nbsp;<\/p>\n<p>Le relazioni crebbero e si intensificarono durante il dominio ottomano nei Balcani. Dall\u2019Archivio di Stato di Venezia, ad esempio, sono recentemente riemerse prove documentali dei forti rapporti tra la Repubblica di Venezia e la Sublime Porta a Sarajevo: ad esempio, in una lettera del 1625, il Doge di Venezia si rivolse a Murteza Pasha di Sarajevo con una richiesta di accrescere le opportunit\u00e0 di accesso dei mercanti veneziani al mercato bosniaco.<\/p>\n<p>&nbsp;<\/p>\n<p style=\"text-align: center;\"><a href=\"https:\/\/ambsarajevo.esteri.it\/wp-content\/uploads\/2023\/07\/Lettera-del-Doge-a-Murteza-Pasha3-300x169.jpg\"><img loading=\"lazy\" decoding=\"async\" class=\"aligncenter size-medium wp-image-353 img-fluid\" src=\"https:\/\/ambsarajevo.esteri.it\/wp-content\/uploads\/2023\/07\/Lettera-del-Doge-a-Murteza-Pasha3-300x169.jpg\" alt=\"\" width=\"300\" height=\"169\" srcset=\"https:\/\/ambsarajevo.esteri.it\/wp-content\/uploads\/2023\/07\/Lettera-del-Doge-a-Murteza-Pasha3-300x169.jpg 300w, https:\/\/ambsarajevo.esteri.it\/wp-content\/uploads\/2023\/07\/Lettera-del-Doge-a-Murteza-Pasha3-1024x576.jpg 1024w, https:\/\/ambsarajevo.esteri.it\/wp-content\/uploads\/2023\/07\/Lettera-del-Doge-a-Murteza-Pasha3-768x432.jpg 768w, https:\/\/ambsarajevo.esteri.it\/wp-content\/uploads\/2023\/07\/Lettera-del-Doge-a-Murteza-Pasha3.jpg 1194w\" sizes=\"auto, (max-width: 300px) 100vw, 300px\" \/><\/a><\/p>\n<p style=\"text-align: center;\"><a href=\"https:\/\/ambsarajevo.esteri.it\/wp-content\/uploads\/2023\/07\/Lettera-del-Doge-a-Murteza-Pasha2-300x161.jpg\"><img loading=\"lazy\" decoding=\"async\" class=\"aligncenter size-medium wp-image-352 img-fluid\" src=\"https:\/\/ambsarajevo.esteri.it\/wp-content\/uploads\/2023\/07\/Lettera-del-Doge-a-Murteza-Pasha2-300x161.jpg\" alt=\"\" width=\"300\" height=\"161\" srcset=\"https:\/\/ambsarajevo.esteri.it\/wp-content\/uploads\/2023\/07\/Lettera-del-Doge-a-Murteza-Pasha2-300x161.jpg 300w, https:\/\/ambsarajevo.esteri.it\/wp-content\/uploads\/2023\/07\/Lettera-del-Doge-a-Murteza-Pasha2-768x413.jpg 768w, https:\/\/ambsarajevo.esteri.it\/wp-content\/uploads\/2023\/07\/Lettera-del-Doge-a-Murteza-Pasha2.jpg 784w\" sizes=\"auto, (max-width: 300px) 100vw, 300px\" \/><\/a><\/p>\n<p style=\"text-align: center;\"><a href=\"https:\/\/ambsarajevo.esteri.it\/wp-content\/uploads\/2023\/07\/Lettera-del-Doge-a-Murteza-Pasha-300x169.jpg\"><img loading=\"lazy\" decoding=\"async\" class=\"aligncenter size-medium wp-image-351 img-fluid\" src=\"https:\/\/ambsarajevo.esteri.it\/wp-content\/uploads\/2023\/07\/Lettera-del-Doge-a-Murteza-Pasha-300x169.jpg\" alt=\"\" width=\"300\" height=\"169\" srcset=\"https:\/\/ambsarajevo.esteri.it\/wp-content\/uploads\/2023\/07\/Lettera-del-Doge-a-Murteza-Pasha-300x169.jpg 300w, https:\/\/ambsarajevo.esteri.it\/wp-content\/uploads\/2023\/07\/Lettera-del-Doge-a-Murteza-Pasha-768x432.jpg 768w, https:\/\/ambsarajevo.esteri.it\/wp-content\/uploads\/2023\/07\/Lettera-del-Doge-a-Murteza-Pasha.jpg 1017w\" sizes=\"auto, (max-width: 300px) 100vw, 300px\" \/><\/a><\/p>\n<p>&nbsp;<\/p>\n<p style=\"text-align: left;\">La prima rappresentanza diplomatica italiana sul territorio della Bosnia Erzegovina risale al 1862, quando il Re Vittorio Emanuele II &#8211; appena un anno dopo l\u2019indipendenza del Regno d\u2019Italia &#8211; decise di istituire a Sarajevo il primo Consolato Generale del Regno d\u2019Italia.<\/p>\n<p>&nbsp;<\/p>\n<p style=\"text-align: center;\"><a href=\"https:\/\/ambsarajevo.esteri.it\/wp-content\/uploads\/2023\/07\/Vittorio-Emanuele-II_primo-consolato-654x1024.png\"><img loading=\"lazy\" decoding=\"async\" class=\"aligncenter wp-image-354 img-fluid\" src=\"https:\/\/ambsarajevo.esteri.it\/wp-content\/uploads\/2023\/07\/Vittorio-Emanuele-II_primo-consolato-191x300.png\" alt=\"\" width=\"240\" height=\"377\" srcset=\"https:\/\/ambsarajevo.esteri.it\/wp-content\/uploads\/2023\/07\/Vittorio-Emanuele-II_primo-consolato-191x300.png 191w, https:\/\/ambsarajevo.esteri.it\/wp-content\/uploads\/2023\/07\/Vittorio-Emanuele-II_primo-consolato-654x1024.png 654w, https:\/\/ambsarajevo.esteri.it\/wp-content\/uploads\/2023\/07\/Vittorio-Emanuele-II_primo-consolato-768x1203.png 768w, https:\/\/ambsarajevo.esteri.it\/wp-content\/uploads\/2023\/07\/Vittorio-Emanuele-II_primo-consolato.png 1237w\" sizes=\"auto, (max-width: 240px) 100vw, 240px\" \/><\/a><\/p>\n<p>&nbsp;<\/p>\n<p>Durante il dominio asburgico della Bosnia Erzegovina, diverse comunit\u00e0 provenienti dal Trentino, impoverite da una grave carestia, vennero trasferite dall\u2019Impero nelle province bosniache verso la fine del XIX secolo. Ancora oggi, in diverse localit\u00e0 della Bosnia Erzegovina risiedono comunit\u00e0 di cittadini di origine italiana, in particolare trentina, che hanno grandemente contribuito allo sviluppo ed alla crescita del territorio.<\/p>\n<p>&nbsp;<\/p>\n<p style=\"text-align: center;\"><a href=\"https:\/\/ambsarajevo.esteri.it\/wp-content\/uploads\/2023\/07\/Comunita-trentine-in-BiH.png\"><img loading=\"lazy\" decoding=\"async\" class=\"aligncenter wp-image-355 img-fluid\" src=\"https:\/\/ambsarajevo.esteri.it\/wp-content\/uploads\/2023\/07\/Comunita-trentine-in-BiH-300x195.png\" alt=\"\" width=\"358\" height=\"233\" srcset=\"https:\/\/ambsarajevo.esteri.it\/wp-content\/uploads\/2023\/07\/Comunita-trentine-in-BiH-300x195.png 300w, https:\/\/ambsarajevo.esteri.it\/wp-content\/uploads\/2023\/07\/Comunita-trentine-in-BiH.png 474w\" sizes=\"auto, (max-width: 358px) 100vw, 358px\" \/><\/a><\/p>\n<p>&nbsp;<\/p>\n<p>Anche durante il periodo iugoslavo, i legami tra l\u2019Italia e la Bosnia Erzegovina sono rimasti forti. Si ricorda in particolare la storica visita a Sarajevo, nell\u2019ottobre del 1979, dell\u2019allora Presidente della Repubblica Sandro Pertini. A Raif Dizdarevi\u0107, primo Presidente bosgnacco della Presidenza Iugoslava, confess\u00f2 di essersi commosso perch\u00e9 gruppi di giovani avevano gridato \u02baViva Sandro&#8221; in segno di amicizia. &#8220;Siamo in una terra di cultura e civilt\u00e0 antica&#8221;, dichiar\u00f2 in quell\u2019occasione Pertini.<\/p>\n<p>&nbsp;<\/p>\n<p style=\"text-align: center;\"><a href=\"https:\/\/ambsarajevo.esteri.it\/wp-content\/uploads\/2023\/07\/Pertini-a-Sarajevo-4-300x300.jpg\"><img loading=\"lazy\" decoding=\"async\" class=\"aligncenter size-medium wp-image-364 img-fluid\" src=\"https:\/\/ambsarajevo.esteri.it\/wp-content\/uploads\/2023\/07\/Pertini-a-Sarajevo-4-300x300.jpg\" alt=\"\" width=\"300\" height=\"300\" srcset=\"https:\/\/ambsarajevo.esteri.it\/wp-content\/uploads\/2023\/07\/Pertini-a-Sarajevo-4-300x300.jpg 300w, https:\/\/ambsarajevo.esteri.it\/wp-content\/uploads\/2023\/07\/Pertini-a-Sarajevo-4-1024x1024.jpg 1024w, https:\/\/ambsarajevo.esteri.it\/wp-content\/uploads\/2023\/07\/Pertini-a-Sarajevo-4-150x150.jpg 150w, https:\/\/ambsarajevo.esteri.it\/wp-content\/uploads\/2023\/07\/Pertini-a-Sarajevo-4-768x768.jpg 768w, https:\/\/ambsarajevo.esteri.it\/wp-content\/uploads\/2023\/07\/Pertini-a-Sarajevo-4.jpg 1080w\" sizes=\"auto, (max-width: 300px) 100vw, 300px\" \/><\/a><\/p>\n<p style=\"text-align: center;\"><a href=\"https:\/\/ambsarajevo.esteri.it\/wp-content\/uploads\/2023\/07\/Pertini-a-Sarajevo-300x300.jpg\"><img loading=\"lazy\" decoding=\"async\" class=\"aligncenter size-medium wp-image-356 img-fluid\" src=\"https:\/\/ambsarajevo.esteri.it\/wp-content\/uploads\/2023\/07\/Pertini-a-Sarajevo-300x300.jpg\" alt=\"\" width=\"300\" height=\"300\" srcset=\"https:\/\/ambsarajevo.esteri.it\/wp-content\/uploads\/2023\/07\/Pertini-a-Sarajevo-300x300.jpg 300w, https:\/\/ambsarajevo.esteri.it\/wp-content\/uploads\/2023\/07\/Pertini-a-Sarajevo-1024x1024.jpg 1024w, https:\/\/ambsarajevo.esteri.it\/wp-content\/uploads\/2023\/07\/Pertini-a-Sarajevo-150x150.jpg 150w, https:\/\/ambsarajevo.esteri.it\/wp-content\/uploads\/2023\/07\/Pertini-a-Sarajevo-768x768.jpg 768w, https:\/\/ambsarajevo.esteri.it\/wp-content\/uploads\/2023\/07\/Pertini-a-Sarajevo.jpg 1080w\" sizes=\"auto, (max-width: 300px) 100vw, 300px\" \/><\/a><\/p>\n<p style=\"text-align: center;\"><a href=\"https:\/\/ambsarajevo.esteri.it\/wp-content\/uploads\/2023\/07\/Pertini-a-Sarajevo-2-300x300.jpg\"><img loading=\"lazy\" decoding=\"async\" class=\"aligncenter size-medium wp-image-357 img-fluid\" src=\"https:\/\/ambsarajevo.esteri.it\/wp-content\/uploads\/2023\/07\/Pertini-a-Sarajevo-2-300x300.jpg\" alt=\"\" width=\"300\" height=\"300\" srcset=\"https:\/\/ambsarajevo.esteri.it\/wp-content\/uploads\/2023\/07\/Pertini-a-Sarajevo-2-300x300.jpg 300w, https:\/\/ambsarajevo.esteri.it\/wp-content\/uploads\/2023\/07\/Pertini-a-Sarajevo-2-1024x1024.jpg 1024w, https:\/\/ambsarajevo.esteri.it\/wp-content\/uploads\/2023\/07\/Pertini-a-Sarajevo-2-150x150.jpg 150w, https:\/\/ambsarajevo.esteri.it\/wp-content\/uploads\/2023\/07\/Pertini-a-Sarajevo-2-768x768.jpg 768w, https:\/\/ambsarajevo.esteri.it\/wp-content\/uploads\/2023\/07\/Pertini-a-Sarajevo-2.jpg 1080w\" sizes=\"auto, (max-width: 300px) 100vw, 300px\" \/><\/a><\/p>\n<p>&nbsp;<\/p>\n<p>Il conflitto degli anni novanta, pur nella sua tragicit\u00e0, ha costituito un elemento di ulteriore rafforzamento dei legami tra Italia e Bosnia Erzegovina ed, in particolare, tra le rispettive societ\u00e0 civili. Degna di menzione la famosa \u201cmarcia dei 500\u201d, iniziativa non-violenta di pacifisti italiani che partirono da Ancona diretti a Sarajevo, per denunciare l\u2019assurdit\u00e0 della guerra e manifestare per la cessazione delle ostilit\u00e0. Analoga iniziativa (\u201cMir sada\u201d: \u201cpace adesso\u201d) ebbe luogo l\u2019anno successivo e vide numerosissimi attivisti impegnati in iniziative di solidariet\u00e0 con comunit\u00e0 di tutto il territorio della Bosnia Erzegovina.<\/p>\n<p>L\u2019Italia si mobilit\u00f2 in forme e proporzioni mai conosciute prima, con iniziative ed attivit\u00e0 di carattere umanitario a larghissimo spettro. L\u2019accoglienza dei rifugiati bosniaco-erzegovesi costitu\u00ec solo una parte di tale impegno: ancora oggi decine di bambini si recano ogni anno in Italia attraverso schemi di accoglienza nati proprio durante il conflitto degli anni novanta e proseguiti\u00a0 negli anni quale forma di scambi studenteschi e giovanili. Parallelamente, sempre pi\u00f9 ampia \u00e8 la partecipazione di studenti italiani a scambi giovanili in Bosnia Erzegovina.<\/p>\n<p>La solidariet\u00e0 fu talmente estesa che si rese necessario sistematizzarla in un sistema strutturato di relazioni: si tratta del famoso \u201cAtlante\u201d della cooperazione decentrata tra Italia e Bosnia Erzegovina, che ebbe la luce proprio negli anni novanta ed i cui effetti positivi si registrano ancora oggi, come \u00e8 testimoniato dalla perdurante esistenza di protocolli di partenariato e gemellaggi tra diverse realt\u00e0 amministrative italiane e bosniaco-erzegovesi. Tra queste si ricorda, a titolo di esempio, la cooperazione tra la Regione Piemonte ed il Cantone di Zenica-Doboj, formalizzata in un memorandum di cooperazione recentemente rinnovato.<\/p>\n<p>&nbsp;<\/p>\n<p style=\"text-align: center;\"><a href=\"https:\/\/ambsarajevo.esteri.it\/wp-content\/uploads\/2023\/07\/Atlante-di-cooperazione-decentrata-1024x786.jpg\"><img loading=\"lazy\" decoding=\"async\" class=\"aligncenter wp-image-359 img-fluid\" src=\"https:\/\/ambsarajevo.esteri.it\/wp-content\/uploads\/2023\/07\/Atlante-di-cooperazione-decentrata-300x230.jpg\" alt=\"\" width=\"618\" height=\"473\" srcset=\"https:\/\/ambsarajevo.esteri.it\/wp-content\/uploads\/2023\/07\/Atlante-di-cooperazione-decentrata-300x230.jpg 300w, https:\/\/ambsarajevo.esteri.it\/wp-content\/uploads\/2023\/07\/Atlante-di-cooperazione-decentrata-1024x786.jpg 1024w\" sizes=\"auto, (max-width: 618px) 100vw, 618px\" \/><\/a><\/p>\n<p>Accanto alla dimensione della cooperazione, le relazioni politiche e diplomatiche sono cresciute e si sono rafforzate nel tempo. La prima visita di un Capo di Stato italiano in Bosnia Erzegovina, all\u2019ora Presidente della Repubblica Oscar Luigi Scalfaro, avvenne nel luglio del 1998.<\/p>\n<p>&nbsp;<\/p>\n<p style=\"text-align: center;\"><a href=\"https:\/\/ambsarajevo.esteri.it\/wp-content\/uploads\/2023\/07\/Scalfaro-in-BiH.jpg\"><img loading=\"lazy\" decoding=\"async\" class=\"aligncenter wp-image-367 img-fluid\" src=\"https:\/\/ambsarajevo.esteri.it\/wp-content\/uploads\/2023\/07\/Scalfaro-in-BiH-300x201.jpg\" alt=\"\" width=\"422\" height=\"283\" srcset=\"https:\/\/ambsarajevo.esteri.it\/wp-content\/uploads\/2023\/07\/Scalfaro-in-BiH-300x201.jpg 300w, https:\/\/ambsarajevo.esteri.it\/wp-content\/uploads\/2023\/07\/Scalfaro-in-BiH.jpg 569w\" sizes=\"auto, (max-width: 422px) 100vw, 422px\" \/><\/a><\/p>\n<p>&nbsp;<\/p>\n<p>Fece seguito, nel 2002, la visita del Presidente Carlo Azeglio Ciampi, il quale visit\u00f2 Mostar, ove pose la prima pietra per la ricostruzione del distrutto ponte vecchio della Citt\u00e0 (ricostruito grazie all\u2019ingente apporto dei donatori internazionali ed, in particolare, proprio dell\u2019Italia), e Sarajevo.<\/p>\n<p>&nbsp;<\/p>\n<p style=\"text-align: center;\"><a href=\"https:\/\/ambsarajevo.esteri.it\/wp-content\/uploads\/2023\/07\/Ciampi-a-Mostar.png\"><img loading=\"lazy\" decoding=\"async\" class=\"aligncenter wp-image-374 img-fluid\" src=\"https:\/\/ambsarajevo.esteri.it\/wp-content\/uploads\/2023\/07\/Ciampi-a-Mostar-300x226.png\" alt=\"\" width=\"387\" height=\"292\" srcset=\"https:\/\/ambsarajevo.esteri.it\/wp-content\/uploads\/2023\/07\/Ciampi-a-Mostar-300x226.png 300w, https:\/\/ambsarajevo.esteri.it\/wp-content\/uploads\/2023\/07\/Ciampi-a-Mostar.png 663w\" sizes=\"auto, (max-width: 387px) 100vw, 387px\" \/><\/a><\/p>\n<p style=\"text-align: center;\"><a href=\"https:\/\/ambsarajevo.esteri.it\/wp-content\/uploads\/2023\/07\/Ciampi-a-Mostar-2.png\"><img loading=\"lazy\" decoding=\"async\" class=\"aligncenter wp-image-375 img-fluid\" src=\"https:\/\/ambsarajevo.esteri.it\/wp-content\/uploads\/2023\/07\/Ciampi-a-Mostar-2-300x208.png\" alt=\"\" width=\"385\" height=\"267\" srcset=\"https:\/\/ambsarajevo.esteri.it\/wp-content\/uploads\/2023\/07\/Ciampi-a-Mostar-2-300x208.png 300w, https:\/\/ambsarajevo.esteri.it\/wp-content\/uploads\/2023\/07\/Ciampi-a-Mostar-2.png 425w\" sizes=\"auto, (max-width: 385px) 100vw, 385px\" \/><\/a><\/p>\n<p>&nbsp;<\/p>\n<p>L\u2019ultima visita di un Capo di Stato italiano in Bosnia Erzegovina risale al maggio del 2016, in occasione della Riunione plenaria del Vertice del Processo di Brdo-Brioni che si tenne a Sarajevo: il Presidente della Repubblica Sergio Mattarella incontr\u00f2 allora la Presidenza tripartita della Bosnia Erzegovina, il contingente militare italiano presso la missione EUFOR \/ Althea e visit\u00f2 la collezione di arte contemporanea \u201cARS AEVI\u201d, da sempre tra le maggiori espressioni della vivace cooperazione culturale tra Italia e Bosnia Erzegovina.<\/p>\n<p>&nbsp;<\/p>\n<p style=\"text-align: center;\"><a href=\"https:\/\/ambsarajevo.esteri.it\/wp-content\/uploads\/2023\/07\/Vertice-del-Processo-di-Brdo-Brioni_Mattarella-768x512.jpg\"><img loading=\"lazy\" decoding=\"async\" class=\"aligncenter wp-image-376 img-fluid\" src=\"https:\/\/ambsarajevo.esteri.it\/wp-content\/uploads\/2023\/07\/Vertice-del-Processo-di-Brdo-Brioni_Mattarella-300x200.jpg\" alt=\"\" width=\"416\" height=\"278\" srcset=\"https:\/\/ambsarajevo.esteri.it\/wp-content\/uploads\/2023\/07\/Vertice-del-Processo-di-Brdo-Brioni_Mattarella-300x200.jpg 300w, https:\/\/ambsarajevo.esteri.it\/wp-content\/uploads\/2023\/07\/Vertice-del-Processo-di-Brdo-Brioni_Mattarella-1024x683.jpg 1024w, https:\/\/ambsarajevo.esteri.it\/wp-content\/uploads\/2023\/07\/Vertice-del-Processo-di-Brdo-Brioni_Mattarella-768x512.jpg 768w, https:\/\/ambsarajevo.esteri.it\/wp-content\/uploads\/2023\/07\/Vertice-del-Processo-di-Brdo-Brioni_Mattarella.jpg 1473w\" sizes=\"auto, (max-width: 416px) 100vw, 416px\" \/><\/a><\/p>\n<p style=\"text-align: center;\"><a href=\"https:\/\/ambsarajevo.esteri.it\/wp-content\/uploads\/2023\/07\/Mattarella-a-Sarajevo-768x512.jpg\"><img loading=\"lazy\" decoding=\"async\" class=\"aligncenter wp-image-377 img-fluid\" src=\"https:\/\/ambsarajevo.esteri.it\/wp-content\/uploads\/2023\/07\/Mattarella-a-Sarajevo-300x200.jpg\" alt=\"\" width=\"415\" height=\"276\" srcset=\"https:\/\/ambsarajevo.esteri.it\/wp-content\/uploads\/2023\/07\/Mattarella-a-Sarajevo-300x200.jpg 300w, https:\/\/ambsarajevo.esteri.it\/wp-content\/uploads\/2023\/07\/Mattarella-a-Sarajevo-1024x683.jpg 1024w, https:\/\/ambsarajevo.esteri.it\/wp-content\/uploads\/2023\/07\/Mattarella-a-Sarajevo-768x512.jpg 768w, https:\/\/ambsarajevo.esteri.it\/wp-content\/uploads\/2023\/07\/Mattarella-a-Sarajevo.jpg 1473w\" sizes=\"auto, (max-width: 415px) 100vw, 415px\" \/><\/a><\/p>\n<p style=\"text-align: center;\"><a href=\"https:\/\/ambsarajevo.esteri.it\/wp-content\/uploads\/2023\/07\/Mattarella-a-Sarajevo-2-768x511.jpg\"><img loading=\"lazy\" decoding=\"async\" class=\"aligncenter wp-image-378 img-fluid\" src=\"https:\/\/ambsarajevo.esteri.it\/wp-content\/uploads\/2023\/07\/Mattarella-a-Sarajevo-2-300x200.jpg\" alt=\"\" width=\"419\" height=\"279\" srcset=\"https:\/\/ambsarajevo.esteri.it\/wp-content\/uploads\/2023\/07\/Mattarella-a-Sarajevo-2-300x200.jpg 300w, https:\/\/ambsarajevo.esteri.it\/wp-content\/uploads\/2023\/07\/Mattarella-a-Sarajevo-2-1024x682.jpg 1024w, https:\/\/ambsarajevo.esteri.it\/wp-content\/uploads\/2023\/07\/Mattarella-a-Sarajevo-2-768x511.jpg 768w, https:\/\/ambsarajevo.esteri.it\/wp-content\/uploads\/2023\/07\/Mattarella-a-Sarajevo-2.jpg 1475w\" sizes=\"auto, (max-width: 419px) 100vw, 419px\" \/><\/a><\/p>\n<p>&nbsp;<\/p>\n<p>Negli anni, frequenti sono state le visite a livello di Ministri degli Affari Esteri. Il Ministro degli Affari Esteri e della Cooperazione Internazionale italiano, On. Antonio Tajani, \u00e8 stato in missione ufficiale a Sarajevo con il suo omologo austriaco nel marzo 2023 ed il Ministro degli Affari Esteri della Bosnia Erzegovina, Elmedin Konakovi\u0107, si \u00e8 recato a Roma il mese successivo per partecipare al vertice dei Ministri degli Esteri dei Paesi dei Balcani occidentali organizzato proprio dal Governo italiano.<\/p>\n<p>&nbsp;<\/p>\n<p class=\"wp-image-379 img-fluid aligncenter\" style=\"text-align: center;\"><a href=\"https:\/\/ambsarajevo.esteri.it\/wp-content\/uploads\/2023\/07\/Vertice-dei-Ministri-degli-Esteri-dei-Paesi-dei-Balcani-occidentali-768x549.jpg\"><img loading=\"lazy\" decoding=\"async\" class=\"img-fluid aligncenter wp-image-379 size-large\" src=\"https:\/\/ambsarajevo.esteri.it\/wp-content\/uploads\/2023\/07\/Vertice-dei-Ministri-degli-Esteri-dei-Paesi-dei-Balcani-occidentali-1024x732.jpg\" alt=\"\" width=\"640\" height=\"458\" srcset=\"https:\/\/ambsarajevo.esteri.it\/wp-content\/uploads\/2023\/07\/Vertice-dei-Ministri-degli-Esteri-dei-Paesi-dei-Balcani-occidentali-1024x732.jpg 1024w, https:\/\/ambsarajevo.esteri.it\/wp-content\/uploads\/2023\/07\/Vertice-dei-Ministri-degli-Esteri-dei-Paesi-dei-Balcani-occidentali-300x215.jpg 300w, https:\/\/ambsarajevo.esteri.it\/wp-content\/uploads\/2023\/07\/Vertice-dei-Ministri-degli-Esteri-dei-Paesi-dei-Balcani-occidentali-768x549.jpg 768w, https:\/\/ambsarajevo.esteri.it\/wp-content\/uploads\/2023\/07\/Vertice-dei-Ministri-degli-Esteri-dei-Paesi-dei-Balcani-occidentali.jpg 1200w\" sizes=\"auto, (max-width: 640px) 100vw, 640px\" \/><\/a><\/p>\n<p style=\"text-align: center;\"><a href=\"https:\/\/ambsarajevo.esteri.it\/wp-content\/uploads\/2023\/07\/Vertice-dei-Ministri-degli-Esteri-dei-Paesi-dei-Balcani-occidentali-2.jpg\"><img loading=\"lazy\" decoding=\"async\" class=\"img-fluid aligncenter wp-image-380 size-full\" src=\"https:\/\/ambsarajevo.esteri.it\/wp-content\/uploads\/2023\/07\/Vertice-dei-Ministri-degli-Esteri-dei-Paesi-dei-Balcani-occidentali-2.jpg\" alt=\"\" width=\"864\" height=\"488\" srcset=\"https:\/\/ambsarajevo.esteri.it\/wp-content\/uploads\/2023\/07\/Vertice-dei-Ministri-degli-Esteri-dei-Paesi-dei-Balcani-occidentali-2.jpg 864w, https:\/\/ambsarajevo.esteri.it\/wp-content\/uploads\/2023\/07\/Vertice-dei-Ministri-degli-Esteri-dei-Paesi-dei-Balcani-occidentali-2-300x169.jpg 300w, https:\/\/ambsarajevo.esteri.it\/wp-content\/uploads\/2023\/07\/Vertice-dei-Ministri-degli-Esteri-dei-Paesi-dei-Balcani-occidentali-2-768x434.jpg 768w\" sizes=\"auto, (max-width: 864px) 100vw, 864px\" \/><\/a><\/p>\n<p>Le relazioni bilaterali tra Italia e Bosnia Erzegovina sono oggi ricche e dinamiche, caratterizzate da scambi ad ogni livello ed in ogni settore.<\/p>\n","protected":false},"excerpt":{"rendered":"Le relazioni tra l\u2019Italia e la Bosnia Erzegovina sono antiche e forti. Qualche dato e curiosit\u00e0 sulla storia dei nostri rapporti ne testimonia la vivacit\u00e0 e la ricchezza. La regina di Bosnia Katarina Vuk\u010di\u0107 Kosa\u010da (1424-1478), moglie di Sjepan Toma\u0161, dopo l\u2019invasione del regno da parte degli ottomani e l\u2019assassinio dell\u2019allora Re Stjepan Toma\u0161evi\u0107, si [&hellip;]","protected":false},"author":1,"featured_media":0,"parent":0,"menu_order":4,"comment_status":"closed","ping_status":"closed","template":"","meta":{"footnotes":""},"class_list":["post-14","page","type-page","status-publish","hentry"],"_links":{"self":[{"href":"https:\/\/ambsarajevo.esteri.it\/it\/wp-json\/wp\/v2\/pages\/14","targetHints":{"allow":["GET"]}}],"collection":[{"href":"https:\/\/ambsarajevo.esteri.it\/it\/wp-json\/wp\/v2\/pages"}],"about":[{"href":"https:\/\/ambsarajevo.esteri.it\/it\/wp-json\/wp\/v2\/types\/page"}],"author":[{"embeddable":true,"href":"https:\/\/ambsarajevo.esteri.it\/it\/wp-json\/wp\/v2\/users\/1"}],"replies":[{"embeddable":true,"href":"https:\/\/ambsarajevo.esteri.it\/it\/wp-json\/wp\/v2\/comments?post=14"}],"version-history":[{"count":0,"href":"https:\/\/ambsarajevo.esteri.it\/it\/wp-json\/wp\/v2\/pages\/14\/revisions"}],"wp:attachment":[{"href":"https:\/\/ambsarajevo.esteri.it\/it\/wp-json\/wp\/v2\/media?parent=14"}],"curies":[{"name":"wp","href":"https:\/\/api.w.org\/{rel}","templated":true}]}}