{"id":100,"date":"2023-04-11T18:24:48","date_gmt":"2023-04-11T16:24:48","guid":{"rendered":"https:\/\/ambasciatapraga.esteri.it\/?page_id=100"},"modified":"2024-10-17T16:14:02","modified_gmt":"2024-10-17T14:14:02","slug":"turismo","status":"publish","type":"page","link":"https:\/\/ambsarajevo.esteri.it\/it\/italia-e-bosnia-erzegovina\/diplomazia-culturale\/turismo\/","title":{"rendered":"Turismo"},"content":{"rendered":"<p style=\"text-align: justify;\">Il settore turistico della Bosnia Erzegovina \u00e8 in forte espansione. Oltre ad offrire un\u2019ampia gamma di possibilit\u00e0 per chi vuole visitare il Paese, il patrimonio storico, artistico e naturalistico della Bosnia Erzegovina offre anche interessanti opportunit\u00e0 di investimento per gli operatori economici.<\/p>\n<p style=\"text-align: justify;\">Dal punto di vista storico-culturale, sia i maggiori centri del Paese \u2013 Sarajevo, Banja Luka, Mostar e Tuzla \u2013 che le aree pi\u00f9 rurali offrono numerose opportunit\u00e0 per immergersi nella <strong>cultura locale<\/strong> e per ammirare come si intrecciano elementi di diverse tradizioni che nel corso del tempo si sono incontrate su questo territorio. Nel corso degli anni sono stati inseriti nella lista dei siti patrimonio dell\u2019UNESCO i cimiteri di tombe monumentali di et\u00e0 medievale (gli ste\u0107ci), il ponte Mehmed Pa\u0161a Sokolovi\u0107 di Vi\u0161egrad e l\u2019area della citt\u00e0 antica attorno al <strong>ponte di Mostar<\/strong>. Quest\u2019ultimo, distrutto nel corso del conflitto degli anni Novanta, \u00e8 stato ricostruito grazie all\u2019ingente contributo di donatori internazionali e in particolare dell\u2019Italia e ha visto nel 2002 la visita dell\u2019allora Presidente della Repubblica <strong>Carlo Azeglio Ciampi<\/strong>, che simbolicamente pos\u00f2 la prima pietra della ricostruzione.<\/p>\n<p style=\"text-align: justify;\">La Bosnia Erzegovina possiede anche un <strong>patrimonio naturalistico<\/strong> estremamente ricco che offre possibilit\u00e0 di soggiorno alternative, diventate in tempi recenti sempre pi\u00f9 attrattive e in rapida espansione a livello globale. In Bosnia Erzegovina sono presenti diversi <strong>parchi naturali<\/strong>, tra cui il Parco di Sutjeska, il Parco Naturale di Blidinje e il Parco Nazionale di Una, cascate \u2013 come le cascate di Kravice -, percorsi di <em>trekking<\/em> \u2013 come quello lungo la <strong>Via Dinarica<\/strong> \u2013 e fiumi che offrono scorci memorabili e su cui \u00e8 possibile fare <em>rafting<\/em> \u2013 la Neretva, la Drina e l\u2019Una. Proprio al fine di favorire lo sviluppo di un turismo sostenibile e a tutelare il patrimonio naturalistico e ambientale del Paese, l\u2019Agenzia Italiana per la Cooperazione allo Sviluppo (AICS) finanzia e attua diverse iniziative.<\/p>\n","protected":false},"excerpt":{"rendered":"Il settore turistico della Bosnia Erzegovina \u00e8 in forte espansione. Oltre ad offrire un\u2019ampia gamma di possibilit\u00e0 per chi vuole visitare il Paese, il patrimonio storico, artistico e naturalistico della Bosnia Erzegovina offre anche interessanti opportunit\u00e0 di investimento per gli operatori economici. Dal punto di vista storico-culturale, sia i maggiori centri del Paese \u2013 Sarajevo, [&hellip;]","protected":false},"author":1,"featured_media":0,"parent":44,"menu_order":0,"comment_status":"closed","ping_status":"closed","template":"","meta":{"footnotes":""},"class_list":["post-100","page","type-page","status-publish","hentry"],"_links":{"self":[{"href":"https:\/\/ambsarajevo.esteri.it\/it\/wp-json\/wp\/v2\/pages\/100","targetHints":{"allow":["GET"]}}],"collection":[{"href":"https:\/\/ambsarajevo.esteri.it\/it\/wp-json\/wp\/v2\/pages"}],"about":[{"href":"https:\/\/ambsarajevo.esteri.it\/it\/wp-json\/wp\/v2\/types\/page"}],"author":[{"embeddable":true,"href":"https:\/\/ambsarajevo.esteri.it\/it\/wp-json\/wp\/v2\/users\/1"}],"replies":[{"embeddable":true,"href":"https:\/\/ambsarajevo.esteri.it\/it\/wp-json\/wp\/v2\/comments?post=100"}],"version-history":[{"count":1,"href":"https:\/\/ambsarajevo.esteri.it\/it\/wp-json\/wp\/v2\/pages\/100\/revisions"}],"predecessor-version":[{"id":4688,"href":"https:\/\/ambsarajevo.esteri.it\/it\/wp-json\/wp\/v2\/pages\/100\/revisions\/4688"}],"up":[{"embeddable":true,"href":"https:\/\/ambsarajevo.esteri.it\/it\/wp-json\/wp\/v2\/pages\/44"}],"wp:attachment":[{"href":"https:\/\/ambsarajevo.esteri.it\/it\/wp-json\/wp\/v2\/media?parent=100"}],"curies":[{"name":"wp","href":"https:\/\/api.w.org\/{rel}","templated":true}]}}