{"id":6777,"date":"2025-07-01T15:46:13","date_gmt":"2025-07-01T13:46:13","guid":{"rendered":"https:\/\/ambsarajevo.esteri.it\/?page_id=6777"},"modified":"2025-10-06T16:10:49","modified_gmt":"2025-10-06T14:10:49","slug":"potvrda-o-neodricanju-od-drzavljanstva","status":"publish","type":"page","link":"https:\/\/ambsarajevo.esteri.it\/bs\/servizi-consolari-e-visti\/servizi-per-il-cittadino-straniero\/cittadinanza\/potvrda-o-neodricanju-od-drzavljanstva\/","title":{"rendered":"Potvrda o \u201dneodricanju\u201d od dr\u017eavljanstva"},"content":{"rendered":"<p>Ako je podnoslilac zahtjeva odlu\u010dio da se nastani u Italiji, italijanske op\u0161tinske vlasti su nadle\u017ene za priznavanje italijanskog dr\u017eavljanstva. Nakon registracije u registru stalnog stanovni\u0161tva, strani dr\u017eavljanin mo\u017ee pokrenuti postupak za priznavanje dr\u017eavljanstva po krvnom srodstvu <em>iure sanguinis<\/em> (\u010dije trajanje je utvr\u0111eno zakonom, ukupno 180 dana), podno\u0161enjem dokumentacije navedene u cirkularnom dopisu broj K.28.1\/1991. Podnosilac zahtjeva ne mo\u017ee koristiti zakonskog zastupnika ili nekog drugog umjesto sebe; podnosilac mora biti prisutan u Italiji.<\/p>\n<p>Zahtjev za potvrdu o &#8220;Neodricanju&#8221; italijanska op\u0161tina podnosi direktno Konzulatu, isklju\u010divo putem certificirane e-po\u0161te PEC (Posta Elettronica Certificata). Odgovor Konzulata op\u0107ini (ne podnosiocu zahtjeva) uvijek je i samo putem certificirane e-po\u0161te, pod uvjetom da je zahtjev ispravno formuliran.<\/p>\n<p>Podnosilac zahtjeva ne mo\u017ee direktno kontaktirati Konzularno predstavni\u0161tvo u vezi s postupcima koje vode op\u0161tine ili druga konzularna predstavni\u0161tva, jer je ta procedura izvan nadle\u017enosti podnosioca zahtjeva.<\/p>\n<p>&nbsp;<\/p>\n","protected":false},"excerpt":{"rendered":"Ako je podnoslilac zahtjeva odlu\u010dio da se nastani u Italiji, italijanske op\u0161tinske vlasti su nadle\u017ene za priznavanje italijanskog dr\u017eavljanstva. Nakon registracije u registru stalnog stanovni\u0161tva, strani dr\u017eavljanin mo\u017ee pokrenuti postupak za priznavanje dr\u017eavljanstva po krvnom srodstvu iure sanguinis (\u010dije trajanje je utvr\u0111eno zakonom, ukupno 180 dana), podno\u0161enjem dokumentacije navedene u cirkularnom dopisu broj K.28.1\/1991. Podnosilac [&hellip;]","protected":false},"author":5,"featured_media":0,"parent":223,"menu_order":0,"comment_status":"closed","ping_status":"closed","template":"","meta":{"footnotes":""},"class_list":["post-6777","page","type-page","status-publish","hentry"],"_links":{"self":[{"href":"https:\/\/ambsarajevo.esteri.it\/bs\/wp-json\/wp\/v2\/pages\/6777","targetHints":{"allow":["GET"]}}],"collection":[{"href":"https:\/\/ambsarajevo.esteri.it\/bs\/wp-json\/wp\/v2\/pages"}],"about":[{"href":"https:\/\/ambsarajevo.esteri.it\/bs\/wp-json\/wp\/v2\/types\/page"}],"author":[{"embeddable":true,"href":"https:\/\/ambsarajevo.esteri.it\/bs\/wp-json\/wp\/v2\/users\/5"}],"replies":[{"embeddable":true,"href":"https:\/\/ambsarajevo.esteri.it\/bs\/wp-json\/wp\/v2\/comments?post=6777"}],"version-history":[{"count":1,"href":"https:\/\/ambsarajevo.esteri.it\/bs\/wp-json\/wp\/v2\/pages\/6777\/revisions"}],"predecessor-version":[{"id":6779,"href":"https:\/\/ambsarajevo.esteri.it\/bs\/wp-json\/wp\/v2\/pages\/6777\/revisions\/6779"}],"up":[{"embeddable":true,"href":"https:\/\/ambsarajevo.esteri.it\/bs\/wp-json\/wp\/v2\/pages\/223"}],"wp:attachment":[{"href":"https:\/\/ambsarajevo.esteri.it\/bs\/wp-json\/wp\/v2\/media?parent=6777"}],"curies":[{"name":"wp","href":"https:\/\/api.w.org\/{rel}","templated":true}]}}