{"id":6772,"date":"2025-07-01T15:45:36","date_gmt":"2025-07-01T13:45:36","guid":{"rendered":"https:\/\/ambsarajevo.esteri.it\/?page_id=6772"},"modified":"2025-10-06T16:08:15","modified_gmt":"2025-10-06T14:08:15","slug":"priznavanje-prema-posebnim-zakonima","status":"publish","type":"page","link":"https:\/\/ambsarajevo.esteri.it\/bs\/servizi-consolari-e-visti\/servizi-per-il-cittadino-straniero\/cittadinanza\/priznavanje-prema-posebnim-zakonima\/","title":{"rendered":"Priznavanje prema posebnim zakonima"},"content":{"rendered":"<p>Zakon br. 379 od 14. decembra 2000. godine predvi\u0111a priznavanje italijanskog dr\u017eavljanstva osobama ro\u0111enim i nastanjenim na teritorijama biv\u0161e Austro-Ugarske i njihovim potomcima koji ispunjavaju potrebne uslove.<\/p>\n<p>Rok za primjenu Zakona br. 379\/2000 istekao je 19. decembra 2010. godine.<\/p>\n<p>Zakon br. 124 od 8. marta 2006. godine predvi\u0111a priznavanje italijanskog dr\u017eavljanstva sunarodnicima koji su ga izgubili zbog boravka u Istri, Rijeci i Dalmaciji od 1940. do 1947. godine.<\/p>\n<p>Priznavanje italijanskog dr\u017eavljanstva prema posebnim zakonima predstavlja sticanje na osnovu zakona: stoga nije mogu\u0107e da roditelj koji je dr\u017eavljanin da\u2019 izjavu o namjeri sticanja dr\u017eavljanstva za svoje maloljetno dijete, kako je propisano \u010dlanom 4. stavom 1-bis Zakona br. 91\/1992, budu\u0107i da priznati roditelj nije italijanski dr\u017eavljanin po ro\u0111enju.<\/p>\n<p>&nbsp;<\/p>\n","protected":false},"excerpt":{"rendered":"Zakon br. 379 od 14. decembra 2000. godine predvi\u0111a priznavanje italijanskog dr\u017eavljanstva osobama ro\u0111enim i nastanjenim na teritorijama biv\u0161e Austro-Ugarske i njihovim potomcima koji ispunjavaju potrebne uslove. Rok za primjenu Zakona br. 379\/2000 istekao je 19. decembra 2010. godine. Zakon br. 124 od 8. marta 2006. godine predvi\u0111a priznavanje italijanskog dr\u017eavljanstva sunarodnicima koji su ga [&hellip;]","protected":false},"author":5,"featured_media":0,"parent":223,"menu_order":0,"comment_status":"closed","ping_status":"closed","template":"","meta":{"footnotes":""},"class_list":["post-6772","page","type-page","status-publish","hentry"],"_links":{"self":[{"href":"https:\/\/ambsarajevo.esteri.it\/bs\/wp-json\/wp\/v2\/pages\/6772","targetHints":{"allow":["GET"]}}],"collection":[{"href":"https:\/\/ambsarajevo.esteri.it\/bs\/wp-json\/wp\/v2\/pages"}],"about":[{"href":"https:\/\/ambsarajevo.esteri.it\/bs\/wp-json\/wp\/v2\/types\/page"}],"author":[{"embeddable":true,"href":"https:\/\/ambsarajevo.esteri.it\/bs\/wp-json\/wp\/v2\/users\/5"}],"replies":[{"embeddable":true,"href":"https:\/\/ambsarajevo.esteri.it\/bs\/wp-json\/wp\/v2\/comments?post=6772"}],"version-history":[{"count":1,"href":"https:\/\/ambsarajevo.esteri.it\/bs\/wp-json\/wp\/v2\/pages\/6772\/revisions"}],"predecessor-version":[{"id":6773,"href":"https:\/\/ambsarajevo.esteri.it\/bs\/wp-json\/wp\/v2\/pages\/6772\/revisions\/6773"}],"up":[{"embeddable":true,"href":"https:\/\/ambsarajevo.esteri.it\/bs\/wp-json\/wp\/v2\/pages\/223"}],"wp:attachment":[{"href":"https:\/\/ambsarajevo.esteri.it\/bs\/wp-json\/wp\/v2\/media?parent=6772"}],"curies":[{"name":"wp","href":"https:\/\/api.w.org\/{rel}","templated":true}]}}