{"id":6765,"date":"2025-07-01T15:44:54","date_gmt":"2025-07-01T13:44:54","guid":{"rendered":"https:\/\/ambsarajevo.esteri.it\/?page_id=6765"},"modified":"2025-10-06T16:06:55","modified_gmt":"2025-10-06T14:06:55","slug":"ponovno-sticanje-drzavljanstva","status":"publish","type":"page","link":"https:\/\/ambsarajevo.esteri.it\/bs\/servizi-consolari-e-visti\/servizi-per-il-cittadino-straniero\/cittadinanza\/ponovno-sticanje-drzavljanstva\/","title":{"rendered":"Ponovno sticanje dr\u017eavljanstva"},"content":{"rendered":"<p>Zakon br. 74 od 23. maja 2025.ponovo je otvorio uslove za ponovno sticanje dr\u017eavljanstva za biv\u0161e dr\u017eavljane ro\u0111ene u Italiji ili koji su imali prebivali\u0161te u Italiji najmanje dvije godine zaredom i koji su izgubili dr\u017eavljanstvo najkasnije do 15. augusta 1992., u skladu sa \u010dlanom 8, br. 1 i 2, ili \u010dlanom 12 Zakona br. 555 iz 1912.(naturalizacija u stranoj dr\u017eavi, odricanje od dr\u017eavljanstva nakon prisilnog sticanja stranog dr\u017eavljanstva, maloljetna djeca koja \u017eive sa roditeljem koji je izgubio dr\u017eavljanstvo). Mogu\u0107nost ponovnog sticanja ne odnosi se na one koji su se odrekli italijanskog dr\u017eavljanstva (ili su ga izgubili iz drugih razloga) po\u010dev\u0161i od 16. augusta 1992. ili kasnije.<\/p>\n<p>&nbsp;<\/p>\n<p>Zahtjev za ponovno sticanje italijanskog dr\u017eavljanstva mo\u017ee se podnijeti od 1. jula 2025. do 31. decembra 2027.<\/p>\n<p>&nbsp;<\/p>\n<p>Potrebna dokumentacija:<\/p>\n<p>&nbsp;<\/p>\n<ol>\n<li>Va\u017ee\u0107i identifikacijski dokument izdat od strane nadle\u017enih organa zemlje trenutnog dr\u017eavljanstva;<\/li>\n<li>Rodni list: ako je ro\u0111en u inostranstvu, mora biti podnesen na potrebnim obrascima za registraciju u Italiji, legalizovan i preveden;<\/li>\n<li>Za one ro\u0111ene u inostranstvu, hronolo\u0161ka potvrda o prebivali\u0161tu izdata od strane nadle\u017ene italijanske op\u0161tine;<\/li>\n<li>Hronolo\u0161ka potvrda o prebivali\u0161tu;<\/li>\n<li>Dokumentacija koja dokazuje razlog i datum gubitka dr\u017eavljanstva (mora se dostaviti dokaz o sticanju stranog dr\u017eavljanstva i, gdje je primjenjivo, dokaz o odricanju od italijanskog dr\u017eavljanstva: potvrda o naturalizaciji ili, ako to zahtijeva lokalna praksa, rodni list uz potvrdu o dr\u017eavljanstvu i osnov po kojem je ste\u010deno; dokumentacija koju izdaju strane organi mora biti na odgovaraju\u0107i na\u010din legalizovana i prevedena).<\/li>\n<\/ol>\n<p>&nbsp;<\/p>\n<p>Za izjave o ponovnom sticanju italijanskog dr\u017eavljanstva potrebna je taksa od 250 eura, koja se pla\u0107a u Konzularnom uredu.<\/p>\n<p>&nbsp;<\/p>\n<p>Zahtjev se podnosi li\u010dno.<\/p>\n<p>&nbsp;<\/p>\n<p>Prema \u010dlanu 15. Zakona br. 91\/1992, podnosilac zahtjeva ne sti\u010de ponovno dr\u017eavljanstvo od dana ro\u0111enja, ve\u0107 dan nakon datuma podno\u0161enja zahtjeva.<\/p>\n","protected":false},"excerpt":{"rendered":"Zakon br. 74 od 23. maja 2025.ponovo je otvorio uslove za ponovno sticanje dr\u017eavljanstva za biv\u0161e dr\u017eavljane ro\u0111ene u Italiji ili koji su imali prebivali\u0161te u Italiji najmanje dvije godine zaredom i koji su izgubili dr\u017eavljanstvo najkasnije do 15. augusta 1992., u skladu sa \u010dlanom 8, br. 1 i 2, ili \u010dlanom 12 Zakona br. [&hellip;]","protected":false},"author":5,"featured_media":0,"parent":223,"menu_order":0,"comment_status":"closed","ping_status":"closed","template":"","meta":{"footnotes":""},"class_list":["post-6765","page","type-page","status-publish","hentry"],"_links":{"self":[{"href":"https:\/\/ambsarajevo.esteri.it\/bs\/wp-json\/wp\/v2\/pages\/6765","targetHints":{"allow":["GET"]}}],"collection":[{"href":"https:\/\/ambsarajevo.esteri.it\/bs\/wp-json\/wp\/v2\/pages"}],"about":[{"href":"https:\/\/ambsarajevo.esteri.it\/bs\/wp-json\/wp\/v2\/types\/page"}],"author":[{"embeddable":true,"href":"https:\/\/ambsarajevo.esteri.it\/bs\/wp-json\/wp\/v2\/users\/5"}],"replies":[{"embeddable":true,"href":"https:\/\/ambsarajevo.esteri.it\/bs\/wp-json\/wp\/v2\/comments?post=6765"}],"version-history":[{"count":1,"href":"https:\/\/ambsarajevo.esteri.it\/bs\/wp-json\/wp\/v2\/pages\/6765\/revisions"}],"predecessor-version":[{"id":6768,"href":"https:\/\/ambsarajevo.esteri.it\/bs\/wp-json\/wp\/v2\/pages\/6765\/revisions\/6768"}],"up":[{"embeddable":true,"href":"https:\/\/ambsarajevo.esteri.it\/bs\/wp-json\/wp\/v2\/pages\/223"}],"wp:attachment":[{"href":"https:\/\/ambsarajevo.esteri.it\/bs\/wp-json\/wp\/v2\/media?parent=6765"}],"curies":[{"name":"wp","href":"https:\/\/api.w.org\/{rel}","templated":true}]}}