{"id":6762,"date":"2025-07-01T15:44:16","date_gmt":"2025-07-01T13:44:16","guid":{"rendered":"https:\/\/ambsarajevo.esteri.it\/?page_id=6762"},"modified":"2025-10-06T16:05:46","modified_gmt":"2025-10-06T14:05:46","slug":"sticanje-drzavljanstva-maloljetne-djece-koja-zive-s-roditeljem-koji-nije-italijanski-drzavljanin-od-rodenja","status":"publish","type":"page","link":"https:\/\/ambsarajevo.esteri.it\/bs\/servizi-consolari-e-visti\/servizi-per-il-cittadino-straniero\/cittadinanza\/sticanje-drzavljanstva-maloljetne-djece-koja-zive-s-roditeljem-koji-nije-italijanski-drzavljanin-od-rodenja\/","title":{"rendered":"Sticanje dr\u017eavljanstva maloljetne djece koja \u017eive s roditeljem, koji nije italijanski dr\u017eavljanin od ro\u0111enja"},"content":{"rendered":"<p>\u010clan 14. Zakona br. 91\/1992, obnovljen Zakonodavnom uredbom br. 36\/2025 i pretvoren Zakonom br.74\/2025, propisuje da bi se steklo dr\u017eavljanstvo na ovaj na\u010din, <strong>dijete italijanskih dr\u017eavljana koji nisu italijanski dr\u017eavljani po ro\u0111enju mora imati legalno prebivali\u0161te u Italiji najmanje dvije godine zaredom u vrijeme sticanja ili ponovnog sticanja italijanskog dr\u017eavljanstva od strane roditelja<\/strong> (ako je dijete mla\u0111e od dvije godine, mora imati prebivali\u0161te u Italiji od ro\u0111enja.<\/p>\n<p>&nbsp;<\/p>\n<p>Napomena:<\/p>\n<p>Ako zahtjev za priznavanje dr\u017eavljanstva putem &#8220;iure communicatione&#8221; zbog postupka podno\u0161enja, spada u izuzetke navedene u \u010dlanu 3-bis, ta\u010dke a), a-bis) ili b) Zakona br. 91\/1992 (tj. administrativni ili sudski zahtjev podnesen do 27. marta 2025. ili zahtjev podnesen na zakazanom terminu do 27. marta 2025.), primjenjivat \u0107e se prethodna pravila.<\/p>\n<p>Ako je zahtjev za priznavanje dr\u017eavljanstva podnesen nakon 28. marta 2025. godine, roditelj koji prenosi dr\u017eavljanstvo na djecu mora biti samo italijanski dr\u017eavljanin ili je imao prebivali\u0161te u Italiji kao italijanski dr\u017eavljanin dvije godine prije ro\u0111enja djeteta.<\/p>\n<p>Ako je <strong>roditelj dobio italijansko dr\u017eavljanstvo 24. maja 2025.<\/strong> ili nakon tog datuma, dijete koje \u017eivi s roditeljem koji dobiva italijansko dr\u017eavljanstvo moralo je imati prebivali\u0161te u Italiji najmanje dvije godine prije naturalizacije roditelja. <strong>U tom slu\u010daju, italijanska op\u0161tina prebivali\u0161ta bi\u0107e nadle\u017ena za provjeru uslova za sticanje dr\u017eavljanstva maloljetnika<\/strong>.<\/p>\n","protected":false},"excerpt":{"rendered":"\u010clan 14. Zakona br. 91\/1992, obnovljen Zakonodavnom uredbom br. 36\/2025 i pretvoren Zakonom br.74\/2025, propisuje da bi se steklo dr\u017eavljanstvo na ovaj na\u010din, dijete italijanskih dr\u017eavljana koji nisu italijanski dr\u017eavljani po ro\u0111enju mora imati legalno prebivali\u0161te u Italiji najmanje dvije godine zaredom u vrijeme sticanja ili ponovnog sticanja italijanskog dr\u017eavljanstva od strane roditelja (ako je [&hellip;]","protected":false},"author":5,"featured_media":0,"parent":223,"menu_order":0,"comment_status":"closed","ping_status":"closed","template":"","meta":{"footnotes":""},"class_list":["post-6762","page","type-page","status-publish","hentry"],"_links":{"self":[{"href":"https:\/\/ambsarajevo.esteri.it\/bs\/wp-json\/wp\/v2\/pages\/6762","targetHints":{"allow":["GET"]}}],"collection":[{"href":"https:\/\/ambsarajevo.esteri.it\/bs\/wp-json\/wp\/v2\/pages"}],"about":[{"href":"https:\/\/ambsarajevo.esteri.it\/bs\/wp-json\/wp\/v2\/types\/page"}],"author":[{"embeddable":true,"href":"https:\/\/ambsarajevo.esteri.it\/bs\/wp-json\/wp\/v2\/users\/5"}],"replies":[{"embeddable":true,"href":"https:\/\/ambsarajevo.esteri.it\/bs\/wp-json\/wp\/v2\/comments?post=6762"}],"version-history":[{"count":1,"href":"https:\/\/ambsarajevo.esteri.it\/bs\/wp-json\/wp\/v2\/pages\/6762\/revisions"}],"predecessor-version":[{"id":6763,"href":"https:\/\/ambsarajevo.esteri.it\/bs\/wp-json\/wp\/v2\/pages\/6762\/revisions\/6763"}],"up":[{"embeddable":true,"href":"https:\/\/ambsarajevo.esteri.it\/bs\/wp-json\/wp\/v2\/pages\/223"}],"wp:attachment":[{"href":"https:\/\/ambsarajevo.esteri.it\/bs\/wp-json\/wp\/v2\/media?parent=6762"}],"curies":[{"name":"wp","href":"https:\/\/api.w.org\/{rel}","templated":true}]}}