{"id":674,"date":"2023-07-27T09:52:14","date_gmt":"2023-07-27T07:52:14","guid":{"rendered":"https:\/\/ambsarajevo.esteri.it\/servizi-consolari-e-visti\/servizi-per-il-cittadino-italiano\/notifiche-allestero\/"},"modified":"2024-08-30T12:37:31","modified_gmt":"2024-08-30T10:37:31","slug":"notifiche-allestero","status":"publish","type":"page","link":"https:\/\/ambsarajevo.esteri.it\/bs\/servizi-consolari-e-visti\/servizi-per-il-cittadino-italiano\/notifiche-allestero\/","title":{"rendered":"Uru\u010denje dokumenata u inostranstvu"},"content":{"rendered":"<div>\n<div>\n<div>\n<p>Uru\u010divanje dokumenata je osnova gra\u0111anskih, krivi\u010dnih, poreskih, upravnih, ste\u010dajnih i radnih radnji, kao i odre\u0111ene faze prije postupka koje daje pravnu vrijednost odredbi putem dostavljanja sudskih ili vansudskih akata, od strane uru\u010dioca prema jasno utvr\u0111enim na\u010dinima dostave.<br \/>\nShodno \u010dl. 37. Zakonske uredbe 71\/2011, konzularni ured dostavljene akte, u skladu sa odredbama EU o pravosudnoj saradnji,me\u0111unarodnim konvencijama o tom pitanju i zakonima dr\u017eave prebivali\u0161ta.<\/p>\n<p>&nbsp;<\/p>\n<p><strong>URU\u010cENJE U INOSTRANSTVU SUDSKIH I VANSUDSKIH AKATA U GRA\u0110ANSKIM I PRIVREDNIM OBLASTIMA<\/strong><\/p>\n<p>Informacije su dostupne u &#8220;<a href=\"https:\/\/ambsarajevo.esteri.it\/wp-content\/uploads\/2024\/08\/guida-notifica-allestero-di-atti-giudiziari-2024.docx\">Uputstvo za uru\u010denje u inostranstvu sudskih i vansudskih akata u gra\u0111anskim i privrednim oblastima (izdanje 2024.)<\/a>&#8220;.<\/p>\n<p>&nbsp;<\/p>\n<p><strong>URU\u010cENJE ADMINISTRATIVNIH AKATA OSOBAMA KOJE IMAJU PREBIVALI\u0160TE U INOSTRANSTVU<\/strong> (izdanje 2022.)<\/p>\n<p><a href=\"https:\/\/ambsarajevo.esteri.it\/wp-content\/uploads\/2023\/07\/Guida-alla-notifica-allestero-di-atti-amministrativi.pdf\" target=\"_blank\" rel=\"noopener\">Informacije su dostupne u sljede\u0107em dokumentu<\/a><\/p>\n<\/div>\n<\/div>\n<\/div>\n","protected":false},"excerpt":{"rendered":"Uru\u010divanje dokumenata je osnova gra\u0111anskih, krivi\u010dnih, poreskih, upravnih, ste\u010dajnih i radnih radnji, kao i odre\u0111ene faze prije postupka koje daje pravnu vrijednost odredbi putem dostavljanja sudskih ili vansudskih akata, od strane uru\u010dioca prema jasno utvr\u0111enim na\u010dinima dostave. Shodno \u010dl. 37. Zakonske uredbe 71\/2011, konzularni ured dostavljene akte, u skladu sa odredbama EU o pravosudnoj saradnji,me\u0111unarodnim [&hellip;]","protected":false},"author":8,"featured_media":0,"parent":209,"menu_order":23,"comment_status":"closed","ping_status":"closed","template":"","meta":{"footnotes":""},"class_list":["post-674","page","type-page","status-publish","hentry"],"_links":{"self":[{"href":"https:\/\/ambsarajevo.esteri.it\/bs\/wp-json\/wp\/v2\/pages\/674","targetHints":{"allow":["GET"]}}],"collection":[{"href":"https:\/\/ambsarajevo.esteri.it\/bs\/wp-json\/wp\/v2\/pages"}],"about":[{"href":"https:\/\/ambsarajevo.esteri.it\/bs\/wp-json\/wp\/v2\/types\/page"}],"author":[{"embeddable":true,"href":"https:\/\/ambsarajevo.esteri.it\/bs\/wp-json\/wp\/v2\/users\/8"}],"replies":[{"embeddable":true,"href":"https:\/\/ambsarajevo.esteri.it\/bs\/wp-json\/wp\/v2\/comments?post=674"}],"version-history":[{"count":1,"href":"https:\/\/ambsarajevo.esteri.it\/bs\/wp-json\/wp\/v2\/pages\/674\/revisions"}],"predecessor-version":[{"id":4317,"href":"https:\/\/ambsarajevo.esteri.it\/bs\/wp-json\/wp\/v2\/pages\/674\/revisions\/4317"}],"up":[{"embeddable":true,"href":"https:\/\/ambsarajevo.esteri.it\/bs\/wp-json\/wp\/v2\/pages\/209"}],"wp:attachment":[{"href":"https:\/\/ambsarajevo.esteri.it\/bs\/wp-json\/wp\/v2\/media?parent=674"}],"curies":[{"name":"wp","href":"https:\/\/api.w.org\/{rel}","templated":true}]}}