{"id":656,"date":"2023-07-27T09:39:19","date_gmt":"2023-07-27T07:39:19","guid":{"rendered":"https:\/\/ambsarajevo.esteri.it\/servizi-consolari-e-visti\/servizi-per-il-cittadino-italiano\/leva\/"},"modified":"2023-08-07T15:57:04","modified_gmt":"2023-08-07T13:57:04","slug":"leva","status":"publish","type":"page","link":"https:\/\/ambsarajevo.esteri.it\/bs\/servizi-consolari-e-visti\/servizi-per-il-cittadino-italiano\/leva\/","title":{"rendered":"Vojni rok"},"content":{"rendered":"<p>1.januara 2005. godine <strong>ukinuta je obaveza slu\u017eenja vojnog roka.<\/strong> Shodno tome, za dr\u017eavljane koji borave u inostranstvu a koji su ro\u0111eni nakon 31.12.1985. godine vi\u0161e nije potrebno da reguli\u0161u regrutni status u konzularnim predstavni\u0161tvima.<\/p>\n<p>Od istog datuma uspostavljene su sljede\u0107e kategorije dobrovoljaca kopnene vojske, mornarice i ratnog zrakoplovstva:<\/p>\n<ul>\n<li>dobrovoljno slu\u017eenje u trajanju od jedne godine (maksimalno do 25 godina starosti);<\/li>\n<li>dobrovoljno slu\u017eenje u trajanju od \u010detiri godine (maksimalno do 30 godina starosti);<\/li>\n<\/ul>\n<p>Regrutacija dobrovoljaca se obavlja putem poziva za prijavu koje raspisuje Ministarstvo odbrane.<\/p>\n<p>S obzirom da obustava slu\u017eenja vojnog roka nije \u201epremje\u0161tanje\u201c, op\u0161tine i diplomatsko-konzularna predstavni\u00e8tva u inostranstvu nastavljaju da sprovode aktivnosti na formiranju i a\u017euriranju vojnih spiskova.<\/p>\n<p>Obustava slu\u017eenja vojnog roka rezultirala je gubitkom mogu\u0107nosti sticanja italijanskog <strong>dr\u017eavljanstva<\/strong> slu\u017eenjem u vojsci. Nadalje, italijanski dr\u017eavljani koji namjeravaju da se vrate u Italiju na dobrovoljno slu\u017eenje vojnog roka ne\u0107e mo\u0107i koristiti pogodnosti koje su ranije bile predvi\u0111ene za repatrijaciju o tro\u0161ku dr\u017eave radi vojne obaveze.<\/p>\n<p>\u0160to se ti\u010de <strong>izbjegavanja vojne obaveze<\/strong>, obustava vojne obaveze ne povla\u010di poni\u0161tavanje kaznenog djela, a samim tim i otklanjanje posljedica koje proizilaze iz neukidanja zabilje\u0161ke o izbjegavanju u \u00a0administrativnom smislu. Zbog toga \u0107e italijanski dr\u017eavljani koji borave u inostranstvu mo\u0107i da se pojave kod diplomatsko-konzularnih organa radi regulisanja regrutnog statusa.<\/p>\n<p>Me\u0111unarodne konvencije o slu\u017eenju vojnog roka, koje imaju za cilj da mladima, zbog dvojnog dr\u017eavljanstva, sprije\u010de slu\u017eenje vojnog roka u dvije zemlje, u velikoj mjeri su izgubile smisao obzirom na to da je najve\u0107im dijelom vojna slu\u017eba dr\u017eava \u010dlanica suspendovana ili ukinuta. Konvencije se stoga mogu primjenjivati \u200b\u200bsamo u korist onih koji, s prebivali\u0161tem u Italiji, \u017eele regulisati svoj status pri na\u0161oj vojsci kako ne bi morali slu\u017eiti vojni rok u drugoj zemlji \u010dije dr\u017eavljanstvo imaju, ukoliko zakon te druge dr\u017eave predvi\u0111a slu\u017eenje vojnog roka.<\/p>\n","protected":false},"excerpt":{"rendered":"1.januara 2005. godine ukinuta je obaveza slu\u017eenja vojnog roka. Shodno tome, za dr\u017eavljane koji borave u inostranstvu a koji su ro\u0111eni nakon 31.12.1985. godine vi\u0161e nije potrebno da reguli\u0161u regrutni status u konzularnim predstavni\u0161tvima. Od istog datuma uspostavljene su sljede\u0107e kategorije dobrovoljaca kopnene vojske, mornarice i ratnog zrakoplovstva: dobrovoljno slu\u017eenje u trajanju od jedne godine [&hellip;]","protected":false},"author":8,"featured_media":0,"parent":209,"menu_order":21,"comment_status":"closed","ping_status":"closed","template":"","meta":{"footnotes":""},"class_list":["post-656","page","type-page","status-publish","hentry"],"_links":{"self":[{"href":"https:\/\/ambsarajevo.esteri.it\/bs\/wp-json\/wp\/v2\/pages\/656","targetHints":{"allow":["GET"]}}],"collection":[{"href":"https:\/\/ambsarajevo.esteri.it\/bs\/wp-json\/wp\/v2\/pages"}],"about":[{"href":"https:\/\/ambsarajevo.esteri.it\/bs\/wp-json\/wp\/v2\/types\/page"}],"author":[{"embeddable":true,"href":"https:\/\/ambsarajevo.esteri.it\/bs\/wp-json\/wp\/v2\/users\/8"}],"replies":[{"embeddable":true,"href":"https:\/\/ambsarajevo.esteri.it\/bs\/wp-json\/wp\/v2\/comments?post=656"}],"version-history":[{"count":0,"href":"https:\/\/ambsarajevo.esteri.it\/bs\/wp-json\/wp\/v2\/pages\/656\/revisions"}],"up":[{"embeddable":true,"href":"https:\/\/ambsarajevo.esteri.it\/bs\/wp-json\/wp\/v2\/pages\/209"}],"wp:attachment":[{"href":"https:\/\/ambsarajevo.esteri.it\/bs\/wp-json\/wp\/v2\/media?parent=656"}],"curies":[{"name":"wp","href":"https:\/\/api.w.org\/{rel}","templated":true}]}}