{"id":618,"date":"2023-07-26T15:39:07","date_gmt":"2023-07-26T13:39:07","guid":{"rendered":"https:\/\/ambsarajevo.esteri.it\/servizi-consolari-e-visti\/servizi-per-il-cittadino-italiano\/servizi-notarili\/attivita-di-autenticazione\/"},"modified":"2025-01-09T11:25:16","modified_gmt":"2025-01-09T09:25:16","slug":"attivita-di-autenticazione","status":"publish","type":"page","link":"https:\/\/ambsarajevo.esteri.it\/bs\/servizi-consolari-e-visti\/servizi-per-il-cittadino-italiano\/servizi-notarili\/attivita-di-autenticazione\/","title":{"rendered":"Provjera autenti\u010dnosti"},"content":{"rendered":"<p><strong>JAVNOBILJEZNICKA OVJERA POTPISA<\/strong><\/p>\n<p>Javnobilje\u017eni\u010dka ovjera potpisa (sukladno \u010dl. 1. Zakona o javnom bilje\u017eni\u0161tvu) mo\u017ee se provesti, sukladno \u010dl. 28. Zakonodavnog dekreta br. 71\/2011, samo u korist italijanskih dr\u017eavljana.<\/p>\n<p>Op\u0107i pojam ovjerenog potpisa dan je \u010dl. 2703, stavak 2, gra\u0111anskog zakonika: &#8220;ovjera se sastoji u ovjeri javnog slu\u017ebenika da je potpis stavljen u njegovoj prisutnosti. Javni slu\u017ebenik mora najprije utvrditi identitet osobe koja potpisuje\u201d.<\/p>\n<p>Sukladno \u010dl. 2702 Gra\u0111anskog zakonika, ovjera potpisa ne daje nikakav karakter vjerodostojnosti sadr\u017eaju isprave, ali dokazuje, do pritu\u017ebe za krivotvorenje, njegovo porijeklo.<\/p>\n<p>Postupci ovjere potpisa kod javnog bilje\u017enika \u2013 regulisani \u00a0\u010dl. 2703 gra\u0111anskog zakonika, 72 Zakona o javnom bilje\u017eni\u0161tvu br. 89\/1913, 86 Notarskog pravilnika (odobren s R.D. 10. rujna 1914., br. 1326) i 20 od l. Ne. 15\/1968 \u2013 primjenjuju se i na konzularnu javnobilje\u017eni\u010dku ovjeru.<\/p>\n<p>&nbsp;<\/p>\n<p><strong>ADMINISTRATIVNA OVJERA POTPISA <\/strong><\/p>\n<p>Predsjedni\u010dki dekret 28. decembra\u00a0 2000., br. 445 utvr\u0111uje da, za dr\u017eavljane Italije ili Evropske unije i strance koji zakonito borave u Italiji (\u010dl. 3), potpisivanje zahtjeva ili izjava koje se podnose javnoj upravi ili rukovoditeljima javnih slu\u017ebi vi\u0161e ne moraju biti ovjerene, ve\u0107 je dovoljno prilo\u017eiti kopiju va\u017ee\u0107e osobne isprave potpisnika.<\/p>\n<p>S druge strane, ovjera ostaje nu\u017ena, \u010dak i za iste subjekte sukladno \u010dl. 3. gore, u slu\u010daju podno\u0161enja zahtjeva fizi\u010dkim osobama ili u svrhu prikupljanja privredne \u00a0koristi od tre\u0107ih osoba (primjerice, u slu\u010daju punomo\u0107i za isplatu penzije, prijenos vlasni\u0161tva vozila, otvaranje bankovnog ra\u010duna , itd.).<\/p>\n<p>Za strance koji ne borave zakonito u Italiji i nisu dr\u017eavljani Evropske unije, administrativna provjera autenti\u010dnosti uvijek je potrebna.<\/p>\n<p>&nbsp;<\/p>\n<p><strong>Razlike izme\u0111u javnobilje\u017eni\u010dke i administrativne ovjere<\/strong><\/p>\n<ul>\n<li>Administrativnu ovjeru karakterizira mno\u0161tvo subjekata ovla\u0161tenih za ovjeru (navedeno u \u010dlanku 21. Predsjedni\u010dke uredbe 445\/2000: javni bilje\u017enik, slu\u017ebenik, op\u0107inski sekretar, zaposlenik koji prima dokumentaciju ili drugi zaposlenik kojeg imenuje gradona\u010delnik), \u0161to predstavlja iznimku na opste na\u010delo javnobilje\u017eni\u010dke nadle\u017enosti.<\/li>\n<li>Administrativna provjera autenti\u010dnosti ograni\u010dena je na dokumentiranje pravne ili \u010dinjeni\u010dne situacije, bez njenog konstituiranja ili modificiranja, na reprodukciju informacija preuzetih iz drugih ve\u0107 dokumentiranih dokumenata i nema poseban i samostalan pravni u\u010dinak.<\/li>\n<li>Nadalje, u javnobilje\u017eni\u010dkoj ovjeri slu\u017ebena se osoba ne ograni\u010dava na ovjeru da je potpis na ispravi stavljen u njegovm prisustvu, ve\u0107 provjerava je li sadr\u017eaj isprave u skladu sa zakonom, javnim redom i moralom.<\/li>\n<\/ul>\n<p>&nbsp;<\/p>\n<p><strong>OVJERA FOTOGRAFIJE<\/strong><\/p>\n<p>Ovjera fotografije sastoji se u potvr\u0111ivanju da fotografija odgovara osobi.<\/p>\n<p>Podnositelj zahtjeva mora\u00a0 &#8211; uz najavu &#8211; predo\u010diti konzularnom uredu s va\u017ee\u0107om identifikacijskom ispravom i ispravom ili fotografijom koju treba ovjeriti.<\/p>\n<p>&nbsp;<\/p>\n<p>Poslovi ovjere podlije\u017eu<strong> pla\u0107anju taksi\u00a0 navedenih<\/strong> u<strong> <a href=\"https:\/\/ambsarajevo.esteri.it\/wp-content\/uploads\/2025\/01\/A3-BIH-gennaio-2025.pdf\" target=\"_blank\" rel=\"noopener\">konzularnoj tarifi<\/a><\/strong> koja je na snazi \u200b\u200bu trenutku izdavanja isprave.<\/p>\n","protected":false},"excerpt":{"rendered":"JAVNOBILJEZNICKA OVJERA POTPISA Javnobilje\u017eni\u010dka ovjera potpisa (sukladno \u010dl. 1. Zakona o javnom bilje\u017eni\u0161tvu) mo\u017ee se provesti, sukladno \u010dl. 28. Zakonodavnog dekreta br. 71\/2011, samo u korist italijanskih dr\u017eavljana. Op\u0107i pojam ovjerenog potpisa dan je \u010dl. 2703, stavak 2, gra\u0111anskog zakonika: &#8220;ovjera se sastoji u ovjeri javnog slu\u017ebenika da je potpis stavljen u njegovoj prisutnosti. Javni [&hellip;]","protected":false},"author":8,"featured_media":0,"parent":203,"menu_order":3,"comment_status":"closed","ping_status":"closed","template":"","meta":{"footnotes":""},"class_list":["post-618","page","type-page","status-publish","hentry"],"_links":{"self":[{"href":"https:\/\/ambsarajevo.esteri.it\/bs\/wp-json\/wp\/v2\/pages\/618","targetHints":{"allow":["GET"]}}],"collection":[{"href":"https:\/\/ambsarajevo.esteri.it\/bs\/wp-json\/wp\/v2\/pages"}],"about":[{"href":"https:\/\/ambsarajevo.esteri.it\/bs\/wp-json\/wp\/v2\/types\/page"}],"author":[{"embeddable":true,"href":"https:\/\/ambsarajevo.esteri.it\/bs\/wp-json\/wp\/v2\/users\/8"}],"replies":[{"embeddable":true,"href":"https:\/\/ambsarajevo.esteri.it\/bs\/wp-json\/wp\/v2\/comments?post=618"}],"version-history":[{"count":1,"href":"https:\/\/ambsarajevo.esteri.it\/bs\/wp-json\/wp\/v2\/pages\/618\/revisions"}],"predecessor-version":[{"id":5537,"href":"https:\/\/ambsarajevo.esteri.it\/bs\/wp-json\/wp\/v2\/pages\/618\/revisions\/5537"}],"up":[{"embeddable":true,"href":"https:\/\/ambsarajevo.esteri.it\/bs\/wp-json\/wp\/v2\/pages\/203"}],"wp:attachment":[{"href":"https:\/\/ambsarajevo.esteri.it\/bs\/wp-json\/wp\/v2\/media?parent=618"}],"curies":[{"name":"wp","href":"https:\/\/api.w.org\/{rel}","templated":true}]}}