{"id":613,"date":"2023-07-26T15:22:29","date_gmt":"2023-07-26T13:22:29","guid":{"rendered":"https:\/\/ambsarajevo.esteri.it\/servizi-consolari-e-visti\/servizi-per-il-cittadino-italiano\/servizi-notarili\/atti-pubblici\/"},"modified":"2023-08-08T10:04:05","modified_gmt":"2023-08-08T08:04:05","slug":"atti-pubblici","status":"publish","type":"page","link":"https:\/\/ambsarajevo.esteri.it\/bs\/servizi-consolari-e-visti\/servizi-per-il-cittadino-italiano\/servizi-notarili\/atti-pubblici\/","title":{"rendered":"Javne isprave"},"content":{"rendered":"<p>Rije\u010d je o vrsti pravnog posla (kao \u0161to je darovni ugovor) za koji zakon predvi\u0111a oblik javne isprave. Pod javnom ispravom podrazumijevamo ispravu koja pru\u017ea pravni dokaz \u010dinjenica ili pravnih radnji u mjeri u kojoj ju je, uz propisane formalnosti, sastavio javni slu\u017ebenik kojem je pravni sistem pripisao relativnu vlast.<\/p>\n","protected":false},"excerpt":{"rendered":"Rije\u010d je o vrsti pravnog posla (kao \u0161to je darovni ugovor) za koji zakon predvi\u0111a oblik javne isprave. Pod javnom ispravom podrazumijevamo ispravu koja pru\u017ea pravni dokaz \u010dinjenica ili pravnih radnji u mjeri u kojoj ju je, uz propisane formalnosti, sastavio javni slu\u017ebenik kojem je pravni sistem pripisao relativnu vlast.","protected":false},"author":8,"featured_media":0,"parent":203,"menu_order":2,"comment_status":"closed","ping_status":"closed","template":"","meta":{"footnotes":""},"class_list":["post-613","page","type-page","status-publish","hentry"],"_links":{"self":[{"href":"https:\/\/ambsarajevo.esteri.it\/bs\/wp-json\/wp\/v2\/pages\/613","targetHints":{"allow":["GET"]}}],"collection":[{"href":"https:\/\/ambsarajevo.esteri.it\/bs\/wp-json\/wp\/v2\/pages"}],"about":[{"href":"https:\/\/ambsarajevo.esteri.it\/bs\/wp-json\/wp\/v2\/types\/page"}],"author":[{"embeddable":true,"href":"https:\/\/ambsarajevo.esteri.it\/bs\/wp-json\/wp\/v2\/users\/8"}],"replies":[{"embeddable":true,"href":"https:\/\/ambsarajevo.esteri.it\/bs\/wp-json\/wp\/v2\/comments?post=613"}],"version-history":[{"count":0,"href":"https:\/\/ambsarajevo.esteri.it\/bs\/wp-json\/wp\/v2\/pages\/613\/revisions"}],"up":[{"embeddable":true,"href":"https:\/\/ambsarajevo.esteri.it\/bs\/wp-json\/wp\/v2\/pages\/203"}],"wp:attachment":[{"href":"https:\/\/ambsarajevo.esteri.it\/bs\/wp-json\/wp\/v2\/media?parent=613"}],"curies":[{"name":"wp","href":"https:\/\/api.w.org\/{rel}","templated":true}]}}