{"id":611,"date":"2023-07-26T15:22:07","date_gmt":"2023-07-26T13:22:07","guid":{"rendered":"https:\/\/ambsarajevo.esteri.it\/servizi-consolari-e-visti\/servizi-per-il-cittadino-italiano\/assistenza-ai-cittadini-allestero\/assistenza-sanitaria\/rimpatrio-sanitario\/"},"modified":"2023-08-07T15:10:48","modified_gmt":"2023-08-07T13:10:48","slug":"rimpatrio-sanitario","status":"publish","type":"page","link":"https:\/\/ambsarajevo.esteri.it\/bs\/servizi-consolari-e-visti\/servizi-per-il-cittadino-italiano\/assistenza-ai-cittadini-allestero\/rimpatrio-sanitario\/","title":{"rendered":"Medicinska repatrijacija"},"content":{"rendered":"<p>U slu\u010daju pacijenata kojima je potrebna hospitalizacija u Italiji, diplomatsko-konzularno predstavni\u0161tvo poziva \u010dlanove obitelji da identificiraju medicinsku ustanovu u kojoj \u0107e sunarodnjak biti hospitaliziran po dolasku u Italiju. U slu\u010daju pote\u0161ko\u0107a, ambasada mo\u017ee zatra\u017eiti od Prefekture da identificira zdravstvenu ustanovu.<\/p>\n<p>Diplomatsko-konzularno predstavni\u0161tvo tako\u0111er mora pribaviti lije\u010dni\u010dku potvrdu kojom se potvr\u0111uje da je italijanski dr\u017eavljanin sposoban podnijeti putovanje (tzv. &#8220;zra\u010dna transportabilnost pacijenta&#8221;).<\/p>\n<p>Za medicinske repatrijacije mo\u017ee se odobriti subvencija u korist siroma\u0161nih sunarodnjaka koji stalno \u017eive u inostranstvu\u00a0 ili zajam s obe\u0107anjem povrata u korist sunarodnjaka u tranzitu u stanju privremenog siroma\u0161tva, za povratak u Italiju redovnim avionskim linijama ( kori\u0161tenje, ako je potrebno, usluge nosila i medicinske pratnje na brodu).<\/p>\n<p>Za sunarodnjake pogo\u0111ene bolestima koje ne dopu\u0161taju potpisivanje obe\u0107anja o restituciji, ako rodbina ne mo\u017ee organizirati povratak u domovinu, mora se pribaviti medicinska dokumentacija o privremenoj neura\u010dunljivosti .<\/p>\n","protected":false},"excerpt":{"rendered":"U slu\u010daju pacijenata kojima je potrebna hospitalizacija u Italiji, diplomatsko-konzularno predstavni\u0161tvo poziva \u010dlanove obitelji da identificiraju medicinsku ustanovu u kojoj \u0107e sunarodnjak biti hospitaliziran po dolasku u Italiju. U slu\u010daju pote\u0161ko\u0107a, ambasada mo\u017ee zatra\u017eiti od Prefekture da identificira zdravstvenu ustanovu. Diplomatsko-konzularno predstavni\u0161tvo tako\u0111er mora pribaviti lije\u010dni\u010dku potvrdu kojom se potvr\u0111uje da je italijanski dr\u017eavljanin sposoban [&hellip;]","protected":false},"author":8,"featured_media":0,"parent":214,"menu_order":8,"comment_status":"closed","ping_status":"closed","template":"","meta":{"footnotes":""},"class_list":["post-611","page","type-page","status-publish","hentry"],"_links":{"self":[{"href":"https:\/\/ambsarajevo.esteri.it\/bs\/wp-json\/wp\/v2\/pages\/611","targetHints":{"allow":["GET"]}}],"collection":[{"href":"https:\/\/ambsarajevo.esteri.it\/bs\/wp-json\/wp\/v2\/pages"}],"about":[{"href":"https:\/\/ambsarajevo.esteri.it\/bs\/wp-json\/wp\/v2\/types\/page"}],"author":[{"embeddable":true,"href":"https:\/\/ambsarajevo.esteri.it\/bs\/wp-json\/wp\/v2\/users\/8"}],"replies":[{"embeddable":true,"href":"https:\/\/ambsarajevo.esteri.it\/bs\/wp-json\/wp\/v2\/comments?post=611"}],"version-history":[{"count":0,"href":"https:\/\/ambsarajevo.esteri.it\/bs\/wp-json\/wp\/v2\/pages\/611\/revisions"}],"up":[{"embeddable":true,"href":"https:\/\/ambsarajevo.esteri.it\/bs\/wp-json\/wp\/v2\/pages\/214"}],"wp:attachment":[{"href":"https:\/\/ambsarajevo.esteri.it\/bs\/wp-json\/wp\/v2\/media?parent=611"}],"curies":[{"name":"wp","href":"https:\/\/api.w.org\/{rel}","templated":true}]}}