{"id":605,"date":"2023-07-26T12:58:14","date_gmt":"2023-07-26T10:58:14","guid":{"rendered":"https:\/\/ambsarajevo.esteri.it\/servizi-consolari-e-visti\/servizi-per-il-cittadino-italiano\/assistenza-ai-cittadini-allestero\/assistenza-sanitaria\/rimpatrio-di-salme\/"},"modified":"2023-08-07T15:08:06","modified_gmt":"2023-08-07T13:08:06","slug":"rimpatrio-di-salme","status":"publish","type":"page","link":"https:\/\/ambsarajevo.esteri.it\/bs\/servizi-consolari-e-visti\/servizi-per-il-cittadino-italiano\/assistenza-ai-cittadini-allestero\/rimpatrio-di-salme\/","title":{"rendered":"Repatrijacija umrlih lica"},"content":{"rendered":"<p>Konzularna predstavni\u0161tva pru\u017eaju <strong>pomo\u0107 i savjete<\/strong> u slu\u010daju repatrijacije tijela italijanskih dr\u017eavljana koji su umrli u inostranstvu.<\/p>\n<p>U tom kontekstu, oni predvi\u0111aju zahtjev za odobrenje od italijanske op\u0161tine za pokop tijela ili kremiranje i za izdavanje posmrtnog paso\u0161a.<\/p>\n<p>Za izdavanje posmrtnog paso\u0161a, podnositelj zahtjeva mora se pojaviti u konzularnom uredu uz najavu i predo\u010diti sljede\u0107u dokumentaciju:<\/p>\n<ul>\n<li>Smrtni list;<\/li>\n<li>Potvrdu (sprovodnica) nadle\u017enog lokalnog zdravstvenog tijela kojom se dokazuje da su po\u0161tovani posebni sigurnosni i higijenski zahtjevi;<\/li>\n<li>potvrdu o smrti na podru\u010dju slobodnom od zaraznih i endemskih bolesti.<\/li>\n<\/ul>\n","protected":false},"excerpt":{"rendered":"Konzularna predstavni\u0161tva pru\u017eaju pomo\u0107 i savjete u slu\u010daju repatrijacije tijela italijanskih dr\u017eavljana koji su umrli u inostranstvu. U tom kontekstu, oni predvi\u0111aju zahtjev za odobrenje od italijanske op\u0161tine za pokop tijela ili kremiranje i za izdavanje posmrtnog paso\u0161a. Za izdavanje posmrtnog paso\u0161a, podnositelj zahtjeva mora se pojaviti u konzularnom uredu uz najavu i predo\u010diti sljede\u0107u [&hellip;]","protected":false},"author":8,"featured_media":0,"parent":214,"menu_order":7,"comment_status":"closed","ping_status":"closed","template":"","meta":{"footnotes":""},"class_list":["post-605","page","type-page","status-publish","hentry"],"_links":{"self":[{"href":"https:\/\/ambsarajevo.esteri.it\/bs\/wp-json\/wp\/v2\/pages\/605","targetHints":{"allow":["GET"]}}],"collection":[{"href":"https:\/\/ambsarajevo.esteri.it\/bs\/wp-json\/wp\/v2\/pages"}],"about":[{"href":"https:\/\/ambsarajevo.esteri.it\/bs\/wp-json\/wp\/v2\/types\/page"}],"author":[{"embeddable":true,"href":"https:\/\/ambsarajevo.esteri.it\/bs\/wp-json\/wp\/v2\/users\/8"}],"replies":[{"embeddable":true,"href":"https:\/\/ambsarajevo.esteri.it\/bs\/wp-json\/wp\/v2\/comments?post=605"}],"version-history":[{"count":0,"href":"https:\/\/ambsarajevo.esteri.it\/bs\/wp-json\/wp\/v2\/pages\/605\/revisions"}],"up":[{"embeddable":true,"href":"https:\/\/ambsarajevo.esteri.it\/bs\/wp-json\/wp\/v2\/pages\/214"}],"wp:attachment":[{"href":"https:\/\/ambsarajevo.esteri.it\/bs\/wp-json\/wp\/v2\/media?parent=605"}],"curies":[{"name":"wp","href":"https:\/\/api.w.org\/{rel}","templated":true}]}}