{"id":603,"date":"2023-07-26T12:57:52","date_gmt":"2023-07-26T10:57:52","guid":{"rendered":"https:\/\/ambsarajevo.esteri.it\/servizi-consolari-e-visti\/servizi-per-il-cittadino-italiano\/servizi-notarili\/testamento\/"},"modified":"2025-01-09T11:24:04","modified_gmt":"2025-01-09T09:24:04","slug":"testamento","status":"publish","type":"page","link":"https:\/\/ambsarajevo.esteri.it\/bs\/servizi-consolari-e-visti\/servizi-per-il-cittadino-italiano\/servizi-notarili\/testamento\/","title":{"rendered":"Testament"},"content":{"rendered":"<p><strong>Javni testament<\/strong> je usmena izjava oporu\u010diteljeve volje konzularnom slu\u017ebeniku ovla\u0161tenom za javnobilje\u017eni\u010dke poslove u prisustvu dvaju svjedoka. Izjavu volje pismeno sa\u017eima slu\u017ebena osoba. Oporu\u010ditelj, opremljen va\u017ee\u0107om identifikacijskom ispravom, mora se &#8211; prema dogovoru &#8211; pojaviti u konzularnom uredu s dva svjedoka.<\/p>\n<p><strong>U tajnom testamentu<\/strong>, s druge strane, funkcije javnobilje\u017eni\u010dkog ureda ograni\u010dene su na formalni prijem zape\u010da\u0107enog akta (\u010diji sadr\u017eaj stoga ostaje tajna) i njegovo polaganje u Uredu. Oporu\u010ditelj se mora \u2013 po dogovoru \u2013 javiti u konzularni ured s va\u017ee\u0107om identifikacijskom ispravom.<\/p>\n<p>Kona\u010dno, <strong>holografski testament<\/strong>\u00a0 je u potpunosti svojerucno napisan od oporu\u010ditelja i mo\u017ee se pohraniti bilo gdje i kod bilo koga.<\/p>\n<p>Dokumenti o primitku, opozivu, pologu itd. Ttstamenta podlije\u017eu <strong>pla\u0107anju taksi navedenih<\/strong> u <a href=\"https:\/\/ambsarajevo.esteri.it\/wp-content\/uploads\/2025\/01\/A3-BIH-gennaio-2025.pdf\" target=\"_blank\" rel=\"noopener\"><strong>konzularnoj tarifi<\/strong><\/a> koja je na snazi \u200b\u200bu vrijeme podno\u0161enja isprave.<\/p>\n","protected":false},"excerpt":{"rendered":"Javni testament je usmena izjava oporu\u010diteljeve volje konzularnom slu\u017ebeniku ovla\u0161tenom za javnobilje\u017eni\u010dke poslove u prisustvu dvaju svjedoka. Izjavu volje pismeno sa\u017eima slu\u017ebena osoba. Oporu\u010ditelj, opremljen va\u017ee\u0107om identifikacijskom ispravom, mora se &#8211; prema dogovoru &#8211; pojaviti u konzularnom uredu s dva svjedoka. U tajnom testamentu, s druge strane, funkcije javnobilje\u017eni\u010dkog ureda ograni\u010dene su na formalni prijem [&hellip;]","protected":false},"author":8,"featured_media":0,"parent":203,"menu_order":1,"comment_status":"closed","ping_status":"closed","template":"","meta":{"footnotes":""},"class_list":["post-603","page","type-page","status-publish","hentry"],"_links":{"self":[{"href":"https:\/\/ambsarajevo.esteri.it\/bs\/wp-json\/wp\/v2\/pages\/603","targetHints":{"allow":["GET"]}}],"collection":[{"href":"https:\/\/ambsarajevo.esteri.it\/bs\/wp-json\/wp\/v2\/pages"}],"about":[{"href":"https:\/\/ambsarajevo.esteri.it\/bs\/wp-json\/wp\/v2\/types\/page"}],"author":[{"embeddable":true,"href":"https:\/\/ambsarajevo.esteri.it\/bs\/wp-json\/wp\/v2\/users\/8"}],"replies":[{"embeddable":true,"href":"https:\/\/ambsarajevo.esteri.it\/bs\/wp-json\/wp\/v2\/comments?post=603"}],"version-history":[{"count":1,"href":"https:\/\/ambsarajevo.esteri.it\/bs\/wp-json\/wp\/v2\/pages\/603\/revisions"}],"predecessor-version":[{"id":5536,"href":"https:\/\/ambsarajevo.esteri.it\/bs\/wp-json\/wp\/v2\/pages\/603\/revisions\/5536"}],"up":[{"embeddable":true,"href":"https:\/\/ambsarajevo.esteri.it\/bs\/wp-json\/wp\/v2\/pages\/203"}],"wp:attachment":[{"href":"https:\/\/ambsarajevo.esteri.it\/bs\/wp-json\/wp\/v2\/media?parent=603"}],"curies":[{"name":"wp","href":"https:\/\/api.w.org\/{rel}","templated":true}]}}