{"id":597,"date":"2023-07-26T12:55:02","date_gmt":"2023-07-26T10:55:02","guid":{"rendered":"https:\/\/ambsarajevo.esteri.it\/servizi-consolari-e-visti\/servizi-per-il-cittadino-italiano\/servizi-notarili\/procura\/"},"modified":"2025-01-09T11:23:29","modified_gmt":"2025-01-09T09:23:29","slug":"procura","status":"publish","type":"page","link":"https:\/\/ambsarajevo.esteri.it\/bs\/servizi-consolari-e-visti\/servizi-per-il-cittadino-italiano\/servizi-notarili\/procura\/","title":{"rendered":"Punomo\u0107"},"content":{"rendered":"<p>Punomo\u0107 je isprava kojom subjekt (zastupani) daje drugom subjektu (zastupniku) ovlast da u njegovo ime i za njegov ra\u010dun djeluje u obavljanju pravnih radnji \u010diji u\u010dinci nastaju neposredno u osobi koju zastupa.<\/p>\n<p>Punomo\u0107, ovisno o tome da li se daje za obavljanje poslova koji nisu unaprijed odre\u0111eni ili za obavljanje odre\u0111enih poslova, mo\u017ee biti opsta ili posebna.<\/p>\n<p>&nbsp;<\/p>\n<ul>\n<li><strong>Op\u0161ta punomo\u0107:<\/strong><\/li>\n<\/ul>\n<p>Ovim aktom zainteresirana stranka povjerava zastupniku vo\u0111enje svih svojih poslova, sada\u0161njih i budu\u0107ih. Op\u0107a punomo\u0107 mo\u017ee se izdati na neodre\u0111eno vrijeme i vrijedi do opoziva.<\/p>\n<ul>\n<li><strong>Posebna punomo\u0107:<\/strong><\/li>\n<\/ul>\n<p>Ovim aktom zainteresirana strana povjerava zastupniku vo\u0111enje odre\u0111enog dijela svojih poslova. Posebna punomo\u0107 prestaje va\u017eiti prestankom konkretnog posla za koji je izdana.<\/p>\n<p>&nbsp;<\/p>\n<p>Prvi stavak \u010dl. 28. Zakonske uredbe Ne. 71\/2011 <em>&#8220;Uredba i funkcije konzularnih ureda&#8221;<\/em>, koji je stupio na snagu 28. maja\u00a0 2011., propisuje da se konzularne funkcije u javnobilje\u017eni\u010dkim stvarima mogu obavljati <strong>isklju\u010divo u odnosu na italijanske dr\u017eavljane<\/strong>, a ne vi\u0161e i u odnosu na nedr\u017eavljane, kako je umjesto toga bilo predvi\u0111eno po dosada\u0161njem zakonodavstvu. Konkretno, u slu\u010daju punomo\u0107i (generalne ili posebne) za strane dr\u017eavljane, voditelj konzularnog ureda ne\u0107e mo\u0107i izvr\u0161avati vlastite javnobilje\u017eni\u010dke ovlasti u tom pogledu.<\/p>\n<p>&nbsp;<\/p>\n<p><strong>\u00a0PODACI I ISPRAVE POTREBNE ZA DAVANJE PUNOMO\u0106I<\/strong><\/p>\n<p><strong>Op\u0161ta punomo\u0107<\/strong><\/p>\n<p>Za izdavanje ove punomo\u0107i potrebno je osobno do\u0107i u konzularni ured, uz najavu, sa sljede\u0107im dokumentima:<\/p>\n<ul>\n<li>identifikacijski dokument;<\/li>\n<li>va\u0161 porezni broj;<\/li>\n<li>potpune osobne podatke osobe kojoj se izdaje op\u0107a punomo\u0107 (N.B.: ako je podnositelj zahtjeva u braku i odabrani imovinski re\u017eim je zajednica imovine, punomo\u0107 moraju potpisati oba supru\u017enika).<\/li>\n<\/ul>\n<p>&nbsp;<\/p>\n<p><strong>Posebna punomo\u0107<\/strong><\/p>\n<p><strong>Posebna punomo\u0107 za vo\u0111enje parnice<\/strong><\/p>\n<p>Posavjetujte se sa svojim odvjetnikom od povjerenja koji \u0107e vas zastupati na sudu u Italiji.<\/p>\n<p>Za izdavanje ove punomo\u0107i morate osobno oti\u0107i u konzularni ured, prema dogovoru, sa sobom ponijeti:<\/p>\n<ul>\n<li>identifikacijski dokument;<\/li>\n<li>va\u0161 porezni broj;<\/li>\n<li>potpune osobne podatke o osobi na koju se daje punomo\u0107, adresu dru\u0161tva u kojem obavlja djelatnost i referentne podatke predmeta (nadle\u017eni sud i vrsta predmeta).<\/li>\n<\/ul>\n<p>&nbsp;<\/p>\n<p><strong>Posebna punomo\u0107 za kupovinu ili prodaju nekretnine<\/strong><\/p>\n<p>Za izdavanje ove punomo\u0107i potrebno je osobno do\u0107i u konzularni ured, uz najavu:<\/p>\n<ul>\n<li>identifikacijski dokument;<\/li>\n<li>va\u0161 porezni broj;<\/li>\n<li>potpune osobne podatke o osobi kojoj se daje punomo\u0107 i detaljan opis imovine (eventualno kopiju katastarskog izvatka).<\/li>\n<\/ul>\n<p>&nbsp;<\/p>\n<p><strong>Posebna punomo\u0107 za prodaju automobila<\/strong><\/p>\n<p>Za izdavanje ove punomo\u0107i potrebno je osobno do\u0107i u konzularni ured, uz najavu:<\/p>\n<ul>\n<li>identifikacijski dokument;<\/li>\n<li>va\u0161 porezni broj;<\/li>\n<li>potpune osobne podatke osobe kojoj se daje punomo\u0107;<\/li>\n<li>dokument o vlasni\u0161tvu vozila.<\/li>\n<\/ul>\n<p>&nbsp;<\/p>\n<p><strong>Posebna punomo\u0107 za naplatu<\/strong><\/p>\n<p>Za izdavanje ove punomo\u0107i potrebno je osobno do\u0107i u konzularni ured, uz najavu:<\/p>\n<ul>\n<li>identifikacijski dokument;<\/li>\n<li>va\u0161 porezni broj;<\/li>\n<li>potpune osobne podatke osobe kojoj se daje punomo\u0107;<\/li>\n<li>broj, datum izdavanja i naziv Uplatnice, u slu\u010daju po\u0161tanske uputnice ili bankovnog \u010deka (NB: u slu\u010daju podizanja iznosa s bankovnog ili po\u0161tanskog teku\u0107eg ra\u010duna, naziv banke ili po\u0161tanske ustanove mora biti naveden po\u0161tanski ured, broj ra\u010duna ili knji\u017eice i iznos koji se podi\u017ee s ra\u010duna).<\/li>\n<\/ul>\n<p>&nbsp;<\/p>\n<p><strong>Posebna punomo\u0107 za prihva\u0107anje nasljedstva<\/strong><\/p>\n<p>Za izdavanje ove punomo\u0107i potrebno je osobno se pojaviti u konzularnom uredu, uz najavu, sa:<\/p>\n<ul>\n<li>identifikacijski dokument;<\/li>\n<li>va\u0161 porezni broj;<\/li>\n<li>potpune osobne podatke osobe kojoj se daje punomo\u0107;<\/li>\n<li>podatke o umrloj osobi, uklju\u010duju\u0107i mjesto i datum ro\u0111enja i smrti.<\/li>\n<\/ul>\n<p>&nbsp;<\/p>\n<p><strong>Posebna punomo\u0107 za odricanje od nasljedstva<\/strong><\/p>\n<p>Za davanje ove punomo\u0107i potrebno je osobno se pojaviti u konzularnom uredu u prisutnosti dva svjedoka, prema dogovoru, sa:<\/p>\n<ul>\n<li>identifikacijski dokument;<\/li>\n<li>va\u0161 porezni broj;<\/li>\n<li>potpune osobne podatke osobe kojoj se daje punomo\u0107;<\/li>\n<li>podatke o umrloj osobi, uklju\u010duju\u0107i mjesto i datum ro\u0111enja i smrti.<\/li>\n<\/ul>\n<p>&nbsp;<\/p>\n<p><strong>Posebna punomo\u0107 za primanje donacije<\/strong><\/p>\n<p>Za davanje ove punomo\u0107i potrebno je osobno se pojaviti u konzularnom uredu u prisutnosti dva svjedoka,\u00a0 sa:<\/p>\n<ul>\n<li>identifikacijski dokument;<\/li>\n<li>va\u0161 porezni broj;<\/li>\n<li>potpune osobne podatke osobe kojoj se daje punomo\u0107;<\/li>\n<li>osobni podaci donatora;<\/li>\n<li>detaljan opis robe koja se donira.<\/li>\n<\/ul>\n<p>&nbsp;<\/p>\n<p><strong>Posebna punomo\u0107 za darivanje<\/strong><\/p>\n<p>Za davanje ove punomo\u0107i potrebno je osobno se pojaviti u konzularnom uredu u prisutnosti dva svjedoka,\u00a0 sa:<\/p>\n<ul>\n<li>identifikacijski dokument;<\/li>\n<li>va\u0161 porezni broj;<\/li>\n<li>potpune osobne podatke osobe kojoj se daje punomo\u0107;<\/li>\n<li>detaljan opis imovine (s katastarskim podacima ako se radi o nekretnini) predmet darovanja;<\/li>\n<li>potpune osobne podatke korisnika donacije.<\/li>\n<\/ul>\n<p>&nbsp;<\/p>\n<p><strong>Posebna punomo\u0107 za publikacije<\/strong><\/p>\n<p>Za izdavanje ove punomo\u0107i, budu\u0107i supru\u017enici moraju se osobno pojaviti u konzularnom uredu, prema dogovoru, sa :<\/p>\n<ul>\n<li>identifikacijski dokument;<\/li>\n<li>va\u0161 porezni broj;<\/li>\n<li>potpune osobne podatke osoba kojima namjeravaju dati punomo\u0107.<\/li>\n<\/ul>\n<p>&nbsp;<\/p>\n<p>Punomo\u0107 nema u\u010dinka ako nije izdana na obrascima propisanim za akt koji zastupnik mora sklopiti.<\/p>\n<p><strong>Osoba koja je izdala punomo\u0107 mo\u017ee je opozvati u svako doba, osim ako je u ugovoru odre\u0111eno da je punomo\u0107 neopoziva.<\/strong> Opoziv se mo\u017ee odnositi i na punomo\u0107 izdanu u konzulatu okruga u kojem zainteresirana strana boravi, i izdanu u drugim konzulatima ili kod italijanskog notara. Za dobivanje <strong>opoziva punomo\u0107i<\/strong> zainteresirana strana mora se obratiti konzularnom uredu s primjerkom punomo\u0107i koju namjerava opozvati ili, u nedostatku punomo\u0107i, sa svim bitnim podacima iste (primjerice: konzulat ili javni bilje\u017enik koji je intervenirao u ispravi, datum izdavanja, imeni\u010dki broj, potpuni osobni podaci agenta). Zainteresirana strana du\u017ena je u svoje ime osigurati da \u0107e opoziv dostaviti opozvanoj punomo\u0107i i italijanskom notaru kod kojeg je opozvana punomo\u0107 pohranjena.<\/p>\n<p>Za izdavanje punomo\u0107i <strong>pla\u0107aju se takse<\/strong> predvi\u0111ene <strong><a href=\"https:\/\/ambsarajevo.esteri.it\/wp-content\/uploads\/2025\/01\/A3-BIH-gennaio-2025.pdf\" target=\"_blank\" rel=\"noopener\">konzularnom tarifom<\/a><\/strong> koja je na snazi \u200b\u200bu vrijeme izdavanja punomo\u0107i.<\/p>\n","protected":false},"excerpt":{"rendered":"Punomo\u0107 je isprava kojom subjekt (zastupani) daje drugom subjektu (zastupniku) ovlast da u njegovo ime i za njegov ra\u010dun djeluje u obavljanju pravnih radnji \u010diji u\u010dinci nastaju neposredno u osobi koju zastupa. Punomo\u0107, ovisno o tome da li se daje za obavljanje poslova koji nisu unaprijed odre\u0111eni ili za obavljanje odre\u0111enih poslova, mo\u017ee biti opsta [&hellip;]","protected":false},"author":8,"featured_media":0,"parent":203,"menu_order":0,"comment_status":"closed","ping_status":"closed","template":"","meta":{"footnotes":""},"class_list":["post-597","page","type-page","status-publish","hentry"],"_links":{"self":[{"href":"https:\/\/ambsarajevo.esteri.it\/bs\/wp-json\/wp\/v2\/pages\/597","targetHints":{"allow":["GET"]}}],"collection":[{"href":"https:\/\/ambsarajevo.esteri.it\/bs\/wp-json\/wp\/v2\/pages"}],"about":[{"href":"https:\/\/ambsarajevo.esteri.it\/bs\/wp-json\/wp\/v2\/types\/page"}],"author":[{"embeddable":true,"href":"https:\/\/ambsarajevo.esteri.it\/bs\/wp-json\/wp\/v2\/users\/8"}],"replies":[{"embeddable":true,"href":"https:\/\/ambsarajevo.esteri.it\/bs\/wp-json\/wp\/v2\/comments?post=597"}],"version-history":[{"count":2,"href":"https:\/\/ambsarajevo.esteri.it\/bs\/wp-json\/wp\/v2\/pages\/597\/revisions"}],"predecessor-version":[{"id":5533,"href":"https:\/\/ambsarajevo.esteri.it\/bs\/wp-json\/wp\/v2\/pages\/597\/revisions\/5533"}],"up":[{"embeddable":true,"href":"https:\/\/ambsarajevo.esteri.it\/bs\/wp-json\/wp\/v2\/pages\/203"}],"wp:attachment":[{"href":"https:\/\/ambsarajevo.esteri.it\/bs\/wp-json\/wp\/v2\/media?parent=597"}],"curies":[{"name":"wp","href":"https:\/\/api.w.org\/{rel}","templated":true}]}}