{"id":5956,"date":"2025-04-18T10:31:38","date_gmt":"2025-04-18T08:31:38","guid":{"rendered":"https:\/\/ambsarajevo.esteri.it\/servizi-consolari-e-visti\/servizi-per-il-cittadino-italiano\/servizi-elettorali\/elezioni-politiche-e-referendum\/referendum-abrogativi-2025\/"},"modified":"2025-04-18T11:02:03","modified_gmt":"2025-04-18T09:02:03","slug":"referendum-abrogativi-2025","status":"publish","type":"page","link":"https:\/\/ambsarajevo.esteri.it\/bs\/servizi-consolari-e-visti\/servizi-per-il-cittadino-italiano\/servizi-elettorali\/elezioni-politiche-e-referendum\/referendum-abrogativi-2025\/","title":{"rendered":"REFERENDUM OPOZIVA 2025"},"content":{"rendered":"<p><span style=\"text-decoration: underline;\"><strong>Za \u0161ta se glasa?<\/strong><\/span><\/p>\n<p>Ukazima predsjednika Republike od 31.03.2025. godine, objavljenim u Slu\u017ebenom listu, General Series, br. 75, od 31.03.2025. godine, raspisano je <strong>5 narodnih abrogativnih referenduma<\/strong>:<\/p>\n<ol>\n<li>Italijansko dr\u017eavljanstvo: Prepoloviti od 10 do 5 godina zakonitog boravka u Italiji punoljetnog stranca izvan EU za podno\u0161enje zahtjeva za dodjelu italijanskog dr\u017eavljanstva.<\/li>\n<li>Ugovor o radu sa pove\u0107anjem za\u0161tite \u2013 regulisanje nezakonitog otpu\u0161tanja: Ukidanje<\/li>\n<li>Mala preduze\u0107a \u2013 otpu\u0161tanja i srodne naknade: djelimi\u010dno ukidanje.<\/li>\n<li>Djelomi\u010dno ukidanje odredbi koje se odnose na primjenu roka na podre\u0111ene ugovore o radu, maksimalnog trajanja i uslova za produ\u017eenje i obnavljanje.<\/li>\n<li>Isklju\u010denje solidarne odgovornosti naru\u010dioca, izvo\u0111a\u010da i podizvo\u0111a\u010da za povrede koje je pretrpio zaposleni u ugovornoj ili podizvo\u0111a\u010dkoj kompaniji, kao posljedica specifi\u010dnih rizika svojstvenih djelatnosti ugovornih ili podizvo\u0111a\u010dkih kompanija: Ukidanje.<\/li>\n<\/ol>\n<p><span style=\"text-decoration: underline;\"><strong>Ko mo\u017ee glasati u inostranstvu?<\/strong><\/span><\/p>\n<p><strong>Bira\u010di upisani u AIRE<\/strong> (Registar Italijana koji borave u inostranstvu), koji primaju izborni paket direktno na adresu prebivali\u0161ta u inostranstvu<br \/>\n<strong>Italijani koji su privremeno u inostranstvu najmanje tri mjeseca<\/strong>, isklju\u010divo IZ RAZLOGA RADA, STUDIRA ILI LIJE\u010cENJA, te \u010dlanovi njihovih porodica koji \u017eive u inostranstvu.<\/p>\n<p>PA\u017dNJA: bira\u010d koji je privremeno u inostranstvu mora do 7. MAJA podnijeti poseban zahtjev op\u0161tini italijanskog prebivali\u0161ta za dobijanje izbornog paketa.<\/p>\n<p>Kada \u0107emo glasati?<\/p>\n<p>U Italiji \u0107e se glasati u nedjelju 8. i ponedjeljak 9. juna 2025.<\/p>\n<p>Bira\u010di u inostranstvu glasaju unapred, po\u0161tom. Paketi \u0107e biti poslati na adresu stanovanja do 21. MAJA.<\/p>\n<p><span style=\"text-decoration: underline;\"><strong>PA\u017dNJA<\/strong><\/span>: bira\u010di koji jo\u0161 nisu dobili izborni paket <strong>DO 25. MAJA<\/strong> mogu se obratiti svom konzularnom uredu radi dobijanja <strong>DUPLIKATA<\/strong><\/p>\n<p><span style=\"text-decoration: underline;\"><strong>Kako glasate?<\/strong><\/span><\/p>\n<p><strong>Glasanje se vr\u0161i dopisnim putem<\/strong>. Glasa\u010dki listi\u0107i moraju biti vra\u0107eni konzulatu pa\u017eljivo prate\u0107i uputstva na informativnom listu uklju\u010denom u izborni paket i koriste\u0107i samo materijal koji je prilo\u017een uz njega. Samo glasa\u010dki listi\u0107i se dostavljaju nadle\u017enom konzularnom uredu <strong>NAJKASNIJE DO 16:00 sati. po lokalnom vremenu u \u010detvrtak 5. JUNA<\/strong> bi\u0107e poslat u Italiju na brojanje.<\/p>\n<p>&nbsp;<\/p>\n<p class=\"entry-title h3\"><a href=\"https:\/\/ambsarajevo.esteri.it\/bs\/news\/dall_ambasciata\/2025\/04\/referendum-o-opozivu-od-08-i-09-06-2025\/\">Referendum o opozivu od 08. i 09.06.2025.; Glasanje putem po\u0161te za italijanske dr\u017eavljane koji borave u inostranstvu i opcija za glasanje u Italiji<\/a><\/p>\n<p class=\"entry-title h3\"><a href=\"https:\/\/ambsarajevo.esteri.it\/bs\/news\/dall_ambasciata\/2025\/04\/referendum-opoziva-8-9-juni-2025-glasanje-putem-poste-za-birace-privremeno-u-inostranstvu\/\">Referendum o opozivu od 08. i 09.06.2025.; Glasanje putem po\u0161te za bira\u010de koji privremeno borave u inostranstvu<\/a><\/p>\n<p>&nbsp;<\/p>\n","protected":false},"excerpt":{"rendered":"Za \u0161ta se glasa? Ukazima predsjednika Republike od 31.03.2025. godine, objavljenim u Slu\u017ebenom listu, General Series, br. 75, od 31.03.2025. godine, raspisano je 5 narodnih abrogativnih referenduma: Italijansko dr\u017eavljanstvo: Prepoloviti od 10 do 5 godina zakonitog boravka u Italiji punoljetnog stranca izvan EU za podno\u0161enje zahtjeva za dodjelu italijanskog dr\u017eavljanstva. Ugovor o radu sa pove\u0107anjem [&hellip;]","protected":false},"author":5,"featured_media":0,"parent":532,"menu_order":0,"comment_status":"closed","ping_status":"closed","template":"","meta":{"footnotes":""},"class_list":["post-5956","page","type-page","status-publish","hentry"],"_links":{"self":[{"href":"https:\/\/ambsarajevo.esteri.it\/bs\/wp-json\/wp\/v2\/pages\/5956","targetHints":{"allow":["GET"]}}],"collection":[{"href":"https:\/\/ambsarajevo.esteri.it\/bs\/wp-json\/wp\/v2\/pages"}],"about":[{"href":"https:\/\/ambsarajevo.esteri.it\/bs\/wp-json\/wp\/v2\/types\/page"}],"author":[{"embeddable":true,"href":"https:\/\/ambsarajevo.esteri.it\/bs\/wp-json\/wp\/v2\/users\/5"}],"replies":[{"embeddable":true,"href":"https:\/\/ambsarajevo.esteri.it\/bs\/wp-json\/wp\/v2\/comments?post=5956"}],"version-history":[{"count":4,"href":"https:\/\/ambsarajevo.esteri.it\/bs\/wp-json\/wp\/v2\/pages\/5956\/revisions"}],"predecessor-version":[{"id":5965,"href":"https:\/\/ambsarajevo.esteri.it\/bs\/wp-json\/wp\/v2\/pages\/5956\/revisions\/5965"}],"up":[{"embeddable":true,"href":"https:\/\/ambsarajevo.esteri.it\/bs\/wp-json\/wp\/v2\/pages\/532"}],"wp:attachment":[{"href":"https:\/\/ambsarajevo.esteri.it\/bs\/wp-json\/wp\/v2\/media?parent=5956"}],"curies":[{"name":"wp","href":"https:\/\/api.w.org\/{rel}","templated":true}]}}