{"id":594,"date":"2023-07-26T12:54:36","date_gmt":"2023-07-26T10:54:36","guid":{"rendered":"https:\/\/ambsarajevo.esteri.it\/servizi-consolari-e-visti\/servizi-per-il-cittadino-italiano\/assistenza-ai-cittadini-allestero\/assistenza-sanitaria\/rimpatrio\/"},"modified":"2023-08-07T15:05:14","modified_gmt":"2023-08-07T13:05:14","slug":"rimpatrio","status":"publish","type":"page","link":"https:\/\/ambsarajevo.esteri.it\/bs\/servizi-consolari-e-visti\/servizi-per-il-cittadino-italiano\/assistenza-ai-cittadini-allestero\/rimpatrio\/","title":{"rendered":"Repatrijacija"},"content":{"rendered":"<p>Konzularno predstavni\u0161tvo osigurava, u suradnji s teritorijalno nadle\u017enim Italijanskim tijelima (prefekturama, policijskim stanicama, op\u0161tinama , lokalnim zdravstvenim vlastima, socijalnim slu\u017ebama), kona\u010dnu repatrijaciju italijanskih dr\u017eavljana koji borave u inostranstvu, a koji su u te\u0161kim uslovima\u00a0 siroma\u0161tva i italijanskih maloljetnika u stanju napu\u0161tenosti.<\/p>\n<p>Repatrijacija podlije\u017ee provjeri spremnosti ro\u0111aka da preuzmu odgovornosti povezane s uzdr\u017eavanjem i pomo\u0107i povratniku u Italiji. U nedostatku takve dostupnosti, repatrijacija se koordinira sa socijalnim slu\u017ebama opstine posljednjeg prebivali\u0161ta ili porijekla\u00a0 u Italiji, ili kori\u0161tenjem regionalnih fondova.<\/p>\n<p>Repatrijacija napu\u0161tenih maloljetnika provodi se na teret Dr\u017eavne riznice, u dogovoru s nadle\u017enim sudom za mlade i socijalnom slu\u017ebom opstine prebivali\u0161ta.<\/p>\n<p>&nbsp;<\/p>\n<p><strong>Definitivan povratak u Italiju \u2013 carinski objekti<\/strong><\/p>\n<p>Italijanski dr\u017eavljanin koji ima prebivali\u0161te u inostranstvu najmanje 12 mjeseci i koji svoje prebivali\u0161te prenese u Italiju ima pravo na carinske olak\u0161ice i \u2013 ovisno o regionalnim, pokrajinskim ili op\u0161tinskim\u00a0 propisima \u2013 na sve financijske doprinose.<\/p>\n<p>Carinska izuze\u0107a odnose se na predmete za ku\u0107anstvo koje podnosilac\u00a0 zahtjeva posjeduje i koristi, a namijenjene su za osobnu upotrebu, kao i na automobil u vlasni\u0161tvu najmanje 6 mjeseci.<\/p>\n<p>Povrat predmeta za ku\u0107anstvo mora se izvr\u0161iti u roku od 12 mjeseci od datuma koji je prijavljen kao posljednji dan boravka u inostranstvu.<\/p>\n<p>Za detalje pogledajte <a href=\"https:\/\/www.adm.gov.it\/portale\/\" target=\"_blank\" rel=\"noopener\">web stranice<strong> Agencije za carine i monopole<\/strong><\/a>.<\/p>\n","protected":false},"excerpt":{"rendered":"Konzularno predstavni\u0161tvo osigurava, u suradnji s teritorijalno nadle\u017enim Italijanskim tijelima (prefekturama, policijskim stanicama, op\u0161tinama , lokalnim zdravstvenim vlastima, socijalnim slu\u017ebama), kona\u010dnu repatrijaciju italijanskih dr\u017eavljana koji borave u inostranstvu, a koji su u te\u0161kim uslovima\u00a0 siroma\u0161tva i italijanskih maloljetnika u stanju napu\u0161tenosti. Repatrijacija podlije\u017ee provjeri spremnosti ro\u0111aka da preuzmu odgovornosti povezane s uzdr\u017eavanjem i pomo\u0107i povratniku [&hellip;]","protected":false},"author":8,"featured_media":0,"parent":214,"menu_order":6,"comment_status":"closed","ping_status":"closed","template":"","meta":{"footnotes":""},"class_list":["post-594","page","type-page","status-publish","hentry"],"_links":{"self":[{"href":"https:\/\/ambsarajevo.esteri.it\/bs\/wp-json\/wp\/v2\/pages\/594","targetHints":{"allow":["GET"]}}],"collection":[{"href":"https:\/\/ambsarajevo.esteri.it\/bs\/wp-json\/wp\/v2\/pages"}],"about":[{"href":"https:\/\/ambsarajevo.esteri.it\/bs\/wp-json\/wp\/v2\/types\/page"}],"author":[{"embeddable":true,"href":"https:\/\/ambsarajevo.esteri.it\/bs\/wp-json\/wp\/v2\/users\/8"}],"replies":[{"embeddable":true,"href":"https:\/\/ambsarajevo.esteri.it\/bs\/wp-json\/wp\/v2\/comments?post=594"}],"version-history":[{"count":0,"href":"https:\/\/ambsarajevo.esteri.it\/bs\/wp-json\/wp\/v2\/pages\/594\/revisions"}],"up":[{"embeddable":true,"href":"https:\/\/ambsarajevo.esteri.it\/bs\/wp-json\/wp\/v2\/pages\/214"}],"wp:attachment":[{"href":"https:\/\/ambsarajevo.esteri.it\/bs\/wp-json\/wp\/v2\/media?parent=594"}],"curies":[{"name":"wp","href":"https:\/\/api.w.org\/{rel}","templated":true}]}}