{"id":589,"date":"2023-07-26T12:46:36","date_gmt":"2023-07-26T10:46:36","guid":{"rendered":"https:\/\/ambsarajevo.esteri.it\/servizi-consolari-e-visti\/servizi-per-il-cittadino-italiano\/assistenza-ai-cittadini-allestero\/assistenza-nella-ricerca-di-connanzionali\/"},"modified":"2024-10-17T16:57:56","modified_gmt":"2024-10-17T14:57:56","slug":"assistenza-nella-ricerca-di-connanzionali","status":"publish","type":"page","link":"https:\/\/ambsarajevo.esteri.it\/bs\/servizi-consolari-e-visti\/servizi-per-il-cittadino-italiano\/assistenza-ai-cittadini-allestero\/assistenza-nella-ricerca-di-connanzionali\/","title":{"rendered":"Pomo\u0107 u potrazi za sunarodnjacima"},"content":{"rendered":"<p><strong>Informacije o italijanskim dr\u017eavljanima u inostranstvu mogu se dati u skladu s va\u017ee\u0107im zakonodavstvom o za\u0161titi osobnih podataka<\/strong> (Zakonodavna uredba 196 iz 2003.),<strong> koja u ve\u0107ini slu\u010dajeva zahtijeva pristanak tra\u017eene osobe.<\/strong> Imaju\u0107i u vidu da se svi italijanski dr\u017eavljani koji su emigrirali u inostrantvo nisu prijavili italijanskim konzularnim uredima, ako je tra\u017eena osoba identificirana, Ministarstvo vanjskih poslova \u0107e istu obavijestiti o uvjetima zahtjeva i kontakt podacima podnositelja zahtjeva.<\/p>\n<p>Konzularni uredi provode, u granicama instrumenata dopu\u0161tenih lokalnim zakonodavstvom i kako je gore navedeno, <strong>pretrage za koje je podnositelj zahtjeva pokazao legitiman interes<\/strong>. Zahtjevi se \u0161alju izravno elektroni\u010dkom po\u0161tom nadle\u017enom konzularnom uredu putem obrazlo\u017eenog rukom pisanog zahtjeva (na obi\u010dnom papiru) uz prilaganje kopije\u00a0 va\u017ee\u0107eg li\u010dnog dokumenta podnosioca\u00a0 zahtjeva.<\/p>\n<p>U slu\u010daju <strong>nestanka<\/strong> potrebno je podnijeti prijavu nadle\u017enim policijskim tijelima. Kopiju ove prijave\u00a0 (po mogu\u0107nosti u pdf formatu) potrebno je poslati mjesno nadle\u017enom konzularnom uredu i, na znanje\u00a0 Uredu IV Glavne uprave za Italijane u inostranstvu i migracijsku politiku (<a href=\"mailto:dgit-04@esteri.it\">dgit-04@esteri.it<\/a>). Samo u slu\u010daju da se ne mo\u017ee identificirati nadle\u017eni konzularni ured, zahtjevi se mogu uputiti Uredu IV DGIT-a (<a href=\"mailto:dgit-04@esteri.it\">dgit-04@esteri.it<\/a>).<\/p>\n<p><strong>\u0160to se ti\u010de zahtjeva za saznanjem adrese prebivali\u0161ta sunarodnjaka u inostranstvu (tako\u0111er u svrhu obavijesti)<\/strong>, treba napomenuti da se oni moraju uputiti relevantnim italijanskim op\u0161tinama registracije AIRE (op\u0161tina posljednjeg prebivali\u0161ta u Italiji ili op\u0161tina porijekla). Registri italijanskih dr\u017eavljana koji borave u inostranstvu\u00a0 (AIRE) zapravo se vode u opstinama i Ministarstvu unutra\u0161njih poslova (\u010dl. 1, st. 1, Zakon 470\/1988).<\/p>\n","protected":false},"excerpt":{"rendered":"Informacije o italijanskim dr\u017eavljanima u inostranstvu mogu se dati u skladu s va\u017ee\u0107im zakonodavstvom o za\u0161titi osobnih podataka (Zakonodavna uredba 196 iz 2003.), koja u ve\u0107ini slu\u010dajeva zahtijeva pristanak tra\u017eene osobe. Imaju\u0107i u vidu da se svi italijanski dr\u017eavljani koji su emigrirali u inostrantvo nisu prijavili italijanskim konzularnim uredima, ako je tra\u017eena osoba identificirana, Ministarstvo [&hellip;]","protected":false},"author":8,"featured_media":0,"parent":214,"menu_order":5,"comment_status":"closed","ping_status":"closed","template":"","meta":{"footnotes":""},"class_list":["post-589","page","type-page","status-publish","hentry"],"_links":{"self":[{"href":"https:\/\/ambsarajevo.esteri.it\/bs\/wp-json\/wp\/v2\/pages\/589","targetHints":{"allow":["GET"]}}],"collection":[{"href":"https:\/\/ambsarajevo.esteri.it\/bs\/wp-json\/wp\/v2\/pages"}],"about":[{"href":"https:\/\/ambsarajevo.esteri.it\/bs\/wp-json\/wp\/v2\/types\/page"}],"author":[{"embeddable":true,"href":"https:\/\/ambsarajevo.esteri.it\/bs\/wp-json\/wp\/v2\/users\/8"}],"replies":[{"embeddable":true,"href":"https:\/\/ambsarajevo.esteri.it\/bs\/wp-json\/wp\/v2\/comments?post=589"}],"version-history":[{"count":1,"href":"https:\/\/ambsarajevo.esteri.it\/bs\/wp-json\/wp\/v2\/pages\/589\/revisions"}],"predecessor-version":[{"id":4701,"href":"https:\/\/ambsarajevo.esteri.it\/bs\/wp-json\/wp\/v2\/pages\/589\/revisions\/4701"}],"up":[{"embeddable":true,"href":"https:\/\/ambsarajevo.esteri.it\/bs\/wp-json\/wp\/v2\/pages\/214"}],"wp:attachment":[{"href":"https:\/\/ambsarajevo.esteri.it\/bs\/wp-json\/wp\/v2\/media?parent=589"}],"curies":[{"name":"wp","href":"https:\/\/api.w.org\/{rel}","templated":true}]}}