{"id":581,"date":"2023-07-26T12:41:45","date_gmt":"2023-07-26T10:41:45","guid":{"rendered":"https:\/\/ambsarajevo.esteri.it\/servizi-consolari-e-visti\/servizi-per-il-cittadino-italiano\/assistenza-ai-cittadini-allestero\/assistenza-sanitaria\/assistenza-in-caso-di-furto-o-smarrimento-di-documenti\/"},"modified":"2025-01-09T11:06:11","modified_gmt":"2025-01-09T09:06:11","slug":"assistenza-in-caso-di-furto-o-smarrimento-di-documenti","status":"publish","type":"page","link":"https:\/\/ambsarajevo.esteri.it\/bs\/servizi-consolari-e-visti\/servizi-per-il-cittadino-italiano\/assistenza-ai-cittadini-allestero\/assistenza-in-caso-di-furto-o-smarrimento-di-documenti\/","title":{"rendered":"Pomo\u0107 u slu\u010daju kra\u0111e ili gubitka dokumenata"},"content":{"rendered":"<p>Ako se italijanski dr\u017eavljanin na\u0111e u hitnoj situaciji (primjerice turist u tranzitu koji mora oti\u0107i, a izgubio je ili mu je ukraden paso\u0161) i nema vremena za provedbu potrebne procedure za\u00a0 izdavanje novog paso\u0161a, Konzularni ured\u00a0 izdaje privremenu putnu ispravu (<a href=\"https:\/\/ambsarajevo.esteri.it\/bs\/servizi-consolari-e-visti\/servizi-per-il-cittadino-italiano\/emergency-travel-documents-etd\/\" target=\"_blank\" rel=\"noopener\">nazvanu ETD &#8211; Hitna putna isprava<\/a>) koja vrijedi samo za povratno putovanje u Italiju, u zemlju stalnog boravka u inostranstvu ili, u iznimnim slu\u010dajevima, za drugo odredi\u0161te.<\/p>\n<p>Preporu\u010da se prijaviti kra\u0111u ili gubitak paso\u0161a i lokalnim policijskim vlastima, kako bi se olak\u0161ao grani\u010dni tranzit.<\/p>\n<p>Op\u0107enito, preporu\u010dljivo je \u010duvati fotokopiju najva\u017enijih dokumenata (pasos\u0161, li\u010dne karte , kreditne kartice) na drugom mjestu od mjesta gdje se \u010duvaju originalni dokumenti, kako bi se olak\u0161ali postupci pomo\u0107i u slu\u010daju kra\u0111e ili gubitka.<\/p>\n<p>Treba imati na umu da bi u dane prije praznika i dr\u017eavnih praznika ovaj oblik pomo\u0107i mogao biti onemogu\u0107en zbog zatvaranja samih ureda i odgo\u0111en &#8211; osim u slu\u010daju dokazane nu\u017ede &#8211; na prvi radni dan.<\/p>\n<p>ETD se mo\u017ee izdati i dr\u017eavljanima zemalja \u010dlanica Europske unije uz pribavljanje slu\u017ebene ovlasti diplomatsko-konzularnog predstavni\u0161tva ili Ministarstva vanjskih poslova zemlje porijekla \u00a0podnositelja te sljede\u0107e dokumentacije:<\/p>\n<ol>\n<li>prijava gubitka ili kra\u0111e paso\u0161a ili druge putne isprave, podnesena konzularnom uredu u skladu s \u010dlancima 46. i 47. i uz upozorenja u skladu s \u010dl. 76 Predsjedni\u010dkog dekreta 445\/2000;<\/li>\n<li>prijava kra\u0111e ili gubitka pasosa ili druge putne isprave lokalnim policijskim vlastima;<\/li>\n<li>2 fotografije podnosioca zahtjeva (jednake, frontalne, u boji, formata 35 x 40 mm);<\/li>\n<li>osnova putovanja podnosioca zahtjeva;<\/li>\n<\/ol>\n<p>&nbsp;<\/p>\n<p><strong>Pronala\u017eenje li\u010dnih karti izgubljenih u inostranstvu<\/strong><\/p>\n<p>Li\u017ene karte ukradene ili izgubljene u inostranstvu, ako se prona\u0111u, obi\u010dno se vra\u0107aju konzularnim uredima u okrugu u kojem je do\u0161lo do kra\u0111e ili gubitka.<\/p>\n<p>Stoga se pozivaju oni koji su nedavno pretrpjeli kra\u0111u\/gubitak u inostranstvu, a \u017eele provjeriti da li je\u00a0 prona\u0111ena li\u010dna karta,\u00a0 da se obrate mjesno nadle\u017enom konzularnom uredu za daljnje informacije o tome.<\/p>\n<p>Treba napomenuti da se eventualno preuzimanje\u00a0 gore navedenih dokumenata mo\u017ee izvr\u0161iti u konzularnom uredu u kojem je do\u0161lo do pronalaska, prema sljede\u0107im metodama:<\/p>\n<ul>\n<li>na \u0161alterima konzularnog ureda;<\/li>\n<li>na zahtjev stranaka, po\u0161tom uz tro\u0161kove slanja na njihov tro\u0161ak.<\/li>\n<\/ul>\n<p>\u0160to se ti\u010de licnih karti koje je izdala konzularna mre\u017ea, a koje su ukradene ili izgubljene u inostranstvu, konzularni uredi bit \u0107e du\u017eni obavijestiti nositelja o njihovom pronalasku, isti\u010du\u0107i da \u0107e biti uni\u0161tene ako se njihov povrat ne zatra\u017ei nakon godinu dana od datuma pronala\u017eenja.<\/p>\n","protected":false},"excerpt":{"rendered":"Ako se italijanski dr\u017eavljanin na\u0111e u hitnoj situaciji (primjerice turist u tranzitu koji mora oti\u0107i, a izgubio je ili mu je ukraden paso\u0161) i nema vremena za provedbu potrebne procedure za\u00a0 izdavanje novog paso\u0161a, Konzularni ured\u00a0 izdaje privremenu putnu ispravu (nazvanu ETD &#8211; Hitna putna isprava) koja vrijedi samo za povratno putovanje u Italiju, u [&hellip;]","protected":false},"author":8,"featured_media":0,"parent":214,"menu_order":4,"comment_status":"closed","ping_status":"closed","template":"","meta":{"footnotes":""},"class_list":["post-581","page","type-page","status-publish","hentry"],"_links":{"self":[{"href":"https:\/\/ambsarajevo.esteri.it\/bs\/wp-json\/wp\/v2\/pages\/581","targetHints":{"allow":["GET"]}}],"collection":[{"href":"https:\/\/ambsarajevo.esteri.it\/bs\/wp-json\/wp\/v2\/pages"}],"about":[{"href":"https:\/\/ambsarajevo.esteri.it\/bs\/wp-json\/wp\/v2\/types\/page"}],"author":[{"embeddable":true,"href":"https:\/\/ambsarajevo.esteri.it\/bs\/wp-json\/wp\/v2\/users\/8"}],"replies":[{"embeddable":true,"href":"https:\/\/ambsarajevo.esteri.it\/bs\/wp-json\/wp\/v2\/comments?post=581"}],"version-history":[{"count":1,"href":"https:\/\/ambsarajevo.esteri.it\/bs\/wp-json\/wp\/v2\/pages\/581\/revisions"}],"predecessor-version":[{"id":5517,"href":"https:\/\/ambsarajevo.esteri.it\/bs\/wp-json\/wp\/v2\/pages\/581\/revisions\/5517"}],"up":[{"embeddable":true,"href":"https:\/\/ambsarajevo.esteri.it\/bs\/wp-json\/wp\/v2\/pages\/214"}],"wp:attachment":[{"href":"https:\/\/ambsarajevo.esteri.it\/bs\/wp-json\/wp\/v2\/media?parent=581"}],"curies":[{"name":"wp","href":"https:\/\/api.w.org\/{rel}","templated":true}]}}