{"id":577,"date":"2023-07-26T12:36:52","date_gmt":"2023-07-26T10:36:52","guid":{"rendered":"https:\/\/ambsarajevo.esteri.it\/servizi-consolari-e-visti\/servizi-per-il-cittadino-italiano\/assistenza-ai-cittadini-allestero\/assistenza-legale\/"},"modified":"2023-08-07T12:02:02","modified_gmt":"2023-08-07T10:02:02","slug":"assistenza-legale","status":"publish","type":"page","link":"https:\/\/ambsarajevo.esteri.it\/bs\/servizi-consolari-e-visti\/servizi-per-il-cittadino-italiano\/assistenza-ai-cittadini-allestero\/assistenza-legale\/","title":{"rendered":"Pravna pomo\u0107"},"content":{"rendered":"<p>Ambasada mo\u017ee sunarodnjaku koji se nalazi u pritvoru ili uhapsen\u00a0 dostaviti popis referentnih stru\u010dnjaka kojima se mo\u017ee obratiti radi zastupanja na sudu. Sudske tro\u0161kove snosi doti\u010dni gra\u0111anin. U slu\u010dajevima dokazanog i posebno te\u0161kog siroma\u0161tva, mogu\u0107e je osigurati financijsku pomo\u0107 za pla\u0107anje sudskih tro\u0161kova u obliku:<\/p>\n<ul>\n<li>subvencija za rezidente u inostranstvu u relevantnom okrugu;<\/li>\n<li>zajam s obe\u0107anjem povrata za sunarodnjake u tranzitu.<\/li>\n<\/ul>\n<p>Ambasada \u0107e, prije isplate zajma u korist sunarodnjaka pritvorenih u inostranstvu, prvo utvrditi mogu\u0107u dostupnost \u010dlanova obitelji u Italiji koji bi snosili povezane tro\u0161kove.<\/p>\n","protected":false},"excerpt":{"rendered":"Ambasada mo\u017ee sunarodnjaku koji se nalazi u pritvoru ili uhapsen\u00a0 dostaviti popis referentnih stru\u010dnjaka kojima se mo\u017ee obratiti radi zastupanja na sudu. Sudske tro\u0161kove snosi doti\u010dni gra\u0111anin. U slu\u010dajevima dokazanog i posebno te\u0161kog siroma\u0161tva, mogu\u0107e je osigurati financijsku pomo\u0107 za pla\u0107anje sudskih tro\u0161kova u obliku: subvencija za rezidente u inostranstvu u relevantnom okrugu; zajam s [&hellip;]","protected":false},"author":8,"featured_media":0,"parent":214,"menu_order":3,"comment_status":"closed","ping_status":"closed","template":"","meta":{"footnotes":""},"class_list":["post-577","page","type-page","status-publish","hentry"],"_links":{"self":[{"href":"https:\/\/ambsarajevo.esteri.it\/bs\/wp-json\/wp\/v2\/pages\/577","targetHints":{"allow":["GET"]}}],"collection":[{"href":"https:\/\/ambsarajevo.esteri.it\/bs\/wp-json\/wp\/v2\/pages"}],"about":[{"href":"https:\/\/ambsarajevo.esteri.it\/bs\/wp-json\/wp\/v2\/types\/page"}],"author":[{"embeddable":true,"href":"https:\/\/ambsarajevo.esteri.it\/bs\/wp-json\/wp\/v2\/users\/8"}],"replies":[{"embeddable":true,"href":"https:\/\/ambsarajevo.esteri.it\/bs\/wp-json\/wp\/v2\/comments?post=577"}],"version-history":[{"count":0,"href":"https:\/\/ambsarajevo.esteri.it\/bs\/wp-json\/wp\/v2\/pages\/577\/revisions"}],"up":[{"embeddable":true,"href":"https:\/\/ambsarajevo.esteri.it\/bs\/wp-json\/wp\/v2\/pages\/214"}],"wp:attachment":[{"href":"https:\/\/ambsarajevo.esteri.it\/bs\/wp-json\/wp\/v2\/media?parent=577"}],"curies":[{"name":"wp","href":"https:\/\/api.w.org\/{rel}","templated":true}]}}