{"id":568,"date":"2023-07-26T11:39:54","date_gmt":"2023-07-26T09:39:54","guid":{"rendered":"https:\/\/ambsarajevo.esteri.it\/servizi-consolari-e-visti\/servizi-per-il-cittadino-italiano\/assistenza-ai-cittadini-allestero\/assistenza-ai-detenuti\/"},"modified":"2023-08-07T11:54:13","modified_gmt":"2023-08-07T09:54:13","slug":"assistenza-ai-detenuti","status":"publish","type":"page","link":"https:\/\/ambsarajevo.esteri.it\/bs\/servizi-consolari-e-visti\/servizi-per-il-cittadino-italiano\/assistenza-ai-cittadini-allestero\/assistenza-ai-detenuti\/","title":{"rendered":"Pomo\u0107 zatvorenicima"},"content":{"rendered":"<p>U slu\u010daju da je sunarodnjak uhap\u0161en u\u00a0 Bosni i Hercegovini, konzularni ured mo\u017ee:<\/p>\n<ul>\n<li>obavljati konzularne posjete zatvoreniku;<\/li>\n<li>uputiti na advokata ;<\/li>\n<li>odr\u017eavati veze s \u010dlanovima obitelji u Italiji;<\/li>\n<li>osigurati zatvoreniku, kada je to potrebno i dopu\u0161teno lokalnim propisima, medicinsku pomo\u0107, hranu, knjige i novine;<\/li>\n<li>intervenirati za premje\u0161taj u Italiju, ako je sunarodnjak pritvoren u zemljama \u010dlanicama <a href=\"https:\/\/www.coe.int\/it\/web\/conventions\/full-list?module=signatures-by-treaty&amp;treatynum=112\" target=\"_blank\" rel=\"noopener\">Strasbour\u0161ke konvencije o premje\u0161taju zatvorenika<\/a> ili ad hoc bilateralnih sporazuma;<\/li>\n<li>intervenirati, u posebnim slu\u010dajevima, kako bi podr\u017eao zahtjeve za pomilovanje, iz humanitarnih razloga.<\/li>\n<\/ul>\n<p>&nbsp;<\/p>\n<p>Konzularni ured ne mo\u017ee:<\/p>\n<ul>\n<li>intervenirati na sudu u ime sunarodnjaka;<\/li>\n<li>platiti zatvorenikove pravne tro\u0161kove.<\/li>\n<\/ul>\n","protected":false},"excerpt":{"rendered":"U slu\u010daju da je sunarodnjak uhap\u0161en u\u00a0 Bosni i Hercegovini, konzularni ured mo\u017ee: obavljati konzularne posjete zatvoreniku; uputiti na advokata ; odr\u017eavati veze s \u010dlanovima obitelji u Italiji; osigurati zatvoreniku, kada je to potrebno i dopu\u0161teno lokalnim propisima, medicinsku pomo\u0107, hranu, knjige i novine; intervenirati za premje\u0161taj u Italiju, ako je sunarodnjak pritvoren u zemljama [&hellip;]","protected":false},"author":8,"featured_media":0,"parent":214,"menu_order":1,"comment_status":"closed","ping_status":"closed","template":"","meta":{"footnotes":""},"class_list":["post-568","page","type-page","status-publish","hentry"],"_links":{"self":[{"href":"https:\/\/ambsarajevo.esteri.it\/bs\/wp-json\/wp\/v2\/pages\/568","targetHints":{"allow":["GET"]}}],"collection":[{"href":"https:\/\/ambsarajevo.esteri.it\/bs\/wp-json\/wp\/v2\/pages"}],"about":[{"href":"https:\/\/ambsarajevo.esteri.it\/bs\/wp-json\/wp\/v2\/types\/page"}],"author":[{"embeddable":true,"href":"https:\/\/ambsarajevo.esteri.it\/bs\/wp-json\/wp\/v2\/users\/8"}],"replies":[{"embeddable":true,"href":"https:\/\/ambsarajevo.esteri.it\/bs\/wp-json\/wp\/v2\/comments?post=568"}],"version-history":[{"count":0,"href":"https:\/\/ambsarajevo.esteri.it\/bs\/wp-json\/wp\/v2\/pages\/568\/revisions"}],"up":[{"embeddable":true,"href":"https:\/\/ambsarajevo.esteri.it\/bs\/wp-json\/wp\/v2\/pages\/214"}],"wp:attachment":[{"href":"https:\/\/ambsarajevo.esteri.it\/bs\/wp-json\/wp\/v2\/media?parent=568"}],"curies":[{"name":"wp","href":"https:\/\/api.w.org\/{rel}","templated":true}]}}