{"id":564,"date":"2023-07-26T11:23:55","date_gmt":"2023-07-26T09:23:55","guid":{"rendered":"https:\/\/ambsarajevo.esteri.it\/servizi-consolari-e-visti\/servizi-per-il-cittadino-italiano\/assistenza-ai-cittadini-allestero\/assistenza-sanitaria\/"},"modified":"2023-08-07T11:48:18","modified_gmt":"2023-08-07T09:48:18","slug":"assistenza-sanitaria","status":"publish","type":"page","link":"https:\/\/ambsarajevo.esteri.it\/bs\/servizi-consolari-e-visti\/servizi-per-il-cittadino-italiano\/assistenza-ai-cittadini-allestero\/assistenza-sanitaria\/","title":{"rendered":"Zdravstvena za\u0161tita"},"content":{"rendered":"<div>\n<p>talijanskim dr\u017eavljanima koji putuju u zemlje u kojima ne postoje bilateralni sporazumi o zdravstvenoj za\u0161titi, uklju\u010duju\u0107i i Bosnu i Hercegovinu, savjetuje se da prije putovanja sklope policu osiguranja.<\/p>\n<p>Gra\u0111ani koji imaju ugovor o radu prema italijanskom pravu i rade u inostranstvu mogu zatra\u017eiti naknadu tro\u0161kova za primljene zdravstvene usluge. Dodatne informacije o uklju\u010denim kategorijama i postupku nadoknade mo\u017eete prona\u0107i na <a href=\"https:\/\/www.salute.gov.it\/portale\/moduliServizi\/dettaglioSchedaModuliServizi.jsp?lingua=italiano&amp;label=servizionline&amp;idMat=ASE&amp;idAmb=TRASF&amp;idSrv=RPL&amp;flag=P\" target=\"_blank\" rel=\"noopener\">web stranici <strong>Ministarstva zdravstva<\/strong><\/a>.<\/p>\n<p>Italijanski dr\u017eavljani koji prebace svoje prebivali\u0161te u dr\u017eavu s kojom nema sporazuma s Italijom na snazi \u200b\u200bgube pravo na zdravstvenu pomo\u0107 koju pruza\u00a0 Nacionalna zdravstvena slu\u017eba i stoga \u0107e je morati osigurati samostalno, u skladu s postupcima koje je utvrdila zemlja odredi\u0161ta .<\/p>\n<p>Gra\u0111ani sa stalnim boravkom u inostranstvu i prijavljeni u AIRE-a, koji se privremeno vra\u0107aju u Italiju, moraju platiti regionalne tarife za sve zdravstvene usluge, uklju\u010duju\u0107i i hitne slu\u010dajeve. U slu\u010daju italijanskih dr\u017eavljana registriranih u AIRE-a, <strong>nositelja penzija italijanske institucija socijalnog osiguranja ili italijanskih dr\u017eavljana emigranata (ro\u0111enih u Italiji)<\/strong>, <strong>hitne bolni\u010dke usluge<\/strong> priznaju se besplatno u razdoblju od najvi\u0161e <strong>90 dana <\/strong>za svaku kalendarsku godinu, ako nemaju vlastito osiguranje. Za pru\u017eanje hitnih bolni\u010dkih usluga potrebno je potpisati<strong> izjavu<\/strong> <strong>pod prisegom<\/strong> kojom se izjavljuje, osim statusa <strong>emigranta<\/strong> (potvr\u0111eno datumom, mjestom ro\u0111enja <strong>u Italiji,<\/strong> prebivali\u0161tem u inostranstvu\u00a0 i italijanskim dr\u017eavljanstvom), da osoba ne posjeduje javno ili privatno zdravstveno osiguranje.<\/p>\n<p>Visokospecijalizirana lije\u010denja u inostranstvu pla\u0107a Nacionalni zdravstveni zavod, iznimno, za usluge koje se u na\u0161oj zemlji ne mogu dobiti odmah ili u adekvatnom obliku. Moraju biti prethodno ovla\u0161teni od strane lokalnog ASL-a. Za vi\u0161e informacija posjetite \u00a0<a href=\"https:\/\/www.salute.gov.it\/portale\/moduliServizi\/dettaglioSchedaModuliServizi.jsp?lingua=italiano&amp;label=servizionline&amp;idMat=ASE&amp;idAmb=TRASF&amp;idSrv=RPL&amp;flag=P\" target=\"_blank\" rel=\"noopener\">web stranicu <strong>Ministarstva zdravlja<\/strong><\/a>.<\/p>\n<\/div>\n","protected":false},"excerpt":{"rendered":"talijanskim dr\u017eavljanima koji putuju u zemlje u kojima ne postoje bilateralni sporazumi o zdravstvenoj za\u0161titi, uklju\u010duju\u0107i i Bosnu i Hercegovinu, savjetuje se da prije putovanja sklope policu osiguranja. Gra\u0111ani koji imaju ugovor o radu prema italijanskom pravu i rade u inostranstvu mogu zatra\u017eiti naknadu tro\u0161kova za primljene zdravstvene usluge. Dodatne informacije o uklju\u010denim kategorijama i [&hellip;]","protected":false},"author":8,"featured_media":0,"parent":214,"menu_order":0,"comment_status":"closed","ping_status":"closed","template":"","meta":{"footnotes":""},"class_list":["post-564","page","type-page","status-publish","hentry"],"_links":{"self":[{"href":"https:\/\/ambsarajevo.esteri.it\/bs\/wp-json\/wp\/v2\/pages\/564","targetHints":{"allow":["GET"]}}],"collection":[{"href":"https:\/\/ambsarajevo.esteri.it\/bs\/wp-json\/wp\/v2\/pages"}],"about":[{"href":"https:\/\/ambsarajevo.esteri.it\/bs\/wp-json\/wp\/v2\/types\/page"}],"author":[{"embeddable":true,"href":"https:\/\/ambsarajevo.esteri.it\/bs\/wp-json\/wp\/v2\/users\/8"}],"replies":[{"embeddable":true,"href":"https:\/\/ambsarajevo.esteri.it\/bs\/wp-json\/wp\/v2\/comments?post=564"}],"version-history":[{"count":0,"href":"https:\/\/ambsarajevo.esteri.it\/bs\/wp-json\/wp\/v2\/pages\/564\/revisions"}],"up":[{"embeddable":true,"href":"https:\/\/ambsarajevo.esteri.it\/bs\/wp-json\/wp\/v2\/pages\/214"}],"wp:attachment":[{"href":"https:\/\/ambsarajevo.esteri.it\/bs\/wp-json\/wp\/v2\/media?parent=564"}],"curies":[{"name":"wp","href":"https:\/\/api.w.org\/{rel}","templated":true}]}}