{"id":541,"date":"2023-07-26T12:04:43","date_gmt":"2023-07-26T10:04:43","guid":{"rendered":"https:\/\/ambsarajevo.esteri.it\/servizi-consolari-e-visti\/servizi-per-il-cittadino-italiano\/assistenza-ai-cittadini-allestero\/assisetenza-economica\/"},"modified":"2024-10-18T12:11:05","modified_gmt":"2024-10-18T10:11:05","slug":"assisetenza-economica","status":"publish","type":"page","link":"https:\/\/ambsarajevo.esteri.it\/bs\/servizi-consolari-e-visti\/servizi-per-il-cittadino-italiano\/assistenza-ai-cittadini-allestero\/assisetenza-economica\/","title":{"rendered":"Ekonomska pomo\u0107"},"content":{"rendered":"<p style=\"text-align: justify;\">Konzularni ured mo\u017ee odobriti finansijsku pomo\u0107<strong> italijanskom dr\u017eavljaninu sa stalnim boravkom u svom konzularnom okrugu, registrovanom u AIRE<\/strong> koji se nalazi u lo\u0161oj finansijskoj situaciji. <strong>Dodjela pomo\u0107i je apsolutno izuzetne prirode<\/strong> i odvija se u skladu sa raspolo\u017eivim sredstvima evidentiranim u bud\u017eetu.<\/p>\n<p style=\"text-align: justify;\"><strong>Italijanskom dr\u017eavljaninu koji je privremeno u inostranstvu i boravi u Italiji ili u drugom konzularnom okrugu<\/strong>, koji se suo\u010di sa neo\u010dekivanim ekonomskim pote\u0161ko\u0107ama i<strong> koji ne mo\u017ee da iskoristi pomo\u0107 \u010dlanova porodice ili tre\u0107ih lica<\/strong> (na primjer preko kompanija ovla\u0161\u0107enih za prenos gotovine), <strong>zajam<\/strong> mo\u017ee biti odobren, a zainteresovana strana se obavezuje da \u0107e pozajmljeni iznos vratiti Trezoru u roku od 90 dana. Pozajmica podlije\u017ee provjeri ekonomskih te\u0161ko\u0107a sunarodnika i nemogu\u0107nosti \u010dlanova porodice koji su po zakonu u obavezi da obezbijede pomo\u0107\u00a0 (\u010dl. 433 gra\u0111anskog zakonika).<\/p>\n<p>&nbsp;<\/p>\n<p><strong><span style=\"text-decoration: underline;\">ZAJAM SA OBE\u0106ANJEM POVRATA &#8211; PROMJENA NA\u010cINA NAKNADE<\/span><\/strong><\/p>\n<p style=\"text-align: justify;\">U skladu sa obavezom pristupanja Platformi za naplatu, <strong>od 30. juna 2024. godine promijenjeni su na\u010dini otplate zajma sa obe\u0107anjem povrata<\/strong> u skladu sa \u010dl. 24. stav 2. Zakonske uredbe br. 71 od 3. februara 2011. godine.<\/p>\n<p>\u00a0Od sada je mogu\u0107e vratiti odobreni zajam \u00a0<strong>isklju\u010divo na sljede\u0107e na\u010dine<\/strong>:<\/p>\n<p>a) u po\u0161tanskim uredima, obratiti se \u0161alterskom operateru i<\/p>\n<ul>\n<li>putem web stranice <a href=\"https:\/\/poste.it\/\">poste.it<\/a>;<\/li>\n<li>u Konzularnom uredu koja je odobrio zajam ili, u nekim slu\u010dajevima, u nekom drugom Konzularnom uredu.<\/li>\n<\/ul>\n<p>U nastavku se nalaze detaljna uputstva o tome kako izvr\u0161iti povrat novca putem italijanske po\u0161te.<\/p>\n<p>Za sva dodatna poja\u0161njenja, mo\u017eete kontaktirati Ured I Generalnog direktorata za Italijane u inostranstvu i migracijske politike na sljede\u0107u adresu e-po\u0161te: dgit-01@esteri.it.<\/p>\n<p>&nbsp;<\/p>\n<p><span style=\"text-decoration: underline;\"><strong>UPUTSTVO ZA NA\u010cIN PLA\u0106ANJA<\/strong><\/span><\/p>\n<p><em><strong>Pla\u0107anje u po\u0161tanskim uredima<\/strong><\/em><\/p>\n<p>Obavejstite \u0161alterskog operatera da \u017eelite da uplatite iznos za \u00a0Centralnu javnu upravu;<\/p>\n<ul>\n<li>\u00a0\u00a0\u00a0 Saop\u0161tite naziv predmeta, <strong>MAECI \u2013 zajam \u00a0sa obe\u0107anjem otplate<\/strong>, ili \u0161ifru predmeta, <strong>J940<\/strong>;<\/li>\n<li>\u00a0\u00a0\u00a0 Kao nosilac zahtjeva navesti ime i poreznu \u0161ifru osobe koja je dobila zajam ;<\/li>\n<li>\u00a0\u00a0\u00a0 U polju za napomene navesti diplomatsko-konzularno predstavni\u0161tvo koje je dalo zajam;<\/li>\n<li>\u00a0\u00a0\u00a0 Na PAD-u na \u0161alteru \u0107e biti mogu\u0107e vidjeti ra\u010dune za pla\u0107anje i pristati na nastavak pla\u0107anja;<\/li>\n<li>\u00a0\u00a0\u00a0 Nakon \u0161to je uplata zavr\u0161ena, \u0161alter operater dostavlja ra\u010dun.<\/li>\n<\/ul>\n<p>&nbsp;<\/p>\n<p><strong><em>Pla\u0107anje putem WEB-a na web stranici<\/em><\/strong> http:\/\/www.poste.it<\/p>\n<p>Za pla\u0107anje putem weba potrebno je da se registrujete na web stranici http:\/\/www.poste.it;<\/p>\n<ul>\n<li>\u00a0\u00a0\u00a0 Pristupite li\u010dnom PODRU\u010cJU;<\/li>\n<li>\u00a0\u00a0\u00a0 Odaberite \u201cRa\u010duni i pla\u0107anja\u201d;<\/li>\n<li>\u00a0\u00a0\u00a0 Odaberite \u201cOstala pla\u0107anja\u201d;<\/li>\n<li>\u00a0\u00a0\u00a0 Potra\u017eite predmet po imenu, <strong>MAECI \u2013 zajam \u00a0sa obe\u0107anjem otplate<\/strong>, ili po \u0161ifri, <strong>J940<\/strong>;<\/li>\n<li>\u00a0\u00a0 Otvorite listi\u0107 za pla\u0107anje i popunite ga;<\/li>\n<li>\u00a0\u00a0\u00a0 Kao nosilac zahtjeva navesti ime i poreznu \u0161ifru osobe koja je dobila kredit;<\/li>\n<li>\u00a0\u00a0\u00a0 U polju za napomene navesti diplomatsko-konzularno predstavni\u0161tvo koje je dalo kredit;<\/li>\n<li>\u00a0\u00a0\u00a0 Odaberite na\u010din pla\u0107anja i nastavite s pla\u0107anjem;<\/li>\n<li>\u00a0\u00a0\u00a0 Potvrdu o uplati mo\u017eete prona\u0107i u odjeljku <strong>Operacije pretra\u017eivanja<\/strong> pod <strong>Oglasna plo\u010da<\/strong> i ako je navedeno u va\u0161oj li\u010dnoj e-po\u0161ti.<\/li>\n<\/ul>\n<p>&nbsp;<\/p>\n<p>&nbsp;<\/p>\n","protected":false},"excerpt":{"rendered":"Konzularni ured mo\u017ee odobriti finansijsku pomo\u0107 italijanskom dr\u017eavljaninu sa stalnim boravkom u svom konzularnom okrugu, registrovanom u AIRE koji se nalazi u lo\u0161oj finansijskoj situaciji. Dodjela pomo\u0107i je apsolutno izuzetne prirode i odvija se u skladu sa raspolo\u017eivim sredstvima evidentiranim u bud\u017eetu. Italijanskom dr\u017eavljaninu koji je privremeno u inostranstvu i boravi u Italiji ili u [&hellip;]","protected":false},"author":8,"featured_media":0,"parent":214,"menu_order":2,"comment_status":"closed","ping_status":"closed","template":"","meta":{"footnotes":""},"class_list":["post-541","page","type-page","status-publish","hentry"],"_links":{"self":[{"href":"https:\/\/ambsarajevo.esteri.it\/bs\/wp-json\/wp\/v2\/pages\/541","targetHints":{"allow":["GET"]}}],"collection":[{"href":"https:\/\/ambsarajevo.esteri.it\/bs\/wp-json\/wp\/v2\/pages"}],"about":[{"href":"https:\/\/ambsarajevo.esteri.it\/bs\/wp-json\/wp\/v2\/types\/page"}],"author":[{"embeddable":true,"href":"https:\/\/ambsarajevo.esteri.it\/bs\/wp-json\/wp\/v2\/users\/8"}],"replies":[{"embeddable":true,"href":"https:\/\/ambsarajevo.esteri.it\/bs\/wp-json\/wp\/v2\/comments?post=541"}],"version-history":[{"count":5,"href":"https:\/\/ambsarajevo.esteri.it\/bs\/wp-json\/wp\/v2\/pages\/541\/revisions"}],"predecessor-version":[{"id":4765,"href":"https:\/\/ambsarajevo.esteri.it\/bs\/wp-json\/wp\/v2\/pages\/541\/revisions\/4765"}],"up":[{"embeddable":true,"href":"https:\/\/ambsarajevo.esteri.it\/bs\/wp-json\/wp\/v2\/pages\/214"}],"wp:attachment":[{"href":"https:\/\/ambsarajevo.esteri.it\/bs\/wp-json\/wp\/v2\/media?parent=541"}],"curies":[{"name":"wp","href":"https:\/\/api.w.org\/{rel}","templated":true}]}}