{"id":539,"date":"2023-07-26T12:04:14","date_gmt":"2023-07-26T10:04:14","guid":{"rendered":"https:\/\/ambsarajevo.esteri.it\/elezioni-europee\/"},"modified":"2023-08-07T15:20:34","modified_gmt":"2023-08-07T13:20:34","slug":"elezioni-europee","status":"publish","type":"page","link":"https:\/\/ambsarajevo.esteri.it\/bs\/servizi-consolari-e-visti\/servizi-per-il-cittadino-italiano\/servizi-elettorali\/elezioni-europee\/","title":{"rendered":"Evropski izbori"},"content":{"rendered":"<p>Zakon 459\/2001 o ostvarivanju prava glasa u inostranstvu ne primjenjuje se na evropske izbore koji su ure\u0111eni Zakonom br. 18 i naknadne izmjene i dopune.<\/p>\n<p>Stoga se sistem glasanja\u00a0 po\u0161tom ne primjenjuje na evropske izbore: italijanski glasa\u010di s pravom glasa i stalnim boravkom u zemljama Evropske unije zapravo mogu iza\u0107i na odgovaraju\u0107a bira\u010dka mjesta koja je lokalno postavila na\u0161a diplomatsko-konzularna mre\u017ea.<\/p>\n<p>Italijanski bira\u010di s prebivali\u0161tem u inostransvu tako\u0111er mogu odlu\u010diti, unutar uvjeta utvr\u0111enih zakonom, glasati za kandidate iz svoje zemlje prebivali\u0161ta.<\/p>\n<p>Alternativno, Italijani koji \u017eive u inostranstvu tako\u0111er se mogu vratiti u Italiju, koriste\u0107i popuste na putne cijene, i glasati\u00a0 u italijanskoj op\u0161tini\u00a0 u kojoj su registrirani. Iz tog razloga potrebno je ovu namjeru pravodobno priop\u0107iti na\u010delniku Op\u0107ine i predo\u010diti dobivenu bira\u010dku potvrdu za glasanje\u00a0 u inostranstvu.<\/p>\n","protected":false},"excerpt":{"rendered":"Zakon 459\/2001 o ostvarivanju prava glasa u inostranstvu ne primjenjuje se na evropske izbore koji su ure\u0111eni Zakonom br. 18 i naknadne izmjene i dopune. Stoga se sistem glasanja\u00a0 po\u0161tom ne primjenjuje na evropske izbore: italijanski glasa\u010di s pravom glasa i stalnim boravkom u zemljama Evropske unije zapravo mogu iza\u0107i na odgovaraju\u0107a bira\u010dka mjesta koja [&hellip;]","protected":false},"author":8,"featured_media":0,"parent":201,"menu_order":1,"comment_status":"closed","ping_status":"closed","template":"","meta":{"footnotes":""},"class_list":["post-539","page","type-page","status-publish","hentry"],"_links":{"self":[{"href":"https:\/\/ambsarajevo.esteri.it\/bs\/wp-json\/wp\/v2\/pages\/539","targetHints":{"allow":["GET"]}}],"collection":[{"href":"https:\/\/ambsarajevo.esteri.it\/bs\/wp-json\/wp\/v2\/pages"}],"about":[{"href":"https:\/\/ambsarajevo.esteri.it\/bs\/wp-json\/wp\/v2\/types\/page"}],"author":[{"embeddable":true,"href":"https:\/\/ambsarajevo.esteri.it\/bs\/wp-json\/wp\/v2\/users\/8"}],"replies":[{"embeddable":true,"href":"https:\/\/ambsarajevo.esteri.it\/bs\/wp-json\/wp\/v2\/comments?post=539"}],"version-history":[{"count":0,"href":"https:\/\/ambsarajevo.esteri.it\/bs\/wp-json\/wp\/v2\/pages\/539\/revisions"}],"up":[{"embeddable":true,"href":"https:\/\/ambsarajevo.esteri.it\/bs\/wp-json\/wp\/v2\/pages\/201"}],"wp:attachment":[{"href":"https:\/\/ambsarajevo.esteri.it\/bs\/wp-json\/wp\/v2\/media?parent=539"}],"curies":[{"name":"wp","href":"https:\/\/api.w.org\/{rel}","templated":true}]}}