{"id":532,"date":"2023-07-26T12:00:10","date_gmt":"2023-07-26T10:00:10","guid":{"rendered":"https:\/\/ambsarajevo.esteri.it\/servizi-consolari-e-visti\/servizi-per-il-cittadino-italiano\/servizi-elettorali\/elezioni-politiche-e-referendum\/"},"modified":"2024-12-03T16:01:52","modified_gmt":"2024-12-03T14:01:52","slug":"elezioni-politiche-e-referendum","status":"publish","type":"page","link":"https:\/\/ambsarajevo.esteri.it\/bs\/servizi-consolari-e-visti\/servizi-per-il-cittadino-italiano\/servizi-elettorali\/elezioni-politiche-e-referendum\/","title":{"rendered":"Politi\u010dki izbori i referendumi"},"content":{"rendered":"<p>Italijanski dr\u017eavljani koji borave u inostranstvu imaju pravo glasati\u00a0 za izbor Zastupni\u010dkog doma i Senata Republike, kao i za narodne referendume o ukidanju i potvr\u0111ivanju. Tijekom politi\u010dkih izbora glasaju u &#8220;stranoj izbornoj jedinici&#8221; za izbor 8 zastupnika i 4 senatora.<\/p>\n<p>&#8220;Strani okrug&#8221; podijeljen je u 4 geografska odjela: a) Europa; b) Ju\u017ena Amerika; c) Sjeverna i Srednja Amerika; d) Afrika, Azija, Oceanija i Antarktika.<\/p>\n<p>Bira\u010di glasaju za liste predstavljene prema geografskim\u00a0 odjeljcima svojih prebivali\u0161ta. U svakom odjelu biraju se zamjenik i senator, dok se preostala mjesta raspore\u0111uju po odjelima proporcionalno broju stanovnika.<\/p>\n<p>Svi italijanski dr\u017eavljani s prebivali\u0161tem u inostranstvu koji su navr\u0161ili 18 godina i koji su upisani na izborne liste koje \u0107e biti pripremljene na temelju a\u017euriranog popisa stanovnika u inostranstvu imaju pravo glasa u inostranstvu, rezultat objedinjavanja AIRE op\u0161tina\u00a0 i konzularnih listi.<\/p>\n<p>Kako bi se olak\u0161alo a\u017euriranje podataka, Zakon od 27. decembra 2001., br. 459 utvr\u0111uje obvezu bira\u010da da svoje a\u017eurne podatke priop\u0107e konzularnom uredu.<\/p>\n<p>&nbsp;<\/p>\n<p><strong>Glasanje italijanskih dr\u017eavljana koji borave u inostranstvu vr\u0161i se putem po\u0161te.<\/strong><\/p>\n<p>U roku od 18 dana prije dana odr\u017eavanja izbora, konzularni ured dostavlja bira\u010dima paket koji sadr\u017ei:<\/p>\n<ul>\n<li>izbornu potvrdu;<\/li>\n<li>glasa\u010dki listi\u0107(i) s malom omotnicom u koju se stavlja(ju);<\/li>\n<li>veliku omotnicu preadresiranu na konzularni ured;<\/li>\n<li>liste kandidata, u slu\u010daju izbora u oba doma;<\/li>\n<li>obrazac s obja\u0161njenjima o na\u010dinu glasanja;<\/li>\n<\/ul>\n<p>Glasa\u010dke listi\u0107e na kojima je glasao bira\u010d mora dostaviti Konzularnom uredu najkasnije 10 dana prije dana odr\u017eavanja izbora ili u svakom slu\u010daju tako da stignu u konzularni ured do 16.00 sati po lokalnom vremenu u \u010detvrtak, prije datuma glasanja u Italiji. Konzularni ured \u0107e organizirati brzo slanje obrazaca u Italiju, tako da se prebrojavanje mo\u017ee provesti zajedno s prebrojavanjem obrazaca ispunjenih na dr\u017eavnom podru\u010dju.<\/p>\n<p>Bira\u010di koji 14 dana od dana odr\u017eavanja izbora nisu dobili svoj bira\u010dki paket mogu ga zatra\u017eiti od konzularnog ureda.<\/p>\n<p>Provo\u0111enje izborne kampanje tako\u0111er \u0107e biti regulisano posebnim oblicima suradnje sa stranim vladama, \u010dije neuspostavljanje, me\u0111utim, za razliku od onoga \u0161to se doga\u0111a s gore navedenim sporazumima, ne\u0107e onemogu\u0107iti glasovanje putem po\u0161te.<\/p>\n<p>&nbsp;<\/p>\n<p><strong>Italijanski dr\u017eavljani koji borave u inostranstvu nisu obavezni glasati putem po\u0161te.<\/strong><\/p>\n<p>Zapravo, Zakon 459\/2001 predvi\u0111a da bira\u010di mogu izabrati da iskoriste svoje pravo glasa u Italiji, vra\u0107aju\u0107i se na nacionalni teritorij i glasaju\u0107i za kandidate koji se predstavljaju u izbornoj jedinici u koju je uklju\u010dena op\u0161tina bira\u010dkog spiska.<\/p>\n<p>Bira\u010di koji se namjeravaju vratiti u Italiju radi glasanja \u00a0moraju pismeno obavijestiti svoj konzularni ured do 31. januara \u00a0godine koja prethodi prirodnom isteku zakonodavnog tijela ili, u slu\u010daju prijevremenog raspu\u0161tanja domova, u roku od 10 dana od poziva na izbore . Opcija vrijedi za jedno izborno ili referendumsko savjetovanje.<\/p>\n<p>Ne postoji nikakva naknada bilo koje vrste za putne tro\u0161kove bira\u010da koji su se odlu\u010dili glasovati u Italiji.<\/p>\n","protected":false},"excerpt":{"rendered":"Italijanski dr\u017eavljani koji borave u inostranstvu imaju pravo glasati\u00a0 za izbor Zastupni\u010dkog doma i Senata Republike, kao i za narodne referendume o ukidanju i potvr\u0111ivanju. Tijekom politi\u010dkih izbora glasaju u &#8220;stranoj izbornoj jedinici&#8221; za izbor 8 zastupnika i 4 senatora. &#8220;Strani okrug&#8221; podijeljen je u 4 geografska odjela: a) Europa; b) Ju\u017ena Amerika; c) Sjeverna [&hellip;]","protected":false},"author":8,"featured_media":0,"parent":201,"menu_order":0,"comment_status":"closed","ping_status":"closed","template":"","meta":{"footnotes":""},"class_list":["post-532","page","type-page","status-publish","hentry"],"_links":{"self":[{"href":"https:\/\/ambsarajevo.esteri.it\/bs\/wp-json\/wp\/v2\/pages\/532","targetHints":{"allow":["GET"]}}],"collection":[{"href":"https:\/\/ambsarajevo.esteri.it\/bs\/wp-json\/wp\/v2\/pages"}],"about":[{"href":"https:\/\/ambsarajevo.esteri.it\/bs\/wp-json\/wp\/v2\/types\/page"}],"author":[{"embeddable":true,"href":"https:\/\/ambsarajevo.esteri.it\/bs\/wp-json\/wp\/v2\/users\/8"}],"replies":[{"embeddable":true,"href":"https:\/\/ambsarajevo.esteri.it\/bs\/wp-json\/wp\/v2\/comments?post=532"}],"version-history":[{"count":6,"href":"https:\/\/ambsarajevo.esteri.it\/bs\/wp-json\/wp\/v2\/pages\/532\/revisions"}],"predecessor-version":[{"id":5350,"href":"https:\/\/ambsarajevo.esteri.it\/bs\/wp-json\/wp\/v2\/pages\/532\/revisions\/5350"}],"up":[{"embeddable":true,"href":"https:\/\/ambsarajevo.esteri.it\/bs\/wp-json\/wp\/v2\/pages\/201"}],"wp:attachment":[{"href":"https:\/\/ambsarajevo.esteri.it\/bs\/wp-json\/wp\/v2\/media?parent=532"}],"curies":[{"name":"wp","href":"https:\/\/api.w.org\/{rel}","templated":true}]}}