{"id":229,"date":"2023-04-11T18:20:20","date_gmt":"2023-04-11T16:20:20","guid":{"rendered":"https:\/\/ambsarajevo.esteri.it\/servizi-consolari-e-visti\/servizi-per-il-cittadino-italiano\/codice-fiscale\/"},"modified":"2025-05-14T16:11:23","modified_gmt":"2025-05-14T14:11:23","slug":"codice-fiscale","status":"publish","type":"page","link":"https:\/\/ambsarajevo.esteri.it\/bs\/servizi-consolari-e-visti\/servizi-per-il-cittadino-italiano\/codice-fiscale\/","title":{"rendered":"Porezni broj"},"content":{"rendered":"<ol style=\"text-align: justify;\">\n<li><strong> \u0160ta je to?<\/strong><\/li>\n<li><strong> \u010cemu slu\u017ei?<\/strong><\/li>\n<li><strong> Kako podnijeti zahtjev?<\/strong><\/li>\n<\/ol>\n<p>&nbsp;<\/p>\n<ol style=\"text-align: justify;\">\n<li><strong> \u0160ta je to<\/strong><\/li>\n<\/ol>\n<p style=\"text-align: justify;\">Porezni kod je alfanumeri\u010dki kod koji izdaje Porezna agencija za identifikaciju gra\u0111anina (dr\u017eavljnina Italije ili stranog) u odnosima s javnom upravom, privatnim osobama i italijanskim organima. Za fizi\u010dke osobe porezna \u0161ifra se utvr\u0111uje na temelju li\u010dnih\u00a0 podataka.<\/p>\n<ol style=\"text-align: justify;\" start=\"2\">\n<li><strong> \u010cemu slu\u017ei?<\/strong><\/li>\n<\/ol>\n<p style=\"text-align: justify;\">Bilo koja administrativna obveza (pla\u0107anje poreza, taksi, naknada itd.) ili pregovara\u010dka aktivnost (prihva\u0107anje nasljedstva, ugovori s javnim ili privatnim subjektima, zahtjevi za finansiranje, sponzorstva, zakup ili najam nekretnina itd.) zahtijevaju navo\u0111enje poreznog koda osobe koja provodi transakciju.<\/p>\n<ol style=\"text-align: justify;\" start=\"3\">\n<li><strong> Kako podnijeti zahtjev?<\/strong><\/li>\n<\/ol>\n<p style=\"text-align: justify;\">Italijanski dr\u017eavljani koji borave u inostranstvu mogu zatra\u017eiti porezni kod putem konzularnog ureda, kao i izravno od ureda Porezne agencije koji se nalaze u cijeloj Italiji, u skladu sa \u010dl. 1. ministarske uredbe od 17. maja 2001., br. 281, uzimaju\u0107i u obzir \u0161iroku rasprostranjenost ureda Porezne agencije u Italiji.<\/p>\n<p style=\"text-align: justify;\">Strani dr\u017eavljani koji nemaju prebivali\u0161te u Italiji mogu posebno delegirati osobu da podnese obrazac zahtjeva za porezni kod izravno u uredima Porezne agencije koji se nalaze \u0161irom Italije.<\/p>\n<ol style=\"text-align: justify;\">\n<li><u>ITALIJANSKI DR\u017dAVLJANI SA BORAVKOM U INOSTRANSTVU I REGISTRACIJA U AIRE<\/u><\/li>\n<li><u>Punoljetni italijanski dr\u017eavljani registrovani AIRE registar mogu zatra\u017eiti porezni kod za sebe i svoju maloljetnu djecu putem internetskog portala Fast-it pristupom usluzi i slijede\u0107i upute. Tako\u0111e, putem Fast-it portala \u0107e biti mogu\u0107e preuzeti potvrdu sa poreznim kodom, nakon \u0161to se zavr\u0161i obrada zahtjeva.<\/u><\/li>\n<li><u>Kako?<\/u><\/li>\n<li><u>1. Pristupite portalu Fast It;<\/u><\/li>\n<li><u>2. Kliknite na &#8220;Konzularni registar AIRE&#8221;, a zatim na &#8220;Dodjela poreznog koda&#8221;;<\/u><\/li>\n<li><u>3. Potvrdite podatke i pokrenite zahtjev;<\/u><\/li>\n<\/ol>\n<ol style=\"text-align: justify;\" start=\"4\">\n<li><u> Nakon \u0161to konzulat obradi zahtjev, mo\u0107i \u0107ete samostalno preuzeti potvrdu o dodjeli poreznog koda.<\/u><\/li>\n<\/ol>\n<ol style=\"text-align: justify;\">\n<li><u>Ako ne mo\u017eete preuzeti potvrdu o dodjeli poreznog broja:<\/u><\/li>\n<li><u>1. Registrirajte se na FAST IT portalu (<\/u><a href=\"https:\/\/serviziconsolari.esteri.it\/#_blank\">portale FAST IT<\/a>) <u>ili se prijavite ako ve\u0107 imate aktivan ra\u010dun;<\/u><\/li>\n<li><u>2. Zatra\u017eite &#8220;Online udru\u017eivanje&#8221; klikom na &#8220;Konzularni AIRE registar&#8221;, a zatim na &#8220;Pogledajte svoj list s li\u010dnim \u00a0podacima&#8221;;<\/u><\/li>\n<li><u>3. Poruku s potvrdom pridru\u017eivanja dobit \u0107ete u svoj inbox.<\/u><\/li>\n<li><u>4. Ponovno se prijavite na portal i preuzmite certifikat<\/u><\/li>\n<\/ol>\n<p style=\"text-align: justify;\">Punoljetni gra\u0111ani registrovani u AIRE-u koji ve\u0107 imaju porezni kod mogu izravno preuzeti potvrdu sa poreznim kodom putem internetskog portala Fast-it pristupom usluzi i slijede\u0107i upute za tra\u017eenje poreznog broja; u tom slu\u010daju ne\u0107e biti potrebna intervencija konzulata za izdavanje potvrde.<\/p>\n<p style=\"text-align: justify;\">Oni koji tako\u0111er \u017eele dobiti poreznu karticu moraju zatra\u017eiti porezni kod i karticu podno\u0161enjem <a href=\"https:\/\/ambsarajevo.esteri.it\/wp-content\/uploads\/2025\/05\/application-form-tax-code-english.pdf\">odgovaraju\u0107eg obrasca<\/a> uz kopiju li\u010dnog dokumenta.<\/p>\n<p style=\"text-align: justify;\">U slu\u010daju gubitka ili uni\u0161tenja papirnate potvrde ili plasti\u010dne kartice, duplikat se mo\u017ee zatra\u017eiti na isti na\u010din kao i dodjela.<\/p>\n<p style=\"text-align: justify;\">\n<p style=\"text-align: justify;\"><strong>STRANI DR\u017dAVLJANI KOJI NEMAJU PREBIVALI\u0160TE U ITALIJI<\/strong><\/p>\n<p style=\"text-align: justify;\">Strani dr\u017eavljanin koji nema prebivali\u0161te u Italiji mora posebno delegirati osobu koja \u0107e podnijeti obrazac zahtjeva za porezni kod izravno u uredima Porezne agencije koji se nalaze u cijeloj Italiji, u skladu s \u010dl. 1. ministarske uredbe od 17. svibnja 2001., br. 281.<\/p>\n<p style=\"text-align: justify;\">Adrese ureda Porezne uprave nalaze se na web stranici www.agenziaentrate.it<\/p>\n<p style=\"text-align: justify;\">Porezni kod strani dr\u017eavljanin mo\u017ee zatra\u017eiti od italijanskog konzularnog ureda nadle\u017enog za prebivali\u0161te samo u slu\u010dajevima kada je porezni kod nu\u017ean za sprovo\u0111enje postupaka putem interneta i\/ili za koje stranac nije u mogu\u0107nosti delegirati osobu zadu\u017eenu za zahtjev Poreznoj upravi: u takvim slu\u010dajevima Konzularni ured proslijedit \u0107e zahtjev Poreznoj upravi Italije.<\/p>\n<p style=\"text-align: justify;\">Zahtjev za porezni kod, uz popunjavanje <a href=\"https:\/\/ambsarajevo.esteri.it\/wp-content\/uploads\/2025\/05\/application-form-tax-code-english.pdf\">odgovaraju\u0107eg obrasca<\/a>, podnosi se uz kopiju li\u010dnog dokumenta i naznaku razloga za podno\u0161enje zahtjeva.<\/p>\n<p style=\"text-align: justify;\">Studenti kojima je porezni kod potreban za predupis na univerzitet mogu ga automatski generirati na Portalu UNIVERSITALY tokom prijave za predupis. Dodjela poreznog koda mo\u017ee se zatraziti pri policijskoj upravi prilikom podno\u0161enja zahtjeva za boravi\u0161nu dozvolu, za studente\u00a0 koji nisu iz EU-a; od strane Porezne agencije predo\u010denjem obrasca AA4\/8, od strane EU studenata.<\/p>\n<p style=\"text-align: justify;\">Strani dr\u017eavljani kojima je porezni kod\u00a0 potreban za kupovinu nekretnine ili za druge komercijalne\/financijske aktivnosti u Italiji mogu delegirati svog predstavnika da zatra\u017ei porezni kod\u00a0 od Porezne agencije u njihovo ime.<\/p>\n<p style=\"text-align: justify;\">Dr\u017eavljani zemalja izvan EU koji namjeravaju ostati u Italiji mogu zatra\u017eiti porezni kod pri:<\/p>\n<p style=\"text-align: justify;\">-Uredu za imigraciju, pri svakoj prefekturi nadle\u017enoj za izdavanje odobrenja za ulazak stranim dr\u017eavljanima koji tra\u017ee boravi\u0161nu dozvolu radi zapo\u0161ljavanja ili spajanja porodice;<\/p>\n<p style=\"text-align: justify;\">&#8211; od Policijske uprave, Dr\u017eavne policije, za strane dr\u017eavljane koji tra\u017ee druge vrste boravi\u0161nih dozvola.<\/p>\n<p style=\"text-align: justify;\">Dr\u017eavljani zemalja EU-a koji namjeravaju ostati u Italiji mogu zatra\u017eiti porezni broj podno\u0161enjem obrasca AA4\/8 podru\u010dnom uredu Porezne uprave. Zahtjev mora biti obrazlo\u017een i popra\u0107en valjanim dokumentom (paso\u0161 ili li\u010dna karta va\u017ee\u0107a za putovanje u inostranstvo).<\/p>\n<p style=\"text-align: justify;\">Strani dr\u017eavljanin kojem je potreban porezni kod za pokretanje pravnog postupka u Italiji mo\u017ee me\u0111u ovla\u0161tenja dodijeljena advokatu kojem je povjerio zadatak uklju\u010diti i podno\u0161enje zahtjeva za porezni kod u bilo kojem uredu Porezne agencije; adrese ureda Porezne uprave nalaze se na web stranici <a href=\"http:\/\/www.agenziaentrate.it\">www.agenziaentrate.it<\/a>.<\/p>\n<p>&nbsp;<\/p>\n","protected":false},"excerpt":{"rendered":"\u0160ta je to? \u010cemu slu\u017ei? Kako podnijeti zahtjev? &nbsp; \u0160ta je to Porezni kod je alfanumeri\u010dki kod koji izdaje Porezna agencija za identifikaciju gra\u0111anina (dr\u017eavljnina Italije ili stranog) u odnosima s javnom upravom, privatnim osobama i italijanskim organima. Za fizi\u010dke osobe porezna \u0161ifra se utvr\u0111uje na temelju li\u010dnih\u00a0 podataka. \u010cemu slu\u017ei? Bilo koja administrativna obveza [&hellip;]","protected":false},"author":1,"featured_media":0,"parent":209,"menu_order":18,"comment_status":"closed","ping_status":"closed","template":"","meta":{"footnotes":""},"class_list":["post-229","page","type-page","status-publish","hentry"],"_links":{"self":[{"href":"https:\/\/ambsarajevo.esteri.it\/bs\/wp-json\/wp\/v2\/pages\/229","targetHints":{"allow":["GET"]}}],"collection":[{"href":"https:\/\/ambsarajevo.esteri.it\/bs\/wp-json\/wp\/v2\/pages"}],"about":[{"href":"https:\/\/ambsarajevo.esteri.it\/bs\/wp-json\/wp\/v2\/types\/page"}],"author":[{"embeddable":true,"href":"https:\/\/ambsarajevo.esteri.it\/bs\/wp-json\/wp\/v2\/users\/1"}],"replies":[{"embeddable":true,"href":"https:\/\/ambsarajevo.esteri.it\/bs\/wp-json\/wp\/v2\/comments?post=229"}],"version-history":[{"count":6,"href":"https:\/\/ambsarajevo.esteri.it\/bs\/wp-json\/wp\/v2\/pages\/229\/revisions"}],"predecessor-version":[{"id":6033,"href":"https:\/\/ambsarajevo.esteri.it\/bs\/wp-json\/wp\/v2\/pages\/229\/revisions\/6033"}],"up":[{"embeddable":true,"href":"https:\/\/ambsarajevo.esteri.it\/bs\/wp-json\/wp\/v2\/pages\/209"}],"wp:attachment":[{"href":"https:\/\/ambsarajevo.esteri.it\/bs\/wp-json\/wp\/v2\/media?parent=229"}],"curies":[{"name":"wp","href":"https:\/\/api.w.org\/{rel}","templated":true}]}}