{"id":227,"date":"2023-04-11T18:12:44","date_gmt":"2023-04-11T16:12:44","guid":{"rendered":"https:\/\/ambsarajevo.esteri.it\/servizi-consolari-e-visti\/servizi-per-il-cittadino-straniero\/"},"modified":"2025-01-09T11:19:57","modified_gmt":"2025-01-09T09:19:57","slug":"servizi-per-il-cittadino-straniero","status":"publish","type":"page","link":"https:\/\/ambsarajevo.esteri.it\/bs\/servizi-consolari-e-visti\/servizi-per-il-cittadino-straniero\/","title":{"rendered":"Usluge za strane dr\u017eavljane"},"content":{"rendered":"<p>Konzularni ured tako\u0111e pru\u017ea usluge stranim dr\u017eavljanima. To uklju\u010duje izdavanje viza za ulazak u Italiju i u zemlje \u0160engena, zahtjeve za italijansko dr\u017eavljanstvo, <a href=\"https:\/\/ambsarajevo.esteri.it\/wp-content\/uploads\/2023\/08\/Richiesta-Dichiarazione-di-valore.pdf\" target=\"_blank\" rel=\"noopener\">izjave o vrijednosti diplome<\/a>. Konzularni ured, ukoliko zakon to predvi\u0111a, dostavlja akte i dokumente italijanskim vlastima.<\/p>\n<p>Pojedine usluge se napla\u0107anju prema va\u017ee\u0107im <a href=\"https:\/\/ambsarajevo.esteri.it\/wp-content\/uploads\/2025\/01\/A3-BIH-gennaio-2025.pdf\" target=\"_blank\" rel=\"noopener\">konzularnim tarifama<\/a>.<\/p>\n","protected":false},"excerpt":{"rendered":"Konzularni ured tako\u0111e pru\u017ea usluge stranim dr\u017eavljanima. To uklju\u010duje izdavanje viza za ulazak u Italiju i u zemlje \u0160engena, zahtjeve za italijansko dr\u017eavljanstvo, izjave o vrijednosti diplome. Konzularni ured, ukoliko zakon to predvi\u0111a, dostavlja akte i dokumente italijanskim vlastima. Pojedine usluge se napla\u0107anju prema va\u017ee\u0107im konzularnim tarifama.","protected":false},"author":1,"featured_media":0,"parent":197,"menu_order":2,"comment_status":"closed","ping_status":"closed","template":"","meta":{"footnotes":""},"class_list":["post-227","page","type-page","status-publish","hentry"],"_links":{"self":[{"href":"https:\/\/ambsarajevo.esteri.it\/bs\/wp-json\/wp\/v2\/pages\/227","targetHints":{"allow":["GET"]}}],"collection":[{"href":"https:\/\/ambsarajevo.esteri.it\/bs\/wp-json\/wp\/v2\/pages"}],"about":[{"href":"https:\/\/ambsarajevo.esteri.it\/bs\/wp-json\/wp\/v2\/types\/page"}],"author":[{"embeddable":true,"href":"https:\/\/ambsarajevo.esteri.it\/bs\/wp-json\/wp\/v2\/users\/1"}],"replies":[{"embeddable":true,"href":"https:\/\/ambsarajevo.esteri.it\/bs\/wp-json\/wp\/v2\/comments?post=227"}],"version-history":[{"count":1,"href":"https:\/\/ambsarajevo.esteri.it\/bs\/wp-json\/wp\/v2\/pages\/227\/revisions"}],"predecessor-version":[{"id":5528,"href":"https:\/\/ambsarajevo.esteri.it\/bs\/wp-json\/wp\/v2\/pages\/227\/revisions\/5528"}],"up":[{"embeddable":true,"href":"https:\/\/ambsarajevo.esteri.it\/bs\/wp-json\/wp\/v2\/pages\/197"}],"wp:attachment":[{"href":"https:\/\/ambsarajevo.esteri.it\/bs\/wp-json\/wp\/v2\/media?parent=227"}],"curies":[{"name":"wp","href":"https:\/\/api.w.org\/{rel}","templated":true}]}}