{"id":223,"date":"2023-04-11T18:22:23","date_gmt":"2023-04-11T16:22:23","guid":{"rendered":"https:\/\/ambsarajevo.esteri.it\/cittadinanza\/"},"modified":"2025-10-06T16:12:52","modified_gmt":"2025-10-06T14:12:52","slug":"cittadinanza","status":"publish","type":"page","link":"https:\/\/ambsarajevo.esteri.it\/bs\/servizi-consolari-e-visti\/servizi-per-il-cittadino-straniero\/cittadinanza\/","title":{"rendered":"Dr\u017eavljanstvo"},"content":{"rendered":"<p><a href=\"https:\/\/ambsarajevo.esteri.it\/bs\/servizi-consolari-e-visti\/servizi-per-il-cittadino-straniero\/cittadinanza\/cittadinanza-per-matrimonio-o-unione-civile\/\">Dr\u017eavljanstvo na osnovu braka ili gra\u0111anske zajednice<\/a><\/p>\n<p><a href=\"https:\/\/ambsarajevo.esteri.it\/wp-admin\/post.php?post=6747&amp;action=edit&amp;lang=bs\">Dr\u017eavljanstvo i usvajanje<\/a><\/p>\n<p><a href=\"https:\/\/ambsarajevo.esteri.it\/wp-admin\/post.php?post=6759&amp;action=edit&amp;lang=bs\">Sticanje dr\u017eavljanstva na osnovu zakona (maloljetna djeca ro\u0111ena u inostranstvu)<\/a><\/p>\n<p><a href=\"https:\/\/ambsarajevo.esteri.it\/wp-admin\/post.php?post=6762&amp;action=edit&amp;lang=bs\">Sticanje dr\u017eavljanstva za maloljetnu djecu koja \u017eive sa roditeljem koji nije dr\u017eavljanin od ro\u0111enja<\/a><\/p>\n<p><a href=\"https:\/\/ambsarajevo.esteri.it\/wp-admin\/post.php?post=6765&amp;action=edit&amp;lang=bs\">Ponovno sticanje dr\u017eavljanstva<\/a><\/p>\n<p><a href=\"https:\/\/ambsarajevo.esteri.it\/wp-admin\/post.php?post=6772&amp;action=edit&amp;lang=bs\">Priznavanje prema posebnim zakonima<\/a><\/p>\n<p><a href=\"https:\/\/ambsarajevo.esteri.it\/wp-admin\/post.php?post=6777&amp;action=edit&amp;lang=bs\">Potvrda o &#8220;neodricanju&#8221;<\/a><\/p>\n<p>&nbsp;<\/p>\n","protected":false},"excerpt":{"rendered":"Dr\u017eavljanstvo na osnovu braka ili gra\u0111anske zajednice Dr\u017eavljanstvo i usvajanje Sticanje dr\u017eavljanstva na osnovu zakona (maloljetna djeca ro\u0111ena u inostranstvu) Sticanje dr\u017eavljanstva za maloljetnu djecu koja \u017eive sa roditeljem koji nije dr\u017eavljanin od ro\u0111enja Ponovno sticanje dr\u017eavljanstva Priznavanje prema posebnim zakonima Potvrda o &#8220;neodricanju&#8221; &nbsp;","protected":false},"author":1,"featured_media":0,"parent":227,"menu_order":2,"comment_status":"closed","ping_status":"closed","template":"","meta":{"footnotes":""},"class_list":["post-223","page","type-page","status-publish","hentry"],"_links":{"self":[{"href":"https:\/\/ambsarajevo.esteri.it\/bs\/wp-json\/wp\/v2\/pages\/223","targetHints":{"allow":["GET"]}}],"collection":[{"href":"https:\/\/ambsarajevo.esteri.it\/bs\/wp-json\/wp\/v2\/pages"}],"about":[{"href":"https:\/\/ambsarajevo.esteri.it\/bs\/wp-json\/wp\/v2\/types\/page"}],"author":[{"embeddable":true,"href":"https:\/\/ambsarajevo.esteri.it\/bs\/wp-json\/wp\/v2\/users\/1"}],"replies":[{"embeddable":true,"href":"https:\/\/ambsarajevo.esteri.it\/bs\/wp-json\/wp\/v2\/comments?post=223"}],"version-history":[{"count":7,"href":"https:\/\/ambsarajevo.esteri.it\/bs\/wp-json\/wp\/v2\/pages\/223\/revisions"}],"predecessor-version":[{"id":6782,"href":"https:\/\/ambsarajevo.esteri.it\/bs\/wp-json\/wp\/v2\/pages\/223\/revisions\/6782"}],"up":[{"embeddable":true,"href":"https:\/\/ambsarajevo.esteri.it\/bs\/wp-json\/wp\/v2\/pages\/227"}],"wp:attachment":[{"href":"https:\/\/ambsarajevo.esteri.it\/bs\/wp-json\/wp\/v2\/media?parent=223"}],"curies":[{"name":"wp","href":"https:\/\/api.w.org\/{rel}","templated":true}]}}