{"id":222,"date":"2023-04-11T18:22:07","date_gmt":"2023-04-11T16:22:07","guid":{"rendered":"https:\/\/ambsarajevo.esteri.it\/visti\/"},"modified":"2024-11-05T15:48:34","modified_gmt":"2024-11-05T13:48:34","slug":"visti","status":"publish","type":"page","link":"https:\/\/ambsarajevo.esteri.it\/bs\/servizi-consolari-e-visti\/servizi-per-il-cittadino-straniero\/visti\/","title":{"rendered":"Vize"},"content":{"rendered":"<p><strong>Za osobe koje putuju u Italiju<\/strong><\/p>\n<p>Za pregled liste zemalja potpisnica zajedni\u010dkog sporazuma o liberalizaciji \u0160engen i FAO viza, molimo da posjetite <a href=\"https:\/\/home-affairs.ec.europa.eu\/policies\/schengen-borders-and-visa\/visa-policy_en\">stranicu <strong>Evropske komisije<\/strong><\/a>.<\/p>\n<p>Povezivanjem na stranicu viza za Italiju, <a href=\"https:\/\/vistoperitalia.esteri.it\/home\/en\"><strong>vistoperitalia<\/strong><\/a><strong>,<\/strong> Ministarstva vanjskih poslova i me\u0111unarodne saradnje, mogu\u0107e je dobiti informaciju o potrebnoj dokumentaciji i uslovima za sve vrste vize.<\/p>\n<p>Zahtjev za vizu se predaje li\u010dno. Predvi\u0111ena dokumentacija mora biti od\u0161tampana i dostavljena u originalu i u obi\u010dnoj fotokopiji ukoliko je potrebna. Ured za vize ne kopira dokumentaciju.<\/p>\n<p>Konzularni ured zadr\u017eava pravo da osim predo\u010dene, u slu\u010daju potrebe, zatra\u017ei i dodatnu dokumentaciju.<\/p>\n<p>Podnosilac zahtjeva se tako\u0111er obavje\u0161tava da predo\u010denje sve obavezne dokumentacije ne garantuje izdavanje vize.<\/p>\n<p>&nbsp;<\/p>\n<p><strong>Radno vrijeme<\/strong> Ambasade Italije u Sarajevu-prijem stranaka<br \/>\n(ulaz sa donje strane Ambasade &#8211; Rizaha \u0160teti\u0107a 4-6)<\/p>\n<p>ponedjeljak, srijeda i petak: od 9.00 do\u00a0 12.00<br \/>\n<u><\/u><\/p>\n<p><strong><u>Telefonske informacije:<br \/>\n<\/u><\/strong>od ponedjeljka do petka: od 12.00 do 13.00<br \/>\nTel. (Centrala) + 387 33 565 450<br \/>\nE-mail (Odjel za vize ):\u00a0<a href=\"mailto:visti.ambsarajevo@esteri.it\">visti.ambsarajevo@esteri.it<\/a><\/p>\n<p><strong><u>Rezervacija termina on-line<br \/>\n<\/u><\/strong>Registracijom putem portala\u00a0Prenot@Mi, na sljede\u0107em linku <a href=\"https:\/\/prenotami.esteri.it\/\">https:\/\/prenotami.esteri.it<\/a>, mo\u017eete dogovoriti termin za kori\u0161tenje usluga Ambasade Italije u Sarajevu.<\/p>\n<p>U vezi sa uputama za kori\u0161tenje portala, dostupna su uputstva na linku \u00a0<a href=\"https:\/\/prenotami.esteri.it\/\">https:\/\/prenotami.esteri.it<\/a>\u00a0ili putem e-maila Konzularnog ureda: <a href=\"mailto:visti.ambsarajevo@esteri.it\">visti.ambsarajevo@esteri.it<\/a><\/p>\n<p>&nbsp;<\/p>\n<p><strong>Obrasci zahtjeva za vizu:<\/strong><\/p>\n<ul>\n<li><a href=\"https:\/\/ambsarajevo.esteri.it\/wp-content\/uploads\/2024\/11\/Formular-za-sengensku-vizu-do-90-dana.pdf\"><strong>Formular za \u0161engensku vizu (ITA\/BHS)<\/strong><\/a> (do 90 dana)<\/li>\n<li><a href=\"https:\/\/ambsarajevo.esteri.it\/wp-content\/uploads\/2023\/07\/modulo_visto_nazionale_d.pdf\"><strong>Obrazac zahtjeva za dr\u017eavnu vizu (ITA\/BHS)<\/strong><\/a> (na vi\u0161e od 90 dana)<\/li>\n<li><a href=\"https:\/\/ambsarajevo.esteri.it\/wp-content\/uploads\/2024\/11\/Izjava-o-smjestaju.pdf\"><strong>Izjava o smje\u0161taju (ITA)<\/strong><\/a><\/li>\n<li><a href=\"https:\/\/ambsarajevo.esteri.it\/wp-content\/uploads\/2024\/11\/Pozivno-pismo-za-poslovnu-vizu.pdf\"><strong>Pozivno pismo za poslovnu vizu (ITA)<\/strong><\/a><\/li>\n<li><strong><a href=\"https:\/\/ambsarajevo.esteri.it\/wp-content\/uploads\/2024\/11\/Digitalnia-nomadska-viza.pdf\">Digitalni nomad viza<\/a><\/strong><\/li>\n<li><a href=\"https:\/\/ambsarajevo.esteri.it\/wp-content\/uploads\/2024\/11\/Posao.pdf\"><strong>Posao<\/strong><\/a><\/li>\n<li><a href=\"https:\/\/ambsarajevo.esteri.it\/wp-content\/uploads\/2024\/11\/Podredeno-zaposljavanje.pdf\"><strong>Podre\u0111eno zapo\u0161ljavanje<\/strong><\/a><\/li>\n<li><a href=\"https:\/\/ambsarajevo.esteri.it\/wp-content\/uploads\/2024\/11\/Studiranje.pdf\"><strong>Studija<\/strong><\/a><\/li>\n<li><a href=\"https:\/\/ambsarajevo.esteri.it\/wp-content\/uploads\/2024\/11\/Turizam.pdf\"><strong>Turizam<\/strong><\/a><\/li>\n<\/ul>\n<p>&nbsp;<\/p>\n<p><a href=\"https:\/\/ambsarajevo.esteri.it\/wp-content\/uploads\/2024\/11\/Cijena-viza.pdf\"><b>Cijena viza<\/b><\/a><\/p>\n<p><strong>Informacije o za\u0161titi i obradi li\u010dnih podataka u svrhu izdavanja ulazne vize u Italiju i \u0161engenski prostor<\/strong> <strong>(<a href=\"https:\/\/ambsarajevo.esteri.it\/wp-content\/uploads\/2024\/11\/Informacije-o-zastiti-fizickih-lica.pdf\">BHS<\/a>)<\/strong><\/p>\n","protected":false},"excerpt":{"rendered":"Za osobe koje putuju u Italiju Za pregled liste zemalja potpisnica zajedni\u010dkog sporazuma o liberalizaciji \u0160engen i FAO viza, molimo da posjetite stranicu Evropske komisije. Povezivanjem na stranicu viza za Italiju, vistoperitalia, Ministarstva vanjskih poslova i me\u0111unarodne saradnje, mogu\u0107e je dobiti informaciju o potrebnoj dokumentaciji i uslovima za sve vrste vize. Zahtjev za vizu se [&hellip;]","protected":false},"author":1,"featured_media":0,"parent":227,"menu_order":0,"comment_status":"closed","ping_status":"closed","template":"","meta":{"footnotes":""},"class_list":["post-222","page","type-page","status-publish","hentry"],"_links":{"self":[{"href":"https:\/\/ambsarajevo.esteri.it\/bs\/wp-json\/wp\/v2\/pages\/222","targetHints":{"allow":["GET"]}}],"collection":[{"href":"https:\/\/ambsarajevo.esteri.it\/bs\/wp-json\/wp\/v2\/pages"}],"about":[{"href":"https:\/\/ambsarajevo.esteri.it\/bs\/wp-json\/wp\/v2\/types\/page"}],"author":[{"embeddable":true,"href":"https:\/\/ambsarajevo.esteri.it\/bs\/wp-json\/wp\/v2\/users\/1"}],"replies":[{"embeddable":true,"href":"https:\/\/ambsarajevo.esteri.it\/bs\/wp-json\/wp\/v2\/comments?post=222"}],"version-history":[{"count":6,"href":"https:\/\/ambsarajevo.esteri.it\/bs\/wp-json\/wp\/v2\/pages\/222\/revisions"}],"predecessor-version":[{"id":5073,"href":"https:\/\/ambsarajevo.esteri.it\/bs\/wp-json\/wp\/v2\/pages\/222\/revisions\/5073"}],"up":[{"embeddable":true,"href":"https:\/\/ambsarajevo.esteri.it\/bs\/wp-json\/wp\/v2\/pages\/227"}],"wp:attachment":[{"href":"https:\/\/ambsarajevo.esteri.it\/bs\/wp-json\/wp\/v2\/media?parent=222"}],"curies":[{"name":"wp","href":"https:\/\/api.w.org\/{rel}","templated":true}]}}