{"id":214,"date":"2023-04-11T18:18:20","date_gmt":"2023-04-11T16:18:20","guid":{"rendered":"https:\/\/ambsarajevo.esteri.it\/servizi-consolari-e-visti\/servizi-per-il-cittadino-italiano\/assistenza-ai-cittadini-allestero\/"},"modified":"2023-08-07T11:13:36","modified_gmt":"2023-08-07T09:13:36","slug":"assistenza-ai-cittadini-allestero","status":"publish","type":"page","link":"https:\/\/ambsarajevo.esteri.it\/bs\/servizi-consolari-e-visti\/servizi-per-il-cittadino-italiano\/assistenza-ai-cittadini-allestero\/","title":{"rendered":"Pomo\u0107 gra\u0111anima u inostranstvu"},"content":{"rendered":"<p>Ako se na\u0111ete u te\u0161koj situaciji dok ste u inostranstvu, nadle\u017eni konzularni ured mo\u017ee na va\u0161 zahtjev intervenirati u va\u0161u korist.<\/p>\n<p>Mogu\u0107e intervencije uklju\u010duju:<\/p>\n<ul>\n<li>zdravstvenu za\u0161titu<\/li>\n<li>pomo\u0107 zatvorenicima<\/li>\n<li>ekonomsku pomo\u0107<\/li>\n<li>pravnu pomo\u0107<\/li>\n<li>pomo\u0107 u slu\u010daju kra\u0111e ili gubitka dokumenata<\/li>\n<li>pomo\u0107 u pronala\u017eenju sunarodnjaka<\/li>\n<li>repatrijaciju<\/li>\n<li>repatrijacija umrlih lica<\/li>\n<li>medicinsku repatrijaciju<\/li>\n<\/ul>\n<p>Sukladno va\u017ee\u0107im odredbama, Konzularni ured mo\u017ee pru\u017eati pomo\u0107 i dr\u017eavljanima Europske unije u slu\u010daju da dr\u017eava \u010dlanica \u010diji je dr\u017eavljanin u toj dr\u017eavi nema ambasadu, konzulat ili po\u010dasnog konzula.<\/p>\n","protected":false},"excerpt":{"rendered":"Ako se na\u0111ete u te\u0161koj situaciji dok ste u inostranstvu, nadle\u017eni konzularni ured mo\u017ee na va\u0161 zahtjev intervenirati u va\u0161u korist. Mogu\u0107e intervencije uklju\u010duju: zdravstvenu za\u0161titu pomo\u0107 zatvorenicima ekonomsku pomo\u0107 pravnu pomo\u0107 pomo\u0107 u slu\u010daju kra\u0111e ili gubitka dokumenata pomo\u0107 u pronala\u017eenju sunarodnjaka repatrijaciju repatrijacija umrlih lica medicinsku repatrijaciju Sukladno va\u017ee\u0107im odredbama, Konzularni ured mo\u017ee [&hellip;]","protected":false},"author":1,"featured_media":0,"parent":209,"menu_order":6,"comment_status":"closed","ping_status":"closed","template":"","meta":{"footnotes":""},"class_list":["post-214","page","type-page","status-publish","hentry"],"_links":{"self":[{"href":"https:\/\/ambsarajevo.esteri.it\/bs\/wp-json\/wp\/v2\/pages\/214","targetHints":{"allow":["GET"]}}],"collection":[{"href":"https:\/\/ambsarajevo.esteri.it\/bs\/wp-json\/wp\/v2\/pages"}],"about":[{"href":"https:\/\/ambsarajevo.esteri.it\/bs\/wp-json\/wp\/v2\/types\/page"}],"author":[{"embeddable":true,"href":"https:\/\/ambsarajevo.esteri.it\/bs\/wp-json\/wp\/v2\/users\/1"}],"replies":[{"embeddable":true,"href":"https:\/\/ambsarajevo.esteri.it\/bs\/wp-json\/wp\/v2\/comments?post=214"}],"version-history":[{"count":0,"href":"https:\/\/ambsarajevo.esteri.it\/bs\/wp-json\/wp\/v2\/pages\/214\/revisions"}],"up":[{"embeddable":true,"href":"https:\/\/ambsarajevo.esteri.it\/bs\/wp-json\/wp\/v2\/pages\/209"}],"wp:attachment":[{"href":"https:\/\/ambsarajevo.esteri.it\/bs\/wp-json\/wp\/v2\/media?parent=214"}],"curies":[{"name":"wp","href":"https:\/\/api.w.org\/{rel}","templated":true}]}}