{"id":209,"date":"2023-04-11T18:12:24","date_gmt":"2023-04-11T16:12:24","guid":{"rendered":"https:\/\/ambsarajevo.esteri.it\/servizi-consolari-e-visti\/servizi-per-il-cittadino-italiano\/"},"modified":"2026-01-02T10:21:15","modified_gmt":"2026-01-02T08:21:15","slug":"servizi-per-il-cittadino-italiano","status":"publish","type":"page","link":"https:\/\/ambsarajevo.esteri.it\/bs\/servizi-consolari-e-visti\/servizi-per-il-cittadino-italiano\/","title":{"rendered":"Usluge za italijanske dr\u017eavljane"},"content":{"rendered":"<p>Detaljne informacije o svakoj usluzi koju pru\u017ea Konzularni odjel Ambasade Italije u Sarajevu dostupne su na rubnim pododjeljcima.<\/p>\n<p><strong>ITALIJANSKE PUTNE ISPRAVE\u00a0 VA\u017dE\u0106E ZA ULAZAK U BOSNU HERCEGOVINU<\/strong><\/p>\n<p>U nastavku su sa\u017eeti podaci koji se odnose na putne isprave koje su izdale italijanski organi u svrhu putovanja i koje su grani\u010dne vlasti Bosne i Hercegovine priznale kao va\u017ee\u0107e za ulazak u zemlju.<br \/>\nPoja\u0161njenja mo\u017eete dobiti pismenim putem e-mail adrese: <a href=\"mailto:consolare.ambsarajevo@esteri.it\">consolare.ambsarajevo@esteri.it<\/a><\/p>\n<p><strong>Va\u017ee\u0107i dokumenti su sljede\u0107i:<\/strong><br \/>\n\u2013 <strong>obi\u010dni paso\u0161<\/strong> koji izdaje Policijska uprava od 0 godina navi\u0161e;<br \/>\n\u2013 <strong>elektronska ili papirnatu li\u010dna karta va\u017ee\u0107u za izlazak iz zemlje<\/strong>, koju izdaju op\u0161tine i diplomatska predstavni\u0161tva u inostranstvu od 0 godina navi\u0161e;<br \/>\n\u2013 <strong>(samo za strane dr\u017eavljane) Schengen viza sa vise ulazaka ili va\u017ee\u0107a boravi\u0161na dozvola<\/strong>, za boravak od najvi\u0161e 7 dana.<\/p>\n<p><strong>Djeca mla\u0111a od 14 godina<\/strong> moraju posjedovati li\u010dni dokument i vi\u0161e ne mogu biti upisana u paso\u0161 roditelja. Istodobno, paso\u0161i roditelja s maloljetnim djetetom ostaju va\u017ee\u0107e samo za nositelja do isteka;<br \/>\n<strong>Ukoliko na li\u010dnim dokumentima maloljetne osobe mla\u0111e od 14 godina<\/strong> nisu navedena imena roditelja, po\u017eeljno je sa sobom ponijeti<strong> i rodni list ili ku\u0107nu listu<\/strong>. Ova obveza nije izri\u010dito propisana zakonom; me\u0111utim, ako se pojave sumnje o postojanju roditeljskog odnosa izme\u0111u maloljetnika i osobe u pratnji u trenutku polaska, rodni list ili ku\u0107na lista mogu konkretno dokazati postojanje veze o\u010dinstva ili maj\u010dinstva.<br \/>\n<strong>Ako je maloljetnik mla\u0111i od 14 godina povjeren tre\u0107oj osobi s delegiranjem za pratnju<\/strong>, uz osobnu putnu ispravu va\u017ee\u0107u za izlazak iz zemlje mora posjedovati <span style=\"text-decoration: underline;\"><strong>potvrdu o pratnji (na snazi od 4. lipnja 2014.)<\/strong><\/span> na ime osobe, organizacije ili prijevozni\u010dkog poduze\u0107a kojem se maloljetnik povjerava, izdano od osobe koja mo\u017ee dati suglasnost, ovjereno od strane Policijske uprave ili konzularnog ureda.<br \/>\nLink za preuzimanje obrazaca: <a href=\"https:\/\/ambsarajevo.esteri.it\/wp-content\/uploads\/2023\/07\/Modello-Attestazione-di-accompagnamento-dal-4-giugno-2014-con-bosniaco.pdf\" target=\"_blank\" rel=\"noopener\">Potvrda o pratnji<\/a> i <a href=\"https:\/\/ambsarajevo.esteri.it\/wp-content\/uploads\/2023\/07\/Modello-Attestazione-di-accompagnamento-dal-4-giugno-2014-con-bosniaco.pdf\" target=\"_blank\" rel=\"noopener\">Izjava pratnji<\/a><\/p>\n<p>&nbsp;<\/p>\n<p><strong>Sljede\u0107i dokumenti nisu valjani:<\/strong><br \/>\n\u2013 AT\/BT kartica; ATE kartica<br \/>\n\u2013 rodni list s fotografijom (izdaje Policijska uprava za djecu do 15 godina);<\/p>\n<p>Pojedine usluge se napla\u0107anju prema va\u017ee\u0107im <a href=\"https:\/\/ambsarajevo.esteri.it\/wp-content\/uploads\/2026\/01\/Tabella-Bhs_rev.pdf\" target=\"_blank\" rel=\"noopener\">konzularnim tarifama<\/a>.<\/p>\n","protected":false},"excerpt":{"rendered":"Detaljne informacije o svakoj usluzi koju pru\u017ea Konzularni odjel Ambasade Italije u Sarajevu dostupne su na rubnim pododjeljcima. ITALIJANSKE PUTNE ISPRAVE\u00a0 VA\u017dE\u0106E ZA ULAZAK U BOSNU HERCEGOVINU U nastavku su sa\u017eeti podaci koji se odnose na putne isprave koje su izdale italijanski organi u svrhu putovanja i koje su grani\u010dne vlasti Bosne i Hercegovine priznale [&hellip;]","protected":false},"author":1,"featured_media":0,"parent":197,"menu_order":0,"comment_status":"closed","ping_status":"closed","template":"","meta":{"footnotes":""},"class_list":["post-209","page","type-page","status-publish","hentry"],"_links":{"self":[{"href":"https:\/\/ambsarajevo.esteri.it\/bs\/wp-json\/wp\/v2\/pages\/209","targetHints":{"allow":["GET"]}}],"collection":[{"href":"https:\/\/ambsarajevo.esteri.it\/bs\/wp-json\/wp\/v2\/pages"}],"about":[{"href":"https:\/\/ambsarajevo.esteri.it\/bs\/wp-json\/wp\/v2\/types\/page"}],"author":[{"embeddable":true,"href":"https:\/\/ambsarajevo.esteri.it\/bs\/wp-json\/wp\/v2\/users\/1"}],"replies":[{"embeddable":true,"href":"https:\/\/ambsarajevo.esteri.it\/bs\/wp-json\/wp\/v2\/comments?post=209"}],"version-history":[{"count":4,"href":"https:\/\/ambsarajevo.esteri.it\/bs\/wp-json\/wp\/v2\/pages\/209\/revisions"}],"predecessor-version":[{"id":7147,"href":"https:\/\/ambsarajevo.esteri.it\/bs\/wp-json\/wp\/v2\/pages\/209\/revisions\/7147"}],"up":[{"embeddable":true,"href":"https:\/\/ambsarajevo.esteri.it\/bs\/wp-json\/wp\/v2\/pages\/197"}],"wp:attachment":[{"href":"https:\/\/ambsarajevo.esteri.it\/bs\/wp-json\/wp\/v2\/media?parent=209"}],"curies":[{"name":"wp","href":"https:\/\/api.w.org\/{rel}","templated":true}]}}