{"id":207,"date":"2023-04-11T18:17:44","date_gmt":"2023-04-11T16:17:44","guid":{"rendered":"https:\/\/ambsarajevo.esteri.it\/emergency-travel-documents-etd\/"},"modified":"2024-12-03T15:45:20","modified_gmt":"2024-12-03T13:45:20","slug":"emergency-travel-documents-etd","status":"publish","type":"page","link":"https:\/\/ambsarajevo.esteri.it\/bs\/servizi-consolari-e-visti\/servizi-per-il-cittadino-italiano\/emergency-travel-documents-etd\/","title":{"rendered":"Putne isprave za hitne slu\u010dajeve (ETD)"},"content":{"rendered":"<p><strong>Izgubljeni\/ukradeni paso\u0161i, E.T.D. (<em>Emergency Travel Document<\/em> \/ Putni list)<\/strong><\/p>\n<p>Osobama koje su izgubile paso\u0161 ili su privremeno bez njega, konzularni ured mo\u017ee izdati privremeni dokument pod nazivom E.T.D. (<em>Putna isprava za hitne slu\u010dajeve<\/em>), i va\u017ei samo za povratak u Italiju ili u dr\u017eavu prebivali\u0161ta u kojoj je upisan u AIRE.<\/p>\n<p>Za dobijanje putne isprave potrebno je li\u010dno do\u0107i u konzularni ured, dan prije polaska, bez najave od 9 do 12 sati od ponedjeljka do petka.<\/p>\n<p><strong>Napominjemo:<\/strong> van ovog radnog vremena ne\u0107e biti mogu\u0107e izdati E.T.D., osim u slu\u010dajevima posebne i dokazane hitnosti, koja se prijavljuje na broj mobilnog telefona za hitne slu\u010dajeve (+387 61 130246).<\/p>\n<p>&nbsp;<\/p>\n<p><strong>E.T.D. za punoljetne osobe<\/strong><\/p>\n<p>Potrebna dokumentacija:<\/p>\n<ul>\n<li><a href=\"https:\/\/ambsarajevo.esteri.it\/wp-content\/uploads\/2024\/11\/Modulo-richiesta-ETD.pdf\" target=\"_blank\" rel=\"noopener\"><strong>obrazac zahtjeva za E.T.D.<\/strong><\/a>, koji se li\u010dno podnosi u konzulatu;<\/li>\n<li>dvije identi\u010dne i novije fotografije, formata za paso\u0161 35&#215;45 mm, u boji na bijeloj pozadini, u frontalnom polo\u017eaju, nepokrivenog lica, otvorenih o\u010diju, izbjegavaju\u0107i da okviri za nao\u010dale pokrivaju istaknute crte lica (<strong><a href=\"https:\/\/ambsarajevo.esteri.it\/wp-content\/uploads\/2023\/07\/Linee-guida-foto.pdf\" target=\"_blank\" rel=\"noopener\">uputstva za fotografije<\/a><\/strong>);<\/li>\n<li>prisustvo svjedoka, sa svojim identifikacijskim dokumentom, koji potvr\u0111uje identitet osobe bez dokumenta; <strong>alternativno<\/strong>, fotokopija ukradenog dokumenta ili bilo koji drugi dokument sa fotografijom (na primjer: voza\u010dka dozvola). <strong>Upozorenje:<\/strong> u slu\u010daju sumnje u posjedovanje italijanskog dr\u017eavljanstva, konzularno predstavni\u0161tvo zadr\u017eava pravo da izvr\u0161i potrebne provjere kod nadle\u017enih organa;<\/li>\n<li>kopiju na\u010dina putovanja (avio karte, ili od\u0161tampan putne rezervacije, ili bording karte).<\/li>\n<\/ul>\n<p>&nbsp;<\/p>\n<p><strong>E.T.D. za maloljetne osobe<\/strong><\/p>\n<p>Potrebna dokumentacija:<\/p>\n<ul>\n<li><a href=\"https:\/\/ambsarajevo.esteri.it\/wp-content\/uploads\/2024\/11\/Modulo-richiesta-ETD.pdf\" target=\"_blank\" rel=\"noopener\"><strong>obrazac zahtjeva E.T.D<\/strong>.<\/a>, koji se li\u010dno odnosi u konzulatu;<\/li>\n<li><a href=\"https:\/\/ambsarajevo.esteri.it\/wp-content\/uploads\/2023\/07\/atto_di_assenso_al_rilascio_pass._a_minorenne.pdf\" target=\"_blank\" rel=\"noopener\"><strong>saglasnost oba roditelja<\/strong><\/a>, zajedno sa kopijom li\u010dnih dokumenata u kojoj je jasan potpis nosioca dokumenta;<\/li>\n<li>dvije identi\u010dne i novije fotografije, veli\u010dine za paso\u0161 35&#215;45 mm, u boji na bijeloj pozadini, u frontalnom polo\u017eaju, nepokrivenog lica, otvorenih o\u010diju, izbjegavaju\u0107i da okviri za nao\u010dale pokrivaju istaknute crte lica (<a href=\"https:\/\/ambsarajevo.esteri.it\/wp-content\/uploads\/2023\/07\/Linee-guida-foto.pdf\" target=\"_blank\" rel=\"noopener\"><strong>uputstva za fotografije<\/strong><\/a>);<\/li>\n<li>prisustvo svjedoka ili osobe koja je za to odgovorna, opremljena li\u010dnim dokumentom, koja mo\u017ee identifikovati maloljetnika; <strong>alternativno<\/strong>, fotokopija izgubljenog\/ukradenog dokumenta ili bilo kog drugog dokumenta sa fotografijom;<\/li>\n<li>kopiju na\u010dina putovanja (avio karte, ili od\u0161tampan putne rezervacije, ili bording karte).<\/li>\n<\/ul>\n","protected":false},"excerpt":{"rendered":"Izgubljeni\/ukradeni paso\u0161i, E.T.D. (Emergency Travel Document \/ Putni list) Osobama koje su izgubile paso\u0161 ili su privremeno bez njega, konzularni ured mo\u017ee izdati privremeni dokument pod nazivom E.T.D. (Putna isprava za hitne slu\u010dajeve), i va\u017ei samo za povratak u Italiju ili u dr\u017eavu prebivali\u0161ta u kojoj je upisan u AIRE. Za dobijanje putne isprave potrebno [&hellip;]","protected":false},"author":1,"featured_media":0,"parent":209,"menu_order":2,"comment_status":"closed","ping_status":"closed","template":"","meta":{"footnotes":""},"class_list":["post-207","page","type-page","status-publish","hentry"],"_links":{"self":[{"href":"https:\/\/ambsarajevo.esteri.it\/bs\/wp-json\/wp\/v2\/pages\/207","targetHints":{"allow":["GET"]}}],"collection":[{"href":"https:\/\/ambsarajevo.esteri.it\/bs\/wp-json\/wp\/v2\/pages"}],"about":[{"href":"https:\/\/ambsarajevo.esteri.it\/bs\/wp-json\/wp\/v2\/types\/page"}],"author":[{"embeddable":true,"href":"https:\/\/ambsarajevo.esteri.it\/bs\/wp-json\/wp\/v2\/users\/1"}],"replies":[{"embeddable":true,"href":"https:\/\/ambsarajevo.esteri.it\/bs\/wp-json\/wp\/v2\/comments?post=207"}],"version-history":[{"count":3,"href":"https:\/\/ambsarajevo.esteri.it\/bs\/wp-json\/wp\/v2\/pages\/207\/revisions"}],"predecessor-version":[{"id":5324,"href":"https:\/\/ambsarajevo.esteri.it\/bs\/wp-json\/wp\/v2\/pages\/207\/revisions\/5324"}],"up":[{"embeddable":true,"href":"https:\/\/ambsarajevo.esteri.it\/bs\/wp-json\/wp\/v2\/pages\/209"}],"wp:attachment":[{"href":"https:\/\/ambsarajevo.esteri.it\/bs\/wp-json\/wp\/v2\/media?parent=207"}],"curies":[{"name":"wp","href":"https:\/\/api.w.org\/{rel}","templated":true}]}}