{"id":203,"date":"2023-04-11T18:19:16","date_gmt":"2023-04-11T16:19:16","guid":{"rendered":"https:\/\/ambsarajevo.esteri.it\/servizi-notarili\/"},"modified":"2025-01-09T11:22:49","modified_gmt":"2025-01-09T09:22:49","slug":"servizi-notarili","status":"publish","type":"page","link":"https:\/\/ambsarajevo.esteri.it\/bs\/servizi-consolari-e-visti\/servizi-per-il-cittadino-italiano\/servizi-notarili\/","title":{"rendered":"Notarske usluge"},"content":{"rendered":"<p>Konzularni ured obavlja &#8211; <strong>isklju\u010divo za Italijanske dr\u017eavljane koji su stalno ili privremeno u inostranstvu<\/strong>\u00a0 &#8211; odre\u0111ene javnobilje\u017eni\u010dke poslove predvi\u0111ene na\u0161im pravnim sistemom U su\u0161tini, radi se o\u00a0 javnim ispravama (punomo\u0107i, oporuke), notarskim ispravama, ovjerama potpisa na privatnim ispravama.<\/p>\n<p>Me\u0111utim, postoje neke razlike izme\u0111u konzularnih odgovornosti u javnobilje\u017eni\u010dkim stvarima i onih koje se pripisuju javnim bilje\u017enicima koji rade u Italiji, bitno povezane s razli\u010ditim polo\u017eajem \u0161efa konzularnog predstavni\u0161tva, dr\u017eavnog slu\u017ebenika, i javnog bilje\u017enika, slobodne profesije.<\/p>\n<p>Zapravo,<\/p>\n<ul>\n<li>javni bilje\u017enik tako\u0111er mo\u017ee biti pozvan da djeluje kao pravni savjetnik stranke. Stoga mo\u017ee dobiti informacije o solventnosti osobe ili posredovati u transakciji ili savjetovati klijenta o obiteljskim ili financijskim odnosima. <strong>Isklju\u010deno je da Konzularno predstavni\u0161tvo mo\u017ee obavljati sli\u010dne poslove<\/strong>. Njegov savjet, ako se tra\u017ei, mora biti ograni\u010den na pravno podru\u010dje, s posebnim osvrtom na valjanost dokumenata koje treba primiti. Njegova pomo\u0107 mora biti ograni\u010dena na zakonitost predlo\u017eenih akata, a ne na njihovu ekonomsku korisnost;<\/li>\n<li>javni bilje\u017enik ponekad mo\u017ee biti agent klijenta u pogledu objave i izvr\u0161avanja formalnosti u vezi s dokumentima primljenim od njega. <strong>Me\u0111utim, nikakvu aktivnost ove prirode ne mo\u017ee obavljati \u0161ef konzularne misije;<\/strong><\/li>\n<li>dok javni bilje\u017enik ima pravo na naknadu, <strong>svi konzularni akti podlije\u017eu samo taksi navedenoj u <a href=\"https:\/\/ambsarajevo.esteri.it\/wp-content\/uploads\/2025\/01\/A3-BIH-gennaio-2025.pdf\" target=\"_blank\" rel=\"noopener\">Konzularnoj tarifi<\/a>.<\/strong><\/li>\n<\/ul>\n<p>Italijanski dr\u017eavljanin u inostranstvu mo\u017ee alternativno formalizirati ugovor kod slu\u017ebeno ovla\u0161tenog javnog bilje\u017enika u zemlji prebivali\u0161ta. Naknadno, ako se dr\u017eava pridru\u017eila Ha\u0161koj konvenciji iz 1961. o ukidanju legalizacije, mora osigurati da &#8220;apostille&#8221; na dokument stavi nadle\u017eno tijelo u zemlji prebivali\u0161ta.<\/p>\n<p>Javnobilje\u017eni\u010dke usluge koje se naj\u010de\u0161\u0107e tra\u017ee od konzularnog ureda su:<\/p>\n<ul>\n<li><strong>Punomo\u0107i<\/strong><\/li>\n<li><strong>Oporuke<\/strong><\/li>\n<li><strong>Javni akti<\/strong><\/li>\n<li><strong>Aktivnost provjere autenti\u010dnosti<\/strong><\/li>\n<\/ul>\n","protected":false},"excerpt":{"rendered":"Konzularni ured obavlja &#8211; isklju\u010divo za Italijanske dr\u017eavljane koji su stalno ili privremeno u inostranstvu\u00a0 &#8211; odre\u0111ene javnobilje\u017eni\u010dke poslove predvi\u0111ene na\u0161im pravnim sistemom U su\u0161tini, radi se o\u00a0 javnim ispravama (punomo\u0107i, oporuke), notarskim ispravama, ovjerama potpisa na privatnim ispravama. Me\u0111utim, postoje neke razlike izme\u0111u konzularnih odgovornosti u javnobilje\u017eni\u010dkim stvarima i onih koje se pripisuju javnim [&hellip;]","protected":false},"author":1,"featured_media":0,"parent":209,"menu_order":10,"comment_status":"closed","ping_status":"closed","template":"","meta":{"footnotes":""},"class_list":["post-203","page","type-page","status-publish","hentry"],"_links":{"self":[{"href":"https:\/\/ambsarajevo.esteri.it\/bs\/wp-json\/wp\/v2\/pages\/203","targetHints":{"allow":["GET"]}}],"collection":[{"href":"https:\/\/ambsarajevo.esteri.it\/bs\/wp-json\/wp\/v2\/pages"}],"about":[{"href":"https:\/\/ambsarajevo.esteri.it\/bs\/wp-json\/wp\/v2\/types\/page"}],"author":[{"embeddable":true,"href":"https:\/\/ambsarajevo.esteri.it\/bs\/wp-json\/wp\/v2\/users\/1"}],"replies":[{"embeddable":true,"href":"https:\/\/ambsarajevo.esteri.it\/bs\/wp-json\/wp\/v2\/comments?post=203"}],"version-history":[{"count":1,"href":"https:\/\/ambsarajevo.esteri.it\/bs\/wp-json\/wp\/v2\/pages\/203\/revisions"}],"predecessor-version":[{"id":5530,"href":"https:\/\/ambsarajevo.esteri.it\/bs\/wp-json\/wp\/v2\/pages\/203\/revisions\/5530"}],"up":[{"embeddable":true,"href":"https:\/\/ambsarajevo.esteri.it\/bs\/wp-json\/wp\/v2\/pages\/209"}],"wp:attachment":[{"href":"https:\/\/ambsarajevo.esteri.it\/bs\/wp-json\/wp\/v2\/media?parent=203"}],"curies":[{"name":"wp","href":"https:\/\/api.w.org\/{rel}","templated":true}]}}