{"id":201,"date":"2023-04-11T18:18:56","date_gmt":"2023-04-11T16:18:56","guid":{"rendered":"https:\/\/ambsarajevo.esteri.it\/servizi-elettorali\/"},"modified":"2023-08-07T15:10:59","modified_gmt":"2023-08-07T13:10:59","slug":"servizi-elettorali","status":"publish","type":"page","link":"https:\/\/ambsarajevo.esteri.it\/bs\/servizi-consolari-e-visti\/servizi-per-il-cittadino-italiano\/servizi-elettorali\/","title":{"rendered":"Izborne usluge"},"content":{"rendered":"<p>Italijanski dr\u017eavljani s prebivali\u0161tem u inostanstvu i registrirani pri AIRE-u mogu ostvariti <strong>pravo glasanja u inostranstvu<\/strong> u mjestu svog prebivali\u0161ta za nacionalne politi\u010dke izbore, za ustavne referendume i refernedume o ponistavanju u skladu s \u010dlancima 75. i 138. Ustava i za izbore za Europski parlament.<\/p>\n<p>Glasanje\u00a0 u inostranstvu\u00a0 za nacionalne politi\u010dke izbore i referendume regulisano je Zakonom br. 459 i\u00a0 uredbom o sprovodjenju\u00a0 (Predsjedni\u010dki dekret od 2. aprila\u00a0 2003., br. 104), u provedbi \u010dlanaka 48., 56. i 57. ustava, kojim je utvrdjena konzularna\u00a0 oblast.<\/p>\n<p>Zakonom od 6. maja 2015., br. 52, (tzv. &#8220;Italicum&#8221;) utvr\u0111eno je da i gra\u0111ani koji su privremeno u inostranstvu \u00a0u trajanju od najmanje tri mjeseca zbog rada, studija ili lije\u010denja mogu zatra\u017eiti odobrenje od svoje op\u0161tine da glasaju u inostranstvu \u00a0dopisnim putem.<\/p>\n<p>Glasanje\u00a0 u inostranstvu za izbor italijanskih zastupnika u Evropskom parlamentu regulisano je Zakonom br. 18 i dekretom zakona od 24. juna \u00a01994. br. 408 (pretvoreno u Zakon od 3. avgusta 1994., br. 483).<\/p>\n","protected":false},"excerpt":{"rendered":"Italijanski dr\u017eavljani s prebivali\u0161tem u inostanstvu i registrirani pri AIRE-u mogu ostvariti pravo glasanja u inostranstvu u mjestu svog prebivali\u0161ta za nacionalne politi\u010dke izbore, za ustavne referendume i refernedume o ponistavanju u skladu s \u010dlancima 75. i 138. Ustava i za izbore za Europski parlament. Glasanje\u00a0 u inostranstvu\u00a0 za nacionalne politi\u010dke izbore i referendume regulisano [&hellip;]","protected":false},"author":1,"featured_media":0,"parent":209,"menu_order":8,"comment_status":"closed","ping_status":"closed","template":"","meta":{"footnotes":""},"class_list":["post-201","page","type-page","status-publish","hentry"],"_links":{"self":[{"href":"https:\/\/ambsarajevo.esteri.it\/bs\/wp-json\/wp\/v2\/pages\/201","targetHints":{"allow":["GET"]}}],"collection":[{"href":"https:\/\/ambsarajevo.esteri.it\/bs\/wp-json\/wp\/v2\/pages"}],"about":[{"href":"https:\/\/ambsarajevo.esteri.it\/bs\/wp-json\/wp\/v2\/types\/page"}],"author":[{"embeddable":true,"href":"https:\/\/ambsarajevo.esteri.it\/bs\/wp-json\/wp\/v2\/users\/1"}],"replies":[{"embeddable":true,"href":"https:\/\/ambsarajevo.esteri.it\/bs\/wp-json\/wp\/v2\/comments?post=201"}],"version-history":[{"count":0,"href":"https:\/\/ambsarajevo.esteri.it\/bs\/wp-json\/wp\/v2\/pages\/201\/revisions"}],"up":[{"embeddable":true,"href":"https:\/\/ambsarajevo.esteri.it\/bs\/wp-json\/wp\/v2\/pages\/209"}],"wp:attachment":[{"href":"https:\/\/ambsarajevo.esteri.it\/bs\/wp-json\/wp\/v2\/media?parent=201"}],"curies":[{"name":"wp","href":"https:\/\/api.w.org\/{rel}","templated":true}]}}