{"id":197,"date":"2023-04-11T17:08:57","date_gmt":"2023-04-11T15:08:57","guid":{"rendered":"https:\/\/ambsarajevo.esteri.it\/servizi-consolari-e-visti\/"},"modified":"2025-07-02T10:39:51","modified_gmt":"2025-07-02T08:39:51","slug":"servizi-consolari-e-visti","status":"publish","type":"page","link":"https:\/\/ambsarajevo.esteri.it\/bs\/servizi-consolari-e-visti\/","title":{"rendered":"Konzularne usluge i vize"},"content":{"rendered":"<p style=\"text-align: justify;\">Konzularne usluge pru\u017eaju se prema na\u010delima jednakosti, nepristranosti, u\u010dinkovitosti i transparentnosti. Preporu\u010dujemo oprez i prijavljivanje ambasadi svih eventualnih posrednika koji nude pla\u0107ene usluge predstavljanja ili olak\u0161avanja konzularnih i viznih procedura.<\/p>\n<p style=\"text-align: justify;\">Konzulati osiguravaju za\u0161titu svim sunarodnjacima u slu\u010daju povrede njihovih temeljnih prava i ograni\u010denja ili oduzimanja njihove osobne slobode. Tako\u0111er pru\u017eaju hitnu pomo\u0107.<\/p>\n<p style=\"text-align: justify;\">Vi\u0161e informacija o uslugama koje pru\u017ea konzularni odjel Ambasade Italije u Sarajevu dostupno je u dvije podsekcije: &#8220;<a href=\"https:\/\/ambsarajevo.esteri.it\/bs\/servizi-consolari-e-visti\/servizi-per-il-cittadino-italiano\/\" target=\"_blank\" rel=\"noopener\">Usluge za italijanske dr\u017eavljane<\/a>&#8221; i &#8220;<a href=\"https:\/\/ambsarajevo.esteri.it\/bs\/servizi-consolari-e-visti\/servizi-per-il-cittadino-straniero\/\" target=\"_blank\" rel=\"noopener\">Usluge za strane dr\u017eavljane<\/a>&#8220;.<\/p>\n<p style=\"text-align: justify;\">Konzularni odjel Ambasade\u00a0 Italije u Sarajevu otvoren je za javnost svakog ponedjeljka, srijede i petka od 09.00 do 12.00 sati.<\/p>\n<p style=\"text-align: justify;\">Osoblje konzularnog odjela odgovara na sve zahtjeve za informacijama putem telefona svaki dan od 12 do 13 sati.<\/p>\n<p style=\"text-align: justify;\">Bili bismo zahvalni korisnicima ako bi koristili <a href=\"https:\/\/prenotami.esteri.it\/\">Prenot@mi<\/a> platformu da zatra\u017ee termin ili po\u0161alju e-mail na: <a href=\"mailto:cons.ambsara@esteri.it\">cons.ambsara@esteri.it<\/a> za konzularna pitanja i na <a href=\"mailto:visti.ambsarajevo@esteri.it\">visti.ambsarajevo@esteri.it<\/a> za informacije o vizama, i ako bi koristili portal <a href=\"https:\/\/serviziconsolari.esteri.it\/ScoFE\/index.sco\">FAST-IT<\/a> za sve usluge koje su na njemu dostupne.<\/p>\n","protected":false},"excerpt":{"rendered":"Konzularne usluge pru\u017eaju se prema na\u010delima jednakosti, nepristranosti, u\u010dinkovitosti i transparentnosti. Preporu\u010dujemo oprez i prijavljivanje ambasadi svih eventualnih posrednika koji nude pla\u0107ene usluge predstavljanja ili olak\u0161avanja konzularnih i viznih procedura. Konzulati osiguravaju za\u0161titu svim sunarodnjacima u slu\u010daju povrede njihovih temeljnih prava i ograni\u010denja ili oduzimanja njihove osobne slobode. Tako\u0111er pru\u017eaju hitnu pomo\u0107. Vi\u0161e informacija o [&hellip;]","protected":false},"author":1,"featured_media":0,"parent":0,"menu_order":6,"comment_status":"closed","ping_status":"closed","template":"","meta":{"footnotes":""},"class_list":["post-197","page","type-page","status-publish","hentry"],"_links":{"self":[{"href":"https:\/\/ambsarajevo.esteri.it\/bs\/wp-json\/wp\/v2\/pages\/197","targetHints":{"allow":["GET"]}}],"collection":[{"href":"https:\/\/ambsarajevo.esteri.it\/bs\/wp-json\/wp\/v2\/pages"}],"about":[{"href":"https:\/\/ambsarajevo.esteri.it\/bs\/wp-json\/wp\/v2\/types\/page"}],"author":[{"embeddable":true,"href":"https:\/\/ambsarajevo.esteri.it\/bs\/wp-json\/wp\/v2\/users\/1"}],"replies":[{"embeddable":true,"href":"https:\/\/ambsarajevo.esteri.it\/bs\/wp-json\/wp\/v2\/comments?post=197"}],"version-history":[{"count":5,"href":"https:\/\/ambsarajevo.esteri.it\/bs\/wp-json\/wp\/v2\/pages\/197\/revisions"}],"predecessor-version":[{"id":5001,"href":"https:\/\/ambsarajevo.esteri.it\/bs\/wp-json\/wp\/v2\/pages\/197\/revisions\/5001"}],"wp:attachment":[{"href":"https:\/\/ambsarajevo.esteri.it\/bs\/wp-json\/wp\/v2\/media?parent=197"}],"curies":[{"name":"wp","href":"https:\/\/api.w.org\/{rel}","templated":true}]}}