{"id":195,"date":"2023-04-11T18:11:52","date_gmt":"2023-04-11T16:11:52","guid":{"rendered":"https:\/\/ambsarajevo.esteri.it\/italia-e-bosnia-erzegovina\/cooperazione-allo-sviluppo\/"},"modified":"2024-10-17T15:29:18","modified_gmt":"2024-10-17T13:29:18","slug":"cooperazione-allo-sviluppo","status":"publish","type":"page","link":"https:\/\/ambsarajevo.esteri.it\/bs\/italia-e-bosnia-erzegovina\/cooperazione-allo-sviluppo\/","title":{"rendered":"Razvojna suradnja"},"content":{"rendered":"<p style=\"text-align: justify;\">Italijanska agencija za razvojnu saradnju (AICS) doprinosi odr\u017eivom razvoju Bosne i Hercegovine, ja\u010danju njenih upravlja\u010dkih kapaciteta i promoviranju unutra\u0161njeg pomirenja kroz strate\u0161ke intervencije u sektorima \u017eivotne sredine, odr\u017eivog turizma, poljoprivrede, ruralnog razvoja i kulture. Sjedi\u0161te AICS-a za zapadni Balkan, smje\u0161teno u Tirani, tako\u0111er je nadle\u017eno za Albaniju, Sjevernu Makedoniju, Srbiju i Kosovo, potvr\u0111uju\u0107i sve ve\u0107u posve\u0107enost Italije razvoju regiona i podr\u0161ku procesu pridru\u017eivanja Evropskoj uniji.<\/p>\n<p style=\"text-align: justify;\">U Bosni i Hercegovini, AICS je posve\u0107ena za\u0161titi prirodnih podru\u010dja, promoviranju odr\u017eivog upravljanja resursima i turizma. Sa projektima kao \u0161to su <strong>NaturBosnia<\/strong> i <strong>Via delle Cascate<\/strong>, AICS je unapre\u0111uje prirodno naslije\u0111e i stvara mogu\u0107nosti za zapo\u0161ljavanje, doprinose\u0107i na taj na\u010din pobolj\u0161anju uslova \u017eivota lokalnog stanovni\u0161tva. AICS, u partnerstvu sa UNDP-om, tako\u0111e podr\u017eava projekat <strong>Via Dinarica<\/strong>, mre\u017eu puteva koji presjecaju zapadni Balkan i povezuju kulturne i prirodne resurse, ponovo pokrenuv\u0161i odr\u017eivi turizam kao pokreta\u010da ekonomskog razvoja ruralnih zajednica.<\/p>\n<p style=\"text-align: justify;\">U sektoru kulture, AICS podr\u017eava projekat <strong>Ars Aevi<\/strong> koji uklju\u010duje izgradnju novog Muzeja savremene umjetnosti u Sarajevu. Ovaj muzej predstavlja simbol kulturnog preporoda i me\u0111unarodnog dijaloga, izlo\u017ebeni prostor za umjetni\u010dka djela koja odra\u017eavaju otpornost bosanskohercegova\u010dke prijestolnice. Inicijativa je podr\u017eana od povjereni\u010dkog fonda koji namjerava prikupiti sredstva za izgradnju i postavljanje. Nadalje, u saradnji sa UNESCO-om i British Council-om, AICS u\u010destvuje u projektu <strong>Kultura i kreativnost za Zapadni Balkan<\/strong>, inicijativi koju finansira EU i koja ima za cilj podr\u0161ku kulturnim i kreativnim industrijama u regionu, promicanju me\u0111ukulturalnog dijaloga i unapre\u0111enju kulturnog naslije\u0111a.<\/p>\n<p style=\"text-align: justify;\">U poljoprivrednom sektoru, AICS podr\u017eava tranziciju ka odr\u017eivoj poljoprivredno-prehrambenoj proizvodnji uskla\u0111enoj sa evropskim standardima, kroz projekte koji podr\u017eavaju <strong>tranziciju ka zdravoj i zelenoj poljoprivredno-prehrambenoj proizvodnji<\/strong> i koji imaju za cilj pobolj\u0161ati sposobnosti bosanskohercegova\u010dkih poljoprivrednika i proizvo\u0111a\u010da u usvajanju ekolo\u0161kih i odr\u017eivih praksi, promoviraju\u0107i ruralni razvoj i sigurnost hrane. Poseban fokus je rezervisan za za\u0161titu poljoprivrednog biodiverziteta, uz uvo\u0111enje inovacija koje uklju\u010duju mlade osobe i \u017eene, podr\u017eavaju\u0107i preduzetni\u0161tvo i socio-ekonomski rast ruralnih podru\u010dja. AICS tako\u0111e promovira lokalne politike u skladu sa evropskim direktivama, posebno za upravljanje <strong>poljoprivrednim podru\u010djima koja su podlo\u017ena prirodnim ograni\u010denjima<\/strong>, \u010dime se doprinosi pobolj\u0161anju uslova \u017eivota najugro\u017eenijih zajednica.<\/p>\n<p style=\"text-align: justify;\">Kona\u010dno, AICS podr\u017eava <strong>specijalizovane agencije Ujedinjenih nacija<\/strong>, posebno Me\u0111unarodnu organizaciju za migracije (IOM) u sektoru pripreme i odgovora na katastrofe, poma\u017eu\u0107i da se osigura otpornost zajednica i ubla\u017ee negativni uticaji katastrofa. Nadalje, preko Ureda Ujedinjenih nacija za droge i kriminal (UNODC), AICS podr\u017eava izgradnju kapaciteta i koordinaciju izme\u0111u pravosudnih organa i organa za provo\u0111enje zakona u Bosni i Hercegovini, s ciljem suprotstavljanja korupciji i organiziranom kriminalu.<\/p>\n<p style=\"text-align: justify;\">Pored aktivnosti AICS-a, italijanska vlada je mobilizirala dodatne resurse putem drugih kanala, kojima upravlja Ministarstvo vanjskih poslova i me\u0111unarodne saradnje (MAECI):<\/p>\n<p style=\"text-align: justify;\">\u2013 Fond za migracije je instrument MAECI (Generalne direkcije za migracionu politiku i Italijane u inostranstvu) koji ima za cilj podr\u0161ku partnerskim zemljama u upravljanju migracionim tokovima; u ovom kontekstu, saradnja sa IOM-om je od posebne va\u017enosti;<\/p>\n<p style=\"text-align: justify;\">\u2013 Fond Centralnoevropske inicijative (CEI) pri Evropskoj banci za obnovu i razvoj (EBRD) u potpunosti finansira Vlada Italije i koristi se za podr\u0161ku aktivnostima tehni\u010dke saradnje u okviru projekata EBRD-a i projektima razmjene znanja izme\u0111u zemalja EU i i zemalja koje nisu \u010dlanice EU a \u010dlanice su CEI-a, kroz Program razmjene <em>know-how<\/em> (KEP);<\/p>\n<p style=\"text-align: justify;\">\u2013 Konkurs Balkan, koji promovira i kojim upravlja Generalni direktorat za Evropu i me\u0111unarodnu trgovinsku politiku MAECI, podr\u017eava projekte, u kojima mogu u\u010destvovati i privatne organizacije (kao \u0161to su nevladine organizacije) i javne (kao \u0161to su me\u0111unarodne organizacije i Ujedinjene nacije), usmjerene na podr\u0161ku procesu evropskih integracija zemalja Zapadnog Balkana, njihovim procesima stabilizacije i pomirenja i promociji ljudskih prava.<\/p>\n<p style=\"text-align: justify;\">Na kraju, nekoliko italijanskih institucija uklju\u010deno je u projekte saradnje koje finansira EU u okviru Instrumenta za pretpristupnu pomo\u0107 (IPA). Posebno podsje\u0107amo na EU4FAST (EU podr\u0161ka za ja\u010danje borbe protiv krijum\u010darenja migranata i trgovine ljudima na zapadnom Balkanu) za saradnju policijskih snaga, u koje je uklju\u010deno italijansko Ministarstvo unutra\u0161njih poslova; i odre\u017eeni broj twinning projekata, u koje je nekoliko italijanskih inastitucija uklju\u010deno u projekte pomo\u0107i bosanskohercegova\u010dkim partnerima u razli\u010ditim sektorima (statistika, indirektno oporezivanje, digitalizacija javnih usluga, suzbijanje i sprje\u010davanje korupcije).<\/p>\n<p style=\"text-align: justify;\">\n<p style=\"text-align: justify;\">\n","protected":false},"excerpt":{"rendered":"Italijanska agencija za razvojnu saradnju (AICS) doprinosi odr\u017eivom razvoju Bosne i Hercegovine, ja\u010danju njenih upravlja\u010dkih kapaciteta i promoviranju unutra\u0161njeg pomirenja kroz strate\u0161ke intervencije u sektorima \u017eivotne sredine, odr\u017eivog turizma, poljoprivrede, ruralnog razvoja i kulture. Sjedi\u0161te AICS-a za zapadni Balkan, smje\u0161teno u Tirani, tako\u0111er je nadle\u017eno za Albaniju, Sjevernu Makedoniju, Srbiju i Kosovo, potvr\u0111uju\u0107i sve ve\u0107u [&hellip;]","protected":false},"author":1,"featured_media":0,"parent":153,"menu_order":6,"comment_status":"closed","ping_status":"closed","template":"","meta":{"footnotes":""},"class_list":["post-195","page","type-page","status-publish","hentry"],"_links":{"self":[{"href":"https:\/\/ambsarajevo.esteri.it\/bs\/wp-json\/wp\/v2\/pages\/195","targetHints":{"allow":["GET"]}}],"collection":[{"href":"https:\/\/ambsarajevo.esteri.it\/bs\/wp-json\/wp\/v2\/pages"}],"about":[{"href":"https:\/\/ambsarajevo.esteri.it\/bs\/wp-json\/wp\/v2\/types\/page"}],"author":[{"embeddable":true,"href":"https:\/\/ambsarajevo.esteri.it\/bs\/wp-json\/wp\/v2\/users\/1"}],"replies":[{"embeddable":true,"href":"https:\/\/ambsarajevo.esteri.it\/bs\/wp-json\/wp\/v2\/comments?post=195"}],"version-history":[{"count":2,"href":"https:\/\/ambsarajevo.esteri.it\/bs\/wp-json\/wp\/v2\/pages\/195\/revisions"}],"predecessor-version":[{"id":4678,"href":"https:\/\/ambsarajevo.esteri.it\/bs\/wp-json\/wp\/v2\/pages\/195\/revisions\/4678"}],"up":[{"embeddable":true,"href":"https:\/\/ambsarajevo.esteri.it\/bs\/wp-json\/wp\/v2\/pages\/153"}],"wp:attachment":[{"href":"https:\/\/ambsarajevo.esteri.it\/bs\/wp-json\/wp\/v2\/media?parent=195"}],"curies":[{"name":"wp","href":"https:\/\/api.w.org\/{rel}","templated":true}]}}