{"id":178,"date":"2023-04-11T18:10:55","date_gmt":"2023-04-11T16:10:55","guid":{"rendered":"https:\/\/ambsarajevo.esteri.it\/italia-e-bosnia-erzegovina\/diplomazia-scientifica\/"},"modified":"2024-10-17T15:36:20","modified_gmt":"2024-10-17T13:36:20","slug":"diplomazia-scientifica","status":"publish","type":"page","link":"https:\/\/ambsarajevo.esteri.it\/bs\/italia-e-bosnia-erzegovina\/diplomazia-scientifica\/","title":{"rendered":"Nau\u010dna diplomatija"},"content":{"rendered":"<p style=\"text-align: justify;\">Ministarstvo vanjskih poslova i me\u0111unarodne saradnje (MAECI) i Italijanska ambasada u Sarajevu podr\u017eavaju nau\u010dnu saradnju i razmjenu izme\u0111u studenata, nastavnika, istra\u017eiva\u010da i stru\u010dnjaka kroz <strong>izdavanja za akademske posjete<\/strong> i <strong>stipendije stranim studentima <\/strong>zainteresovanim za upis na italijanske univerzitete. Svake godine MAECI izdvaja sredstva za misije stranih istra\u017eiva\u010da, nastavnika, stru\u010dnjaka, kulturnih li\u010dnosti i kulturnih operatera u Italiji, kao i Italijana u inostranstvu. Ove mogu\u0107nosti se redovno ogla\u0161avaju na ovoj stranici i na dru\u0161tvenim mre\u017eama Ambasade.<\/p>\n<p style=\"text-align: justify;\">Italija tako\u0111er podsti\u010de sklapanje <strong>ugovora o nau\u010dnoj i akademskoj saradnji<\/strong> izme\u0111u univerzitetskih i istra\u017eiva\u010dkih institucija, poput onog koji je 2023. godine zaklju\u010den izme\u0111u <strong>Univerziteta u Sarajevu<\/strong> i italijanskog <strong>Instituta za zaga\u0111enje zraka Nacionalnog istra\u017eiva\u010dkog centra<\/strong> (IIA-CNR), koji me\u0111u svojim ciljevima posjeduje i pomo\u0107 pri mobilnosti profesora, istra\u017eiva\u010da i stru\u010dnjaka i izvo\u0111enje zajedni\u010dkih istra\u017eiva\u010dkih programa, kao i konferencija, simpozijuma, kongresa, seminara i kurseva o temama od zajedni\u010dkog nau\u010dnog interesa.<\/p>\n<p style=\"text-align: justify;\">Sporazum je sklopljen povodom <strong>Dan italijanskog istra\u017eivanja u svijetu<\/strong>. Ovu reviju pokrenuo je MAECI 2018. godine s ciljem pove\u0107anja doprinosa talijanskih istra\u017eiva\u010da nauci na me\u0111unarodnom nivou i promoviranja \u0161irenja rezultata njihovih istra\u017eivanja.<\/p>\n","protected":false},"excerpt":{"rendered":"Ministarstvo vanjskih poslova i me\u0111unarodne saradnje (MAECI) i Italijanska ambasada u Sarajevu podr\u017eavaju nau\u010dnu saradnju i razmjenu izme\u0111u studenata, nastavnika, istra\u017eiva\u010da i stru\u010dnjaka kroz izdavanja za akademske posjete i stipendije stranim studentima zainteresovanim za upis na italijanske univerzitete. Svake godine MAECI izdvaja sredstva za misije stranih istra\u017eiva\u010da, nastavnika, stru\u010dnjaka, kulturnih li\u010dnosti i kulturnih operatera u [&hellip;]","protected":false},"author":1,"featured_media":0,"parent":153,"menu_order":4,"comment_status":"closed","ping_status":"closed","template":"","meta":{"footnotes":""},"class_list":["post-178","page","type-page","status-publish","hentry"],"_links":{"self":[{"href":"https:\/\/ambsarajevo.esteri.it\/bs\/wp-json\/wp\/v2\/pages\/178","targetHints":{"allow":["GET"]}}],"collection":[{"href":"https:\/\/ambsarajevo.esteri.it\/bs\/wp-json\/wp\/v2\/pages"}],"about":[{"href":"https:\/\/ambsarajevo.esteri.it\/bs\/wp-json\/wp\/v2\/types\/page"}],"author":[{"embeddable":true,"href":"https:\/\/ambsarajevo.esteri.it\/bs\/wp-json\/wp\/v2\/users\/1"}],"replies":[{"embeddable":true,"href":"https:\/\/ambsarajevo.esteri.it\/bs\/wp-json\/wp\/v2\/comments?post=178"}],"version-history":[{"count":1,"href":"https:\/\/ambsarajevo.esteri.it\/bs\/wp-json\/wp\/v2\/pages\/178\/revisions"}],"predecessor-version":[{"id":4681,"href":"https:\/\/ambsarajevo.esteri.it\/bs\/wp-json\/wp\/v2\/pages\/178\/revisions\/4681"}],"up":[{"embeddable":true,"href":"https:\/\/ambsarajevo.esteri.it\/bs\/wp-json\/wp\/v2\/pages\/153"}],"wp:attachment":[{"href":"https:\/\/ambsarajevo.esteri.it\/bs\/wp-json\/wp\/v2\/media?parent=178"}],"curies":[{"name":"wp","href":"https:\/\/api.w.org\/{rel}","templated":true}]}}